{"id":1983,"date":"2021-08-09T15:59:56","date_gmt":"2021-08-09T08:59:56","guid":{"rendered":"https:\/\/imrovietnam.com\/?post_type=product&#038;p=1983"},"modified":"2021-09-05T15:46:02","modified_gmt":"2021-09-05T08:46:02","slug":"khan-lau-phong-sach","status":"publish","type":"product","link":"https:\/\/imrovietnam.com\/en\/product\/khan-lau-phong-sach\/","title":{"rendered":"Kh\u0103n lau ph\u00f2ng s\u1ea1ch wiper"},"content":{"rendered":"<strong>Kh\u0103n lau ph\u00f2ng s\u1ea1ch<\/strong><em>Kh\u0103n lau ph\u00f2ng s\u1ea1ch l\u00e0 v\u1eadt d\u1ee5ng kh\u00f4ng th\u1ec3 thi\u1ebfu v\u00e0 \u0111\u01b0\u1ee3c d\u00f9ng th\u01b0\u1eddng xuy\u00ean trong c\u00e1c l\u0129nh v\u1ef1c s\u1ea3n xu\u1ea5t linh ki\u1ec7n,\u00a0 ph\u00f2ng th\u00ed nghi\u1ec7m, y t\u1ebf do c\u00e1c y\u00eau c\u1ea7u v\u1ec1 an to\u00e0n ph\u00f2ng s\u1ea1ch<\/em><\/p>\n<h2><strong>Th\u00f4ng tin c\u01a1 b\u1ea3n kh\u0103n lau ph\u00f2ng s\u1ea1ch\u00a0<\/strong><\/h2>\n<p>Ch\u1ea5t l\u01b0\u1ee3ng: 55% cellulose, 45% polyester.<\/p>\n<p>K\u00edch th\u01b0\u1edbc:6&#8243; * 6&#8243;<\/p>\n<p>S\u1ea3n ph\u1ea9m \u0111\u01b0\u1ee3c \u0111\u00f3ng g\u00f3i : 300PCS\/t\u00fai<\/p>\n<p>M\u00e0u s\u1eafc: tr\u1eafng<\/p>\n<h2><img loading=\"lazy\" decoding=\"async\" class=\"alignnone\" src=\"https:\/\/megaline.com.vn\/upload\/images\/khan-lau-phong-sach-6060-min.jpg\" alt=\"kh\u0103n lau ph\u00f2ng s\u1ea1ch wiper\" width=\"800\" height=\"800\" \/><\/h2>\n<h2><strong>\u0110\u1eb7c \u0111i\u1ec3m n\u1ed5i b\u1eadt c\u1ee7a s\u1ea3n ph\u1ea9m<\/strong><\/h2>\n<ul>\n<li>Kh\u00f4ng b\u1ee5i, ch\u1ed1ng t\u0129nh \u0111i\u1ec7n ph\u00f9 h\u1ee3p s\u1eed d\u1ee5ng trong m\u00f4i tr\u01b0\u1eddng l\u00e0m vi\u1ec7c \u0111\u00f2i h\u1ecfi cao v\u1ec1 kh\u1ea3 n\u0103ng ch\u00f3ng t\u0129nh \u0111i\u1ec7n<\/li>\n<li>C\u00f3 kh\u1ea3 n\u0103ng th\u1ea5m n\u01b0\u1edbc v\u00e0 dung m\u00f4i t\u1ed1t<\/li>\n<li>Kh\u0103n cho kh\u1ea3 n\u0103ng s\u1eed d\u1ee5ng v\u00f4 c\u00f9ng m\u1ec1m m\u01b0\u1ee3t, kh\u00f4ng \u1ea3nh h\u01b0\u1edfng g\u00e2y tr\u1ea7y x\u01b0\u1edbc cho s\u1ea3n ph\u1ea9m<\/li>\n<\/ul>\n<p>Kh\u0103n ph\u00f9 h\u1ee3p v\u00e0 \u0111\u01b0\u1ee3c s\u1eed d\u1ee5ng nhi\u1ec1u trong m\u00f4i tr\u01b0\u1eddng l\u00e0m vi\u1ec7c c\u00f3 ti\u00eau chu\u1ea9n cao v\u1ec1 ph\u00f2ng s\u1ea1ch nh\u01b0<\/p>\n<ul>\n<li>Ng\u00e0nh y t\u1ebf, s\u1ea3n xu\u1ea5t thi\u1ebft b\u1ecb y t\u1ebf<\/li>\n<li>D\u00f9ng cho c\u00e1c ph\u00f2ng nghi\u00ean c\u1ee9u, c\u00e1c ph\u00f2ng ph\u00f2ng th\u00ed nghi\u1ec7m, s\u1ea3n xu\u1ea5t h\u00f3a ch\u1ea5t<\/li>\n<li>\u0110\u00e1p \u1ee9ng nhu c\u1ea7u c\u1ee7a ng\u00e0nh s\u1ea3n xu\u1ea5t v\u00e0 ch\u1ebf bi\u1ebfn thu\u1ed1c, m\u1ef9 ph\u1ea9m, th\u1ef1c ph\u1ea9m nh\u01b0ng n\u01a1i \u0111\u00f2i h\u1ecfi an to\u00e0n v\u1ec7 sinh cao<\/li>\n<li>Ng\u00e0nh s\u1ea3n xu\u1ea5t linh ki\u1ec7n \u0111i\u1ec7n t\u1eed<\/li>\n<\/ul>\n<p><em>Hi\u1ec7n nay, tr\u00ean th\u1ecb th\u01b0\u1eddng c\u00f3 r\u1ea5t nhi\u1ec1u c\u00e1c c\u00f4ng ty cung c\u1ea5p v\u00e0 ph\u00e2n ph\u1ed1i s\u1ea3n ph\u1ea9m ph\u00f2ng s\u1ea1ch, kh\u00e1ch h\u00e0ng \u0111ang kh\u00f4ng bi\u1ebft l\u1ef1a ch\u1ecdn c\u00f4ng ty n\u00e0o cho uy t\u00edn..H\u00e3y \u0111\u1ebfn ngay v\u1edbi ch\u00fang t\u00f4i, c\u00f4ng ty TNHH IMRO ch\u00fang t\u00f4i chuy\u00ean cung c\u1ea5p v\u00e0 ph\u00e2n ph\u1ed1i c\u00e1c s\u1ea3n ph\u1ea9m ph\u00f2ng s\u1ea1ch v\u1edbi gi\u00e1 c\u1ea3 v\u00e0 ch\u1ea5t l\u01b0\u1ee3ng tuy\u1ec7t v\u1eddi nh\u1ea5t.<\/em>","protected":false},"excerpt":{"rendered":"<p>\u2013 Ch\u1ea5t l\u01b0\u1ee3ng: 55% cellulose, 45% polyester.<\/p>\n<p><a rel=\"nofollow href=\">\u2013 K\u00edch th\u01b0\u1edbc: 6\u2033 * 6\u2033(inch)<\/a><\/p>\n<p><a rel=\"nofollow href=\">\u2013 \u0110\u00f3ng g\u00f3i s\u1ea3n ph\u1ea9m: 300pcs\/t\u00fai<\/a><\/p>\n<p><a rel=\"nofollow href=\">\u2013 M\u00e0u s\u1eafc: tr\u1eafng<\/a><\/p>\n","protected":false},"featured_media":1984,"comment_status":"open","ping_status":"closed","template":"","meta":[],"product_brand":[],"product_cat":[104],"product_tag":[314,313,307,117,312,315],"class_list":{"0":"post-1983","1":"product","2":"type-product","3":"status-publish","4":"has-post-thumbnail","6":"product_cat-thiet-bi-phong-sach","7":"product_tag-ban-dan","8":"product_tag-cleaning-room","9":"product_tag-dien-tu","10":"product_tag-khan-lau-phong-sach","11":"product_tag-wiper","12":"product_tag-y-te","14":"first","15":"instock","16":"featured","17":"shipping-taxable","18":"product-type-simple"},"yoast_head":"<!-- This site is optimized with the Yoast SEO Premium plugin v25.0 (Yoast SEO v25.2) - https:\/\/yoast.com\/wordpress\/plugins\/seo\/ -->\n<title>Kh\u0103n lau ph\u00f2ng s\u1ea1ch wiper - IMRO Vietnam<\/title>\n<meta name=\"robots\" content=\"index, follow, max-snippet:-1, max-image-preview:large, max-video-preview:-1\" \/>\n<link rel=\"canonical\" href=\"https:\/\/imrovietnam.com\/product\/khan-lau-phong-sach\/\" \/>\n<meta property=\"og:locale\" content=\"en_US\" \/>\n<meta property=\"og:type\" content=\"article\" \/>\n<meta property=\"og:title\" content=\"[:vi]Kh\u0103n lau ph\u00f2ng s\u1ea1ch[:en]Kh\u0103n lau ph\u00f2ng s\u1ea1ch wiper[:]\" \/>\n<meta property=\"og:description\" content=\"\u2013 Ch\u1ea5t l\u01b0\u1ee3ng: 55% cellulose, 45% polyester.  \u2013 K\u00edch th\u01b0\u1edbc: 6\u2033 * 6\u2033(inch)  \u2013 \u0110\u00f3ng g\u00f3i s\u1ea3n ph\u1ea9m: 300pcs\/t\u00fai  \u2013 M\u00e0u s\u1eafc: tr\u1eafng\" \/>\n<meta property=\"og:url\" content=\"https:\/\/imrovietnam.com\/product\/khan-lau-phong-sach\/\" \/>\n<meta property=\"og:site_name\" content=\"IMRO Vietnam\" \/>\n<meta property=\"article:modified_time\" content=\"2021-09-05T08:46:02+00:00\" \/>\n<meta property=\"og:image\" content=\"https:\/\/imrovietnam.com\/wp-content\/uploads\/2021\/08\/Khan-lau-phong-Sach.jpg\" \/>\n\t<meta property=\"og:image:width\" content=\"474\" \/>\n\t<meta property=\"og:image:height\" content=\"410\" \/>\n\t<meta property=\"og:image:type\" content=\"image\/jpeg\" \/>\n<meta name=\"twitter:card\" content=\"summary_large_image\" \/>\n<meta name=\"twitter:label1\" content=\"Est. reading time\" \/>\n\t<meta name=\"twitter:data1\" content=\"4 minutes\" \/>\n<script type=\"application\/ld+json\" class=\"yoast-schema-graph\">{\"@context\":\"https:\/\/schema.org\",\"@graph\":[{\"@type\":\"WebPage\",\"@id\":\"https:\/\/imrovietnam.com\/product\/khan-lau-phong-sach\/\",\"url\":\"https:\/\/imrovietnam.com\/product\/khan-lau-phong-sach\/\",\"name\":\"[:vi]Kh\u0103n lau ph\u00f2ng s\u1ea1ch[:en]Kh\u0103n lau ph\u00f2ng s\u1ea1ch wiper[:] - IMRO Vietnam\",\"isPartOf\":{\"@id\":\"https:\/\/imrovietnam.com\/en\/#website\"},\"primaryImageOfPage\":{\"@id\":\"https:\/\/imrovietnam.com\/product\/khan-lau-phong-sach\/#primaryimage\"},\"image\":{\"@id\":\"https:\/\/imrovietnam.com\/product\/khan-lau-phong-sach\/#primaryimage\"},\"thumbnailUrl\":\"https:\/\/imrovietnam.com\/wp-content\/uploads\/2021\/08\/Khan-lau-phong-Sach.jpg\",\"datePublished\":\"2021-08-09T08:59:56+00:00\",\"dateModified\":\"2021-09-05T08:46:02+00:00\",\"breadcrumb\":{\"@id\":\"https:\/\/imrovietnam.com\/product\/khan-lau-phong-sach\/#breadcrumb\"},\"inLanguage\":\"en-US\",\"potentialAction\":[{\"@type\":\"ReadAction\",\"target\":[\"https:\/\/imrovietnam.com\/product\/khan-lau-phong-sach\/\"]}]},{\"@type\":\"ImageObject\",\"inLanguage\":\"en-US\",\"@id\":\"https:\/\/imrovietnam.com\/product\/khan-lau-phong-sach\/#primaryimage\",\"url\":\"https:\/\/imrovietnam.com\/wp-content\/uploads\/2021\/08\/Khan-lau-phong-Sach.jpg\",\"contentUrl\":\"https:\/\/imrovietnam.com\/wp-content\/uploads\/2021\/08\/Khan-lau-phong-Sach.jpg\",\"width\":474,\"height\":410},{\"@type\":\"BreadcrumbList\",\"@id\":\"https:\/\/imrovietnam.com\/product\/khan-lau-phong-sach\/#breadcrumb\",\"itemListElement\":[{\"@type\":\"ListItem\",\"position\":1,\"name\":\"Home\",\"item\":\"https:\/\/imrovietnam.com\/en\/\"},{\"@type\":\"ListItem\",\"position\":2,\"name\":\"S\u1ea3n ph\u1ea9m\",\"item\":\"https:\/\/imrovietnam.com\/shop\/\"},{\"@type\":\"ListItem\",\"position\":3,\"name\":\"Kh\u0103n lau ph\u00f2ng s\u1ea1ch\"}]},{\"@type\":\"WebSite\",\"@id\":\"https:\/\/imrovietnam.com\/en\/#website\",\"url\":\"https:\/\/imrovietnam.com\/en\/\",\"name\":\"IMRO Vietnam\",\"description\":\"Your consumables and spare parts store\",\"potentialAction\":[{\"@type\":\"SearchAction\",\"target\":{\"@type\":\"EntryPoint\",\"urlTemplate\":\"https:\/\/imrovietnam.com\/en\/?s={search_term_string}\"},\"query-input\":{\"@type\":\"PropertyValueSpecification\",\"valueRequired\":true,\"valueName\":\"search_term_string\"}}],\"inLanguage\":\"en-US\"}]}<\/script>\n<!-- \/ Yoast SEO Premium plugin. -->","yoast_head_json":{"title":"[:vi]Kh\u0103n lau ph\u00f2ng s\u1ea1ch[:en]Kh\u0103n lau ph\u00f2ng s\u1ea1ch wiper[:] - IMRO Vietnam","robots":{"index":"index","follow":"follow","max-snippet":"max-snippet:-1","max-image-preview":"max-image-preview:large","max-video-preview":"max-video-preview:-1"},"canonical":"https:\/\/imrovietnam.com\/product\/khan-lau-phong-sach\/","og_locale":"en_US","og_type":"article","og_title":"[:vi]Kh\u0103n lau ph\u00f2ng s\u1ea1ch[:en]Kh\u0103n lau ph\u00f2ng s\u1ea1ch wiper[:]","og_description":"\u2013 Ch\u1ea5t l\u01b0\u1ee3ng: 55% cellulose, 45% polyester.  \u2013 K\u00edch th\u01b0\u1edbc: 6\u2033 * 6\u2033(inch)  \u2013 \u0110\u00f3ng g\u00f3i s\u1ea3n ph\u1ea9m: 300pcs\/t\u00fai  \u2013 M\u00e0u s\u1eafc: tr\u1eafng","og_url":"https:\/\/imrovietnam.com\/product\/khan-lau-phong-sach\/","og_site_name":"IMRO Vietnam","article_modified_time":"2021-09-05T08:46:02+00:00","og_image":[{"width":474,"height":410,"url":"https:\/\/imrovietnam.com\/wp-content\/uploads\/2021\/08\/Khan-lau-phong-Sach.jpg","type":"image\/jpeg"}],"twitter_card":"summary_large_image","twitter_misc":{"Est. reading time":"4 minutes"},"schema":{"@context":"https:\/\/schema.org","@graph":[{"@type":"WebPage","@id":"https:\/\/imrovietnam.com\/product\/khan-lau-phong-sach\/","url":"https:\/\/imrovietnam.com\/product\/khan-lau-phong-sach\/","name":"[:vi]Kh\u0103n lau ph\u00f2ng s\u1ea1ch[:en]Kh\u0103n lau ph\u00f2ng s\u1ea1ch wiper[:] - IMRO Vietnam","isPartOf":{"@id":"https:\/\/imrovietnam.com\/en\/#website"},"primaryImageOfPage":{"@id":"https:\/\/imrovietnam.com\/product\/khan-lau-phong-sach\/#primaryimage"},"image":{"@id":"https:\/\/imrovietnam.com\/product\/khan-lau-phong-sach\/#primaryimage"},"thumbnailUrl":"https:\/\/imrovietnam.com\/wp-content\/uploads\/2021\/08\/Khan-lau-phong-Sach.jpg","datePublished":"2021-08-09T08:59:56+00:00","dateModified":"2021-09-05T08:46:02+00:00","breadcrumb":{"@id":"https:\/\/imrovietnam.com\/product\/khan-lau-phong-sach\/#breadcrumb"},"inLanguage":"en-US","potentialAction":[{"@type":"ReadAction","target":["https:\/\/imrovietnam.com\/product\/khan-lau-phong-sach\/"]}]},{"@type":"ImageObject","inLanguage":"en-US","@id":"https:\/\/imrovietnam.com\/product\/khan-lau-phong-sach\/#primaryimage","url":"https:\/\/imrovietnam.com\/wp-content\/uploads\/2021\/08\/Khan-lau-phong-Sach.jpg","contentUrl":"https:\/\/imrovietnam.com\/wp-content\/uploads\/2021\/08\/Khan-lau-phong-Sach.jpg","width":474,"height":410},{"@type":"BreadcrumbList","@id":"https:\/\/imrovietnam.com\/product\/khan-lau-phong-sach\/#breadcrumb","itemListElement":[{"@type":"ListItem","position":1,"name":"Home","item":"https:\/\/imrovietnam.com\/en\/"},{"@type":"ListItem","position":2,"name":"S\u1ea3n ph\u1ea9m","item":"https:\/\/imrovietnam.com\/shop\/"},{"@type":"ListItem","position":3,"name":"Kh\u0103n lau ph\u00f2ng s\u1ea1ch"}]},{"@type":"WebSite","@id":"https:\/\/imrovietnam.com\/en\/#website","url":"https:\/\/imrovietnam.com\/en\/","name":"IMRO Vietnam","description":"Your consumables and spare parts store","potentialAction":[{"@type":"SearchAction","target":{"@type":"EntryPoint","urlTemplate":"https:\/\/imrovietnam.com\/en\/?s={search_term_string}"},"query-input":{"@type":"PropertyValueSpecification","valueRequired":true,"valueName":"search_term_string"}}],"inLanguage":"en-US"}]}},"_links":{"self":[{"href":"https:\/\/imrovietnam.com\/en\/wp-json\/wp\/v2\/product\/1983","targetHints":{"allow":["GET"]}}],"collection":[{"href":"https:\/\/imrovietnam.com\/en\/wp-json\/wp\/v2\/product"}],"about":[{"href":"https:\/\/imrovietnam.com\/en\/wp-json\/wp\/v2\/types\/product"}],"replies":[{"embeddable":true,"href":"https:\/\/imrovietnam.com\/en\/wp-json\/wp\/v2\/comments?post=1983"}],"wp:featuredmedia":[{"embeddable":true,"href":"https:\/\/imrovietnam.com\/en\/wp-json\/wp\/v2\/media\/1984"}],"wp:attachment":[{"href":"https:\/\/imrovietnam.com\/en\/wp-json\/wp\/v2\/media?parent=1983"}],"wp:term":[{"taxonomy":"product_brand","embeddable":true,"href":"https:\/\/imrovietnam.com\/en\/wp-json\/wp\/v2\/product_brand?post=1983"},{"taxonomy":"product_cat","embeddable":true,"href":"https:\/\/imrovietnam.com\/en\/wp-json\/wp\/v2\/product_cat?post=1983"},{"taxonomy":"product_tag","embeddable":true,"href":"https:\/\/imrovietnam.com\/en\/wp-json\/wp\/v2\/product_tag?post=1983"}],"curies":[{"name":"wp","href":"https:\/\/api.w.org\/{rel}","templated":true}]}}