{"id":1980,"date":"2021-08-09T15:53:19","date_gmt":"2021-08-09T08:53:19","guid":{"rendered":"https:\/\/imrovietnam.com\/?post_type=product&#038;p=1980"},"modified":"2021-09-08T15:00:04","modified_gmt":"2021-09-08T08:00:04","slug":"cuon-giay-lau-khuon-in-smt","status":"publish","type":"product","link":"https:\/\/imrovietnam.com\/en\/product\/cuon-giay-lau-khuon-in-smt\/","title":{"rendered":"Cu\u1ed9n gi\u1ea5y lau khu\u00f4n in SMT"},"content":{"rendered":"<h1 align=\"center\">Cu\u1ed9n gi\u1ea5y lau m\u00e1y SMT<\/h1>\n<p>S\u1ea3n ph\u1ea9m\u00a0<strong>c<\/strong><em><strong>u\u1ed9n gi\u1ea5y lau m\u00e1y SMT<\/strong><\/em>\u00a0\u00a0\u0111\u01b0\u1ee3c s\u1eed d\u1ee5ng trong c\u00f4ng nghi\u1ec7p ph\u00f2ng s\u1ea1ch v\u1edbi nhi\u1ec1u lo\u1ea1i m\u00e1y kh\u00e1c nhau: m\u00e1y DEK, SONNY, SAMSUNG,YAMAHA \u00a0nh\u1eb1m lo\u1ea1i b\u1ecf c\u00e1c v\u1ebft b\u1ea9n tr\u00ean m\u00e1y in.<\/p>\n<p>IMRO VN ph\u00e2n ph\u1ed1i <strong>gi\u1ea5y lau m\u00e1y smt<\/strong>,\u00a0<strong>cu\u1ed9n gi\u1ea5y lau m\u00e1y smt<\/strong>,\u00a0<strong>gi\u1ea5y lau khu\u00f4n in<\/strong>\u00a0v\u1edbi nhi\u1ec1u k\u00edch th\u01b0\u1edbc kh\u00e1c nhau, ch\u1ea5t li\u1ec7u gi\u1ea5y lau t\u1ed1t<\/p>\n<p><img loading=\"lazy\" decoding=\"async\" class=\"aligncenter\" src=\"https:\/\/megaline.com.vn\/upload\/images\/giay%20lau%20may%20SMT.jpg\" alt=\"Cu\u1ed9n gi\u1ea5y lau m\u00e1y SMT\" width=\"615\" height=\"461\" \/><\/p>\n<h2>Gi\u1ea5y lau khu\u00f4n in v\u1edbi c\u00e1c d\u00f2ng m\u00e1y<\/h2>\n<table border=\"1\" cellspacing=\"0\" cellpadding=\"0\">\n<tbody>\n<tr>\n<td><strong>T\u00ean m\u00e1y<\/strong><\/td>\n<td><strong>K\u00edch th\u01b0\u1edbc gi\u1ea5y<\/strong><\/td>\n<td><strong>\u0110\u01b0\u1eddng k\u00ednh l\u00f5i v\u00e0 k\u00edch th\u01b0\u1edbc l\u00f5i<\/strong><\/td>\n<\/tr>\n<tr>\n<td>MINAMI<\/td>\n<td>270mm*6m<\/td>\n<td>Plastic,\u03c68mm,290mm<\/td>\n<\/tr>\n<tr>\n<td rowspan=\"2\">EKRA<\/td>\n<td>300mm*7m<\/td>\n<td>Paper,\u03c613.5mm,400mm<\/td>\n<\/tr>\n<tr>\n<td>400mm*7m<\/td>\n<td>Paper,\u03c613.5mm,400mm<\/td>\n<\/tr>\n<tr>\n<td rowspan=\"3\">MPM<\/td>\n<td>250mm*10m<\/td>\n<td>Paper,\u03c619.5mm,455mm<\/td>\n<\/tr>\n<tr>\n<td>300mm*10m<\/td>\n<td>Paper,\u03c619.5mm,455mm<\/td>\n<\/tr>\n<tr>\n<td>450mm*10m<\/td>\n<td>Paper,\u03c619.5mm,455mm<\/td>\n<\/tr>\n<tr>\n<td rowspan=\"2\">Samsung<\/td>\n<td>400mm*10m<\/td>\n<td>Plastic,\u03c620mm,460mm<\/td>\n<\/tr>\n<tr>\n<td>400mm*10m<\/td>\n<td>Plastic,\u03c620mm,350mm<\/td>\n<\/tr>\n<tr>\n<td rowspan=\"2\">SONY<\/td>\n<td>260mm*20m<\/td>\n<td>Plastic,\u03c620mm,280mm<\/td>\n<\/tr>\n<tr>\n<td>260mm*17m<\/td>\n<td>Plastic,\u03c620mm,280mm<\/td>\n<\/tr>\n<tr>\n<td rowspan=\"3\">DEK<\/td>\n<td>400mm*9m<\/td>\n<td>Plastic,\u03c620mm,530mm<\/td>\n<\/tr>\n<tr>\n<td>490mm*9m<\/td>\n<td>Plastic,\u03c620mm,530mm<\/td>\n<\/tr>\n<tr>\n<td>510mm*10m<\/td>\n<td>Plastic,\u03c620mm,530mm<\/td>\n<\/tr>\n<\/tbody>\n<\/table>\n<h2>\u00b7\u00a0\u00a0\u00a0\u00a0\u00a0\u00a0\u00a0\u00a0\u00a0Chi ti\u1ebft\u00a0<em>Cu\u1ed9n gi\u1ea5y lau khu\u00f4n in<\/em><\/h2>\n<p>S\u1ea3n ph\u1ea9m cu\u1ed9n gi\u1ea5y lau m\u00e1y SMT\u00a0 (\u00a0gi\u1ea5y lau m\u00e1y\u00a0) \u0111\u01b0\u1ee3c chia l\u00e0m hai ph\u1ea7n:<\/p>\n<h4>\u00a01. Ph\u1ea7n l\u00f5i<\/h4>\n<p>&#8211; Cu\u1ed9n gi\u1ea5y lau m\u00e1y SMT<\/p>\n<p>&#8211; l\u00e0m b\u1eb1ng nh\u1ef1a, carton, core ph\u1ed5 bi\u1ebfn l\u00e0 19,5mm ho\u1eb7c 20mm<\/p>\n<h4>2. Ph\u1ea7n gi\u1ea5y<\/h4>\n<p>\u2013 Ph\u1ea7n gi\u1ea5y \u0111\u01b0\u1ee3c c\u1ea5u t\u1ea1o t\u1eeb 55% senlulo v\u00e0 45% polyeste tr\u1ecdng l\u01b0\u1ee3ng \u00a0ph\u1ed5 bi\u1ebfn 68mgs<\/p>\n<p>\u2013 K\u00edch th\u01b0\u1edbc: + Chi\u1ec1u d\u00e0i : 8m, 10m..<\/p>\n<p>+Chi\u1ec1u r\u1ed9ng\u00a0: 300mm, 360mm\u2026.<\/p>\n<p>IMRO VN l\u00e0 \u0111\u01a1n v\u1ecb chuy\u00ean cung c\u1ea5p c\u00e1c lo\u1ea1i <strong>cu\u1ed9n gi\u1ea5y lau khu\u00f4n in<\/strong>,\u00a0<em>cu\u1ed9n gi\u1ea5y lau m\u00e1y SMT<\/em>\u00a0kh\u00e1c nhau theo y\u00eau c\u1ea7u c\u1ee7a kh\u00e1c h\u00e0ng.<\/p>\n<p align=\"center\"><em><strong>B\u1ea0N C\u1ea6N MUA S\u1ea2N PH\u1ea8M \u201d GI\u1ea4Y LAU M\u00c1Y SMT \u201c<\/strong><\/em><\/p>\n<p align=\"center\"><em><strong>CH\u00daNG T\u00d4I S\u1ebc B\u00c1O GI\u00c1 R\u1eba NH\u1ea4T !<\/strong><\/em><\/p>\n","protected":false},"excerpt":{"rendered":"<ul>\n<li>Ch\u1ea5t li\u1ec7u gi\u1ea5y: 55% senlulo v\u00e0 45% polyeste<\/li>\n<li><a rel=\"nofollow href=\">M\u00e0u s\u1eafc: Tr\u1eafng<\/a><\/li>\n<li><a rel=\"nofollow href=\">T\u00ednh n\u0103ng: Lau m\u00e1y SMT<\/a><\/li>\n<li><a rel=\"nofollow href=\">K\u00edch th\u01b0\u1edbc: Nhi\u1ec1u lo\u1ea1i<\/a><\/li>\n<li><a rel=\"nofollow href=\">D\u00f2ng m\u00e1y: DEK, SONNY, SAMSUNG,YAMAHA, PANASONIC, ASM<\/a><\/li>\n<li><a rel=\"nofollow href=\">Th\u1eddi gian: T\u00f9y theo \u0111\u01a1n \u0111\u1eb7t h\u00e0ng<\/a><\/li>\n<\/ul>\n","protected":false},"featured_media":1981,"comment_status":"open","ping_status":"closed","template":"","meta":[],"product_brand":[],"product_cat":[43],"product_tag":[357,307,118,370,371,343,368,369,150,367,312],"class_list":{"0":"post-1980","1":"product","2":"type-product","3":"status-publish","4":"has-post-thumbnail","6":"product_cat-smt-consumable","7":"product_tag-bo-mach","8":"product_tag-dien-tu","9":"product_tag-giay-lau-smt","10":"product_tag-kem-han","11":"product_tag-khuon-in","12":"product_tag-linh-kien","13":"product_tag-paper","14":"product_tag-printer","15":"product_tag-solder-paste","16":"product_tag-stencil","17":"product_tag-wiper","19":"first","20":"instock","21":"featured","22":"shipping-taxable","23":"product-type-simple"},"yoast_head":"<!-- This site is optimized with the Yoast SEO Premium plugin v25.0 (Yoast SEO v25.2) - https:\/\/yoast.com\/wordpress\/plugins\/seo\/ -->\n<title>Cu\u1ed9n gi\u1ea5y lau khu\u00f4n in SMT - IMRO Vietnam<\/title>\n<meta name=\"robots\" content=\"index, follow, max-snippet:-1, max-image-preview:large, max-video-preview:-1\" \/>\n<link rel=\"canonical\" href=\"https:\/\/imrovietnam.com\/product\/cuon-giay-lau-khuon-in-smt\/\" \/>\n<meta property=\"og:locale\" content=\"en_US\" \/>\n<meta property=\"og:type\" content=\"article\" \/>\n<meta property=\"og:title\" content=\"Cu\u1ed9n gi\u1ea5y lau khu\u00f4n in SMT\" \/>\n<meta property=\"og:description\" content=\"[:vi]  Ch\u1ea5t li\u1ec7u gi\u1ea5y: 55% senlulo v\u00e0 45% polyeste  M\u00e0u s\u1eafc: Tr\u1eafng  T\u00ednh n\u0103ng: Lau m\u00e1y SMT  K\u00edch th\u01b0\u1edbc: Nhi\u1ec1u lo\u1ea1i  D\u00f2ng m\u00e1y: DEK, SONNY, SAMSUNG,YAMAHA, PANASONIC, ASM  Th\u1eddi gian: T\u00f9y theo \u0111\u01a1n \u0111\u1eb7t h\u00e0ng   [:en]  Ch\u1ea5t li\u1ec7u gi\u1ea5y: 55% senlulo v\u00e0 45% polyeste  M\u00e0u s\u1eafc: Tr\u1eafng  T\u00ednh n\u0103ng: Lau m\u00e1y SMT  K\u00edch th\u01b0\u1edbc: Nhi\u1ec1u lo\u1ea1i  D\u00f2ng m\u00e1y: DEK, SONNY, SAMSUNG,YAMAHA, PANASONIC, ASM  Th\u1eddi gian: T\u00f9y theo \u0111\u01a1n \u0111\u1eb7t h\u00e0ng [:]\" \/>\n<meta property=\"og:url\" content=\"https:\/\/imrovietnam.com\/product\/cuon-giay-lau-khuon-in-smt\/\" \/>\n<meta property=\"og:site_name\" content=\"IMRO Vietnam\" \/>\n<meta property=\"article:modified_time\" content=\"2021-09-08T08:00:04+00:00\" \/>\n<meta property=\"og:image\" content=\"https:\/\/imrovietnam.com\/wp-content\/uploads\/2021\/08\/Giay-lau-SMT.jpg\" \/>\n\t<meta property=\"og:image:width\" content=\"698\" \/>\n\t<meta property=\"og:image:height\" content=\"702\" \/>\n\t<meta property=\"og:image:type\" content=\"image\/jpeg\" \/>\n<meta name=\"twitter:card\" content=\"summary_large_image\" \/>\n<meta name=\"twitter:label1\" content=\"Est. reading time\" \/>\n\t<meta name=\"twitter:data1\" content=\"2 minutes\" \/>\n<script type=\"application\/ld+json\" class=\"yoast-schema-graph\">{\"@context\":\"https:\/\/schema.org\",\"@graph\":[{\"@type\":\"WebPage\",\"@id\":\"https:\/\/imrovietnam.com\/product\/cuon-giay-lau-khuon-in-smt\/\",\"url\":\"https:\/\/imrovietnam.com\/product\/cuon-giay-lau-khuon-in-smt\/\",\"name\":\"Cu\u1ed9n gi\u1ea5y lau khu\u00f4n in SMT - IMRO Vietnam\",\"isPartOf\":{\"@id\":\"https:\/\/imrovietnam.com\/en\/#website\"},\"primaryImageOfPage\":{\"@id\":\"https:\/\/imrovietnam.com\/product\/cuon-giay-lau-khuon-in-smt\/#primaryimage\"},\"image\":{\"@id\":\"https:\/\/imrovietnam.com\/product\/cuon-giay-lau-khuon-in-smt\/#primaryimage\"},\"thumbnailUrl\":\"https:\/\/imrovietnam.com\/wp-content\/uploads\/2021\/08\/Giay-lau-SMT.jpg\",\"datePublished\":\"2021-08-09T08:53:19+00:00\",\"dateModified\":\"2021-09-08T08:00:04+00:00\",\"breadcrumb\":{\"@id\":\"https:\/\/imrovietnam.com\/product\/cuon-giay-lau-khuon-in-smt\/#breadcrumb\"},\"inLanguage\":\"en-US\",\"potentialAction\":[{\"@type\":\"ReadAction\",\"target\":[\"https:\/\/imrovietnam.com\/product\/cuon-giay-lau-khuon-in-smt\/\"]}]},{\"@type\":\"ImageObject\",\"inLanguage\":\"en-US\",\"@id\":\"https:\/\/imrovietnam.com\/product\/cuon-giay-lau-khuon-in-smt\/#primaryimage\",\"url\":\"https:\/\/imrovietnam.com\/wp-content\/uploads\/2021\/08\/Giay-lau-SMT.jpg\",\"contentUrl\":\"https:\/\/imrovietnam.com\/wp-content\/uploads\/2021\/08\/Giay-lau-SMT.jpg\",\"width\":698,\"height\":702},{\"@type\":\"BreadcrumbList\",\"@id\":\"https:\/\/imrovietnam.com\/product\/cuon-giay-lau-khuon-in-smt\/#breadcrumb\",\"itemListElement\":[{\"@type\":\"ListItem\",\"position\":1,\"name\":\"Home\",\"item\":\"https:\/\/imrovietnam.com\/en\/\"},{\"@type\":\"ListItem\",\"position\":2,\"name\":\"S\u1ea3n ph\u1ea9m\",\"item\":\"https:\/\/imrovietnam.com\/shop\/\"},{\"@type\":\"ListItem\",\"position\":3,\"name\":\"Cu\u1ed9n gi\u1ea5y lau khu\u00f4n in SMT\"}]},{\"@type\":\"WebSite\",\"@id\":\"https:\/\/imrovietnam.com\/en\/#website\",\"url\":\"https:\/\/imrovietnam.com\/en\/\",\"name\":\"IMRO Vietnam\",\"description\":\"Your consumables and spare parts store\",\"potentialAction\":[{\"@type\":\"SearchAction\",\"target\":{\"@type\":\"EntryPoint\",\"urlTemplate\":\"https:\/\/imrovietnam.com\/en\/?s={search_term_string}\"},\"query-input\":{\"@type\":\"PropertyValueSpecification\",\"valueRequired\":true,\"valueName\":\"search_term_string\"}}],\"inLanguage\":\"en-US\"}]}<\/script>\n<!-- \/ Yoast SEO Premium plugin. -->","yoast_head_json":{"title":"Cu\u1ed9n gi\u1ea5y lau khu\u00f4n in SMT - IMRO Vietnam","robots":{"index":"index","follow":"follow","max-snippet":"max-snippet:-1","max-image-preview":"max-image-preview:large","max-video-preview":"max-video-preview:-1"},"canonical":"https:\/\/imrovietnam.com\/product\/cuon-giay-lau-khuon-in-smt\/","og_locale":"en_US","og_type":"article","og_title":"Cu\u1ed9n gi\u1ea5y lau khu\u00f4n in SMT","og_description":"[:vi]  Ch\u1ea5t li\u1ec7u gi\u1ea5y: 55% senlulo v\u00e0 45% polyeste  M\u00e0u s\u1eafc: Tr\u1eafng  T\u00ednh n\u0103ng: Lau m\u00e1y SMT  K\u00edch th\u01b0\u1edbc: Nhi\u1ec1u lo\u1ea1i  D\u00f2ng m\u00e1y: DEK, SONNY, SAMSUNG,YAMAHA, PANASONIC, ASM  Th\u1eddi gian: T\u00f9y theo \u0111\u01a1n \u0111\u1eb7t h\u00e0ng   [:en]  Ch\u1ea5t li\u1ec7u gi\u1ea5y: 55% senlulo v\u00e0 45% polyeste  M\u00e0u s\u1eafc: Tr\u1eafng  T\u00ednh n\u0103ng: Lau m\u00e1y SMT  K\u00edch th\u01b0\u1edbc: Nhi\u1ec1u lo\u1ea1i  D\u00f2ng m\u00e1y: DEK, SONNY, SAMSUNG,YAMAHA, PANASONIC, ASM  Th\u1eddi gian: T\u00f9y theo \u0111\u01a1n \u0111\u1eb7t h\u00e0ng [:]","og_url":"https:\/\/imrovietnam.com\/product\/cuon-giay-lau-khuon-in-smt\/","og_site_name":"IMRO Vietnam","article_modified_time":"2021-09-08T08:00:04+00:00","og_image":[{"width":698,"height":702,"url":"https:\/\/imrovietnam.com\/wp-content\/uploads\/2021\/08\/Giay-lau-SMT.jpg","type":"image\/jpeg"}],"twitter_card":"summary_large_image","twitter_misc":{"Est. reading time":"2 minutes"},"schema":{"@context":"https:\/\/schema.org","@graph":[{"@type":"WebPage","@id":"https:\/\/imrovietnam.com\/product\/cuon-giay-lau-khuon-in-smt\/","url":"https:\/\/imrovietnam.com\/product\/cuon-giay-lau-khuon-in-smt\/","name":"Cu\u1ed9n gi\u1ea5y lau khu\u00f4n in SMT - IMRO Vietnam","isPartOf":{"@id":"https:\/\/imrovietnam.com\/en\/#website"},"primaryImageOfPage":{"@id":"https:\/\/imrovietnam.com\/product\/cuon-giay-lau-khuon-in-smt\/#primaryimage"},"image":{"@id":"https:\/\/imrovietnam.com\/product\/cuon-giay-lau-khuon-in-smt\/#primaryimage"},"thumbnailUrl":"https:\/\/imrovietnam.com\/wp-content\/uploads\/2021\/08\/Giay-lau-SMT.jpg","datePublished":"2021-08-09T08:53:19+00:00","dateModified":"2021-09-08T08:00:04+00:00","breadcrumb":{"@id":"https:\/\/imrovietnam.com\/product\/cuon-giay-lau-khuon-in-smt\/#breadcrumb"},"inLanguage":"en-US","potentialAction":[{"@type":"ReadAction","target":["https:\/\/imrovietnam.com\/product\/cuon-giay-lau-khuon-in-smt\/"]}]},{"@type":"ImageObject","inLanguage":"en-US","@id":"https:\/\/imrovietnam.com\/product\/cuon-giay-lau-khuon-in-smt\/#primaryimage","url":"https:\/\/imrovietnam.com\/wp-content\/uploads\/2021\/08\/Giay-lau-SMT.jpg","contentUrl":"https:\/\/imrovietnam.com\/wp-content\/uploads\/2021\/08\/Giay-lau-SMT.jpg","width":698,"height":702},{"@type":"BreadcrumbList","@id":"https:\/\/imrovietnam.com\/product\/cuon-giay-lau-khuon-in-smt\/#breadcrumb","itemListElement":[{"@type":"ListItem","position":1,"name":"Home","item":"https:\/\/imrovietnam.com\/en\/"},{"@type":"ListItem","position":2,"name":"S\u1ea3n ph\u1ea9m","item":"https:\/\/imrovietnam.com\/shop\/"},{"@type":"ListItem","position":3,"name":"Cu\u1ed9n gi\u1ea5y lau khu\u00f4n in SMT"}]},{"@type":"WebSite","@id":"https:\/\/imrovietnam.com\/en\/#website","url":"https:\/\/imrovietnam.com\/en\/","name":"IMRO Vietnam","description":"Your consumables and spare parts store","potentialAction":[{"@type":"SearchAction","target":{"@type":"EntryPoint","urlTemplate":"https:\/\/imrovietnam.com\/en\/?s={search_term_string}"},"query-input":{"@type":"PropertyValueSpecification","valueRequired":true,"valueName":"search_term_string"}}],"inLanguage":"en-US"}]}},"_links":{"self":[{"href":"https:\/\/imrovietnam.com\/en\/wp-json\/wp\/v2\/product\/1980","targetHints":{"allow":["GET"]}}],"collection":[{"href":"https:\/\/imrovietnam.com\/en\/wp-json\/wp\/v2\/product"}],"about":[{"href":"https:\/\/imrovietnam.com\/en\/wp-json\/wp\/v2\/types\/product"}],"replies":[{"embeddable":true,"href":"https:\/\/imrovietnam.com\/en\/wp-json\/wp\/v2\/comments?post=1980"}],"wp:featuredmedia":[{"embeddable":true,"href":"https:\/\/imrovietnam.com\/en\/wp-json\/wp\/v2\/media\/1981"}],"wp:attachment":[{"href":"https:\/\/imrovietnam.com\/en\/wp-json\/wp\/v2\/media?parent=1980"}],"wp:term":[{"taxonomy":"product_brand","embeddable":true,"href":"https:\/\/imrovietnam.com\/en\/wp-json\/wp\/v2\/product_brand?post=1980"},{"taxonomy":"product_cat","embeddable":true,"href":"https:\/\/imrovietnam.com\/en\/wp-json\/wp\/v2\/product_cat?post=1980"},{"taxonomy":"product_tag","embeddable":true,"href":"https:\/\/imrovietnam.com\/en\/wp-json\/wp\/v2\/product_tag?post=1980"}],"curies":[{"name":"wp","href":"https:\/\/api.w.org\/{rel}","templated":true}]}}