{"id":1977,"date":"2021-08-09T15:45:43","date_gmt":"2021-08-09T08:45:43","guid":{"rendered":"https:\/\/imrovietnam.com\/?post_type=product&#038;p=1977"},"modified":"2021-08-23T22:13:04","modified_gmt":"2021-08-23T15:13:04","slug":"gang-tay-pu-phu-long-phu-ngon","status":"publish","type":"product","link":"https:\/\/imrovietnam.com\/en\/product\/gang-tay-pu-phu-long-phu-ngon\/","title":{"rendered":"G\u0103ng tay PU ph\u1ee7 l\u00f2ng, ph\u1ee7 ng\u00f3n"},"content":{"rendered":"<p>G\u0103ng tay ph\u1ee7 PU gi\u00e1 r\u1ebb l\u00e0 m\u1ed9t lo\u1ea1i g\u0103ng tay b\u1ea3o h\u1ed9 lao \u0111\u1ed9ng. G\u0103ng tay bao b\u1ecdc to\u00e0n b\u1ed9 b\u00e0n tay ho\u1eb7c \u0111\u01b0\u1ee3c \u0111eo v\u00e0o nhi\u1ec1u hay m\u1ed9t ng\u00f3n tay. G\u0103ng tay ph\u1ee7 PU bao ph\u1ee7 h\u1ebft c\u00e1c ng\u00f3n tay v\u00e0 ng\u00f3n c\u00e1i nh\u01b0 c\u00e1c lo\u1ea1i bao tay th\u00f4ng th\u01b0\u1eddng. Nh\u01b0ng kh\u00e1c g\u0103ng tay th\u01b0\u1eddng \u1edf ch\u1ed7 s\u1ea3n ph\u1ea9m n\u00e0y \u0111\u01b0\u1ee3c ph\u1ee7 th\u00eam m\u1ed9t l\u1edbp nh\u1ef1a PU. L\u1edbp PU c\u00e1c \u0111\u1ea7u ng\u00f3n tay ho\u1eb7c \u1edf l\u00f2ng b\u00e0n tay, c\u00f3 \u0111\u1ed9 g\u1ed3 th\u00edch h\u1ee3p, m\u1ec1m m\u1ea1i khi c\u1ea7m. Gi\u00fap t\u1ea1o \u0111\u1ed9 b\u00e1m t\u1ed1t v\u00e0 l\u00e0m t\u0103ng s\u1ee9c c\u0103ng b\u1ec1 m\u1eb7t gi\u00fap c\u1ea7m n\u1eafm v\u1eadt d\u1ec5 d\u00e0ng h\u01a1n.<\/p>\n<p>\u0110i\u1ec1u n\u00e0y gi\u00fap cho n\u00f3 c\u00f3 \u0111\u1ed9 nh\u1ea1y c\u1ea3m t\u1ed1t khi l\u00e0m vi\u1ec7c v\u00e0 l\u00e0 m\u1ed9t s\u1ef1 l\u1ef1a ch\u1ecdn ho\u00e0n h\u1ea3o. D\u00e0nh cho nh\u1eefng ng\u01b0\u1eddi l\u00e0m vi\u1ec7c v\u1edbi thi\u1ebft b\u1ecb \u0111i\u1ec7n t\u1eed c\u1ea7n c\u00e1ch \u0111i\u1ec7n, c\u00f3 ma s\u00e1t. Ho\u1eb7c trong c\u00e1c ph\u00f2ng s\u1ea1ch \u0111\u00f2i h\u1ecfi \u0111\u1ed9 ch\u00ednh x\u00e1c cao.<a href=\"https:\/\/cache.baohoxanh.com\/blog\/wp-content\/uploads\/2019\/08\/gang-tay-phu-pu-gia-re-1-1.jpg\"><img loading=\"lazy\" decoding=\"async\" class=\" wp-image-46296 aligncenter\" src=\"https:\/\/cache.baohoxanh.com\/blog\/wp-content\/uploads\/2019\/08\/gang-tay-phu-pu-gia-re-1-1-300x261.jpg\" sizes=\"auto, (max-width: 400px) 100vw, 400px\" srcset=\"https:\/\/cache.baohoxanh.com\/blog\/wp-content\/uploads\/2019\/08\/gang-tay-phu-pu-gia-re-1-1-300x261.jpg 300w, https:\/\/cache.baohoxanh.com\/blog\/wp-content\/uploads\/2019\/08\/gang-tay-phu-pu-gia-re-1-1.jpg 474w\" alt=\"g\u0103ng tay ph\u1ee7 pu gi\u00e1 r\u1ebb\" width=\"400\" height=\"349\" \/><\/a><\/p>\n<p>&nbsp;<\/p>\n<h2>C\u00e1c lo\u1ea1i\u00a0g\u0103ng tay ph\u1ee7 PU<\/h2>\n<ul>\n<li>G\u0103ng tay ph\u1ee7 PU \u0111\u1ea7u ng\u00f3n<\/li>\n<\/ul>\n<p>G\u0103ng tay c\u00f3 ph\u1ee7 PU \u0111\u1ea7u ng\u00f3n \u0111\u01b0\u1ee3c l\u00e0m b\u1eb1ng ch\u1ea5t li\u1ec7u v\u1ea3i v\u00e0 PU. G\u0103ng tay \u0111\u01b0\u1ee3c ph\u1ee7 m\u1ed9t l\u1edbp nh\u1ef1a PU \u1edf v\u1ecb tr\u00ed c\u00e1c \u0111\u1ea7u ng\u00f3n tay ch\u1eafc ch\u1eafn. Gi\u00fap c\u1ea7m n\u1eafm c\u00e1c v\u1eadt , linh ki\u1ec7n nh\u1ecf. Lo\u1ea1i g\u0103ng tay n\u00e0y c\u00f3 \u0111\u1eb7c \u0111i\u1ec3m l\u00e0 co d\u00e3n t\u1ed1t, \u00f4m s\u00e1t, c\u00f3 chi\u1ec1u d\u00e0i ph\u1ee7 qua m\u1eaft c\u00e1 tay. Gi\u00fap b\u1ea3o v\u1ec7 to\u00e0n b\u1ed9 ph\u1ea7n b\u00e0n tay v\u00e0 v\u00f9ng c\u1ed5 tay. D\u00e0nh cho c\u00f4ng vi\u1ec7c s\u1eed d\u1ee5ng c\u00e1c ng\u00f3n tay ti\u1ebfp x\u00fac v\u00e0 c\u1ea7m n\u1eafm v\u1eadt.<\/p>\n<p>G\u0103ng tay ph\u1ee7 c\u00f3 PU \u0111\u1ea7u ng\u00f3n \u0111\u01b0\u1ee3c thi\u1ebft k\u1ebf \u0111\u1ec3 b\u1ea3o v\u1ec7 ng\u00f3n tay ng\u01b0\u1eddi s\u1eed d\u1ee5ng. L\u1edbp nh\u1ef1a PU ph\u1ee7 ng\u00f3n gi\u00fap ng\u01b0\u1eddi lao \u0111\u1ed9ng c\u1ea7m n\u1eafm \u0111\u1ed3 v\u1eadt ch\u1eafc ch\u1eafn h\u01a1n.\u00a0 Nh\u1edd l\u1edbp PU \u1edf \u0111\u1ea7u ng\u00f3n tay gi\u00fap t\u0103ng \u0111\u1ed9 ma s\u00e1t \u0111\u1ec3 c\u00f3 \u0111\u1ed9 b\u00e1m t\u1ed1t h\u01a1n.<a href=\"https:\/\/cache.baohoxanh.com\/blog\/wp-content\/uploads\/2019\/08\/gang-tay-phu-pu-gia-re-1.jpg\"><img loading=\"lazy\" decoding=\"async\" class=\"size-medium wp-image-46295 aligncenter\" src=\"https:\/\/cache.baohoxanh.com\/blog\/wp-content\/uploads\/2019\/08\/gang-tay-phu-pu-gia-re-1-300x300.jpg\" sizes=\"auto, (max-width: 300px) 100vw, 300px\" srcset=\"https:\/\/cache.baohoxanh.com\/blog\/wp-content\/uploads\/2019\/08\/gang-tay-phu-pu-gia-re-1-300x300.jpg 300w, https:\/\/cache.baohoxanh.com\/blog\/wp-content\/uploads\/2019\/08\/gang-tay-phu-pu-gia-re-1-150x150.jpg 150w, https:\/\/cache.baohoxanh.com\/blog\/wp-content\/uploads\/2019\/08\/gang-tay-phu-pu-gia-re-1.jpg 512w\" alt=\"g\u0103ng tay ph\u1ee7 pu gi\u00e1 r\u1ebb\" width=\"300\" height=\"300\" \/><\/a><\/p>\n<ul>\n<li>G\u0103ng tay ph\u1ee7 PU l\u00f2ng b\u00e0n tay<\/li>\n<\/ul>\n<p>G\u0103ng tay c\u00f3 ph\u1ee7 PU l\u00f2ng b\u00e0n tay l\u00e0 lo\u1ea1i g\u0103ng tay \u0111\u01b0\u1ee3c l\u00e0m b\u1eb1ng ch\u1ea5t li\u1ec7u v\u1ea3i v\u00e0 PU.L\u1edbp PU \u0111\u01b0\u1ee3c ph\u1ee7 \u1edf v\u1ecb tr\u00ed l\u00f2ng b\u00e0n tay r\u1ed9ng, d\u1ec5 cho c\u1ea7m n\u1eafm \u0111\u1ed3 v\u1eadt. K\u1ec3 c\u1ea3 c\u00e1c v\u1eadt l\u1edbn nh\u1ecf, tr\u01a1n nh\u1eb5n c\u1ea7n \u0111\u1ed9 ma s\u00e1t \u0111\u1ec3 gi\u1eef ch\u1eb7t.<\/p>\n<p>G\u0103ng tay ph\u1ee7 PU l\u00f2ng b\u00e0n tay \u0111\u01b0\u1ee3c s\u1eed d\u1ee5ng trong m\u00f4i tr\u01b0\u1eddng ph\u00f2ng s\u1ea1ch c\u1ee7a c\u00e1c nh\u00e0 m\u00e1y s\u1ea3n xu\u1ea5t b\u00e1n d\u1eabn, m\u00e1y t\u00ednh, c\u00e1c linh ki\u1ec7n \u0111i\u1ec7n t\u1eed, c\u00e1c ph\u00f2ng th\u00ed nghi\u1ec7m h\u00f3a h\u1ecdc\u2026,ng\u0103n ch\u1eb7n s\u1ef1 ti\u1ebfp x\u00fac tr\u1ef1c ti\u1ebfp v\u1edbi d\u1ea7u, m\u1ee1, h\u00f3a ch\u1ea5t\u2026\u00a0 L\u1edbp\u00a0 PU v\u1ec7 sinh d\u1ec5 d\u00e0ng, ng\u0103n th\u1ea5m n\u01b0\u1edbc, ng\u0103n v\u1ebft b\u1ea9n hay vi khu\u1ea9n t\u00edch t\u1ee5.<\/p>\n<p><a href=\"https:\/\/cache.baohoxanh.com\/blog\/wp-content\/uploads\/2019\/08\/gang-tay-phu-PU-gia-re.jpg\"><img loading=\"lazy\" decoding=\"async\" class=\" wp-image-36266 aligncenter\" src=\"https:\/\/cache.baohoxanh.com\/blog\/wp-content\/uploads\/2019\/08\/gang-tay-phu-PU-gia-re-300x221.jpg\" sizes=\"auto, (max-width: 365px) 100vw, 365px\" srcset=\"https:\/\/cache.baohoxanh.com\/blog\/wp-content\/uploads\/2019\/08\/gang-tay-phu-PU-gia-re-300x221.jpg 300w, https:\/\/cache.baohoxanh.com\/blog\/wp-content\/uploads\/2019\/08\/gang-tay-phu-PU-gia-re-1024x753.jpg 1024w, https:\/\/cache.baohoxanh.com\/blog\/wp-content\/uploads\/2019\/08\/gang-tay-phu-PU-gia-re-768x565.jpg 768w, https:\/\/cache.baohoxanh.com\/blog\/wp-content\/uploads\/2019\/08\/gang-tay-phu-PU-gia-re.jpg 1147w\" alt=\"g\u0103ng tay ph\u1ee7 pu gi\u00e1 r\u1ebb\" width=\"365\" height=\"269\" \/><\/a><\/p>\n<h2>Mua\u00a0g\u0103ng tay b\u1ea3o h\u1ed9\u00a0\u1edf \u0111\u00e2u th\u00ec ch\u1ea5t l\u01b0\u1ee3ng, gi\u00e1 r\u1ebb?<\/h2>\n<p>C\u00f4ng ty IMRO Vietnam ch\u00fang t\u00f4i \u0111\u1ea3m b\u1ea3o cung c\u1ea5p cho c\u00e1c b\u1ea1n nh\u1eefng \u0111\u00f4i g\u0103ng tay c\u00f3 ch\u1ea5t l\u01b0\u1ee3ng t\u1ed1t nh\u1ea5t. Gi\u00e1 th\u00e0nh r\u1ebb nh\u1ea5t tr\u00ean th\u1ecb tr\u01b0\u1eddng. Ngo\u00e0i ra, ch\u00fang t\u00f4i c\u00f2n c\u00f3 ch\u00ednh s\u00e1ch giao h\u00e0ng t\u1eadn n\u01a1i cho b\u1ea1n tr\u00ean kh\u1eafp m\u1ecdi mi\u1ec1n t\u1ed5 qu\u1ed1c. B\u1ea1n s\u1ebd nh\u1eadn \u0111\u01b0\u1ee3c chi\u1ebft kh\u1ea5u cao khi mua v\u1edbi s\u1ed1 l\u01b0\u1ee3ng l\u1edbn. N\u1ebfu c\u00f3 th\u1eafc m\u1eafc h\u00e3y li\u00ean h\u1ec7 v\u1edbi ch\u00fang t\u00f4i \u0111\u1ec3 t\u01b0 v\u1ea5n r\u00f5 h\u01a1n.<\/p>\n","protected":false},"excerpt":{"rendered":"<p>G\u0103ng tay ph\u1ee7 PU gi\u00e1 r\u1ebb l\u00e0 m\u1ed9t lo\u1ea1i g\u0103ng tay b\u1ea3o h\u1ed9 lao \u0111\u1ed9ng. G\u0103ng tay bao b\u1ecdc to\u00e0n b\u1ed9 b\u00e0n tay ho\u1eb7c \u0111\u01b0\u1ee3c \u0111eo v\u00e0o nhi\u1ec1u hay m\u1ed9t ng\u00f3n tay. G\u0103ng tay ph\u1ee7 PU bao ph\u1ee7 h\u1ebft c\u00e1c ng\u00f3n tay v\u00e0 ng\u00f3n c\u00e1i nh\u01b0 c\u00e1c lo\u1ea1i bao tay th\u00f4ng th\u01b0\u1eddng. Nh\u01b0ng kh\u00e1c g\u0103ng [&#8230;]\n","protected":false},"featured_media":1978,"comment_status":"open","ping_status":"closed","template":"","meta":[],"product_brand":[],"product_cat":[104],"product_tag":[119,191,192],"class_list":{"0":"post-1977","1":"product","2":"type-product","3":"status-publish","4":"has-post-thumbnail","6":"product_cat-thiet-bi-phong-sach","7":"product_tag-gang-tay-pu","8":"product_tag-gang-tay-pu-phu-long","9":"product_tag-phu-ngon","11":"first","12":"instock","13":"featured","14":"shipping-taxable","15":"product-type-simple"},"yoast_head":"<!-- This site is optimized with the Yoast SEO Premium plugin v25.0 (Yoast SEO v25.2) - https:\/\/yoast.com\/wordpress\/plugins\/seo\/ -->\n<title>G\u0103ng tay PU ph\u1ee7 l\u00f2ng, ph\u1ee7 ng\u00f3n - IMRO Vietnam<\/title>\n<meta name=\"robots\" content=\"index, follow, max-snippet:-1, max-image-preview:large, max-video-preview:-1\" \/>\n<link rel=\"canonical\" href=\"https:\/\/imrovietnam.com\/product\/gang-tay-pu-phu-long-phu-ngon\/\" \/>\n<meta property=\"og:locale\" content=\"en_US\" \/>\n<meta property=\"og:type\" content=\"article\" \/>\n<meta property=\"og:title\" content=\"G\u0103ng tay PU ph\u1ee7 l\u00f2ng, ph\u1ee7 ng\u00f3n\" \/>\n<meta property=\"og:description\" content=\"G\u0103ng tay ph\u1ee7 PU gi\u00e1 r\u1ebb l\u00e0 m\u1ed9t lo\u1ea1i g\u0103ng tay b\u1ea3o h\u1ed9 lao \u0111\u1ed9ng. G\u0103ng tay bao b\u1ecdc to\u00e0n b\u1ed9 b\u00e0n tay ho\u1eb7c \u0111\u01b0\u1ee3c \u0111eo v\u00e0o nhi\u1ec1u hay m\u1ed9t ng\u00f3n tay. G\u0103ng tay ph\u1ee7 PU bao ph\u1ee7 h\u1ebft c\u00e1c ng\u00f3n tay v\u00e0 ng\u00f3n c\u00e1i nh\u01b0 c\u00e1c lo\u1ea1i bao tay th\u00f4ng th\u01b0\u1eddng. Nh\u01b0ng kh\u00e1c g\u0103ng [...]\" \/>\n<meta property=\"og:url\" content=\"https:\/\/imrovietnam.com\/product\/gang-tay-pu-phu-long-phu-ngon\/\" \/>\n<meta property=\"og:site_name\" content=\"IMRO Vietnam\" \/>\n<meta property=\"article:modified_time\" content=\"2021-08-23T15:13:04+00:00\" \/>\n<meta property=\"og:image\" content=\"https:\/\/imrovietnam.com\/wp-content\/uploads\/2021\/08\/gang-tay-PU.jpg\" \/>\n\t<meta property=\"og:image:width\" content=\"516\" \/>\n\t<meta property=\"og:image:height\" content=\"401\" \/>\n\t<meta property=\"og:image:type\" content=\"image\/jpeg\" \/>\n<meta name=\"twitter:card\" content=\"summary_large_image\" \/>\n<meta name=\"twitter:label1\" content=\"Est. reading time\" \/>\n\t<meta name=\"twitter:data1\" content=\"4 minutes\" \/>\n<script type=\"application\/ld+json\" class=\"yoast-schema-graph\">{\"@context\":\"https:\/\/schema.org\",\"@graph\":[{\"@type\":\"WebPage\",\"@id\":\"https:\/\/imrovietnam.com\/product\/gang-tay-pu-phu-long-phu-ngon\/\",\"url\":\"https:\/\/imrovietnam.com\/product\/gang-tay-pu-phu-long-phu-ngon\/\",\"name\":\"G\u0103ng tay PU ph\u1ee7 l\u00f2ng, ph\u1ee7 ng\u00f3n - IMRO Vietnam\",\"isPartOf\":{\"@id\":\"https:\/\/imrovietnam.com\/en\/#website\"},\"primaryImageOfPage\":{\"@id\":\"https:\/\/imrovietnam.com\/product\/gang-tay-pu-phu-long-phu-ngon\/#primaryimage\"},\"image\":{\"@id\":\"https:\/\/imrovietnam.com\/product\/gang-tay-pu-phu-long-phu-ngon\/#primaryimage\"},\"thumbnailUrl\":\"https:\/\/imrovietnam.com\/wp-content\/uploads\/2021\/08\/gang-tay-PU.jpg\",\"datePublished\":\"2021-08-09T08:45:43+00:00\",\"dateModified\":\"2021-08-23T15:13:04+00:00\",\"breadcrumb\":{\"@id\":\"https:\/\/imrovietnam.com\/product\/gang-tay-pu-phu-long-phu-ngon\/#breadcrumb\"},\"inLanguage\":\"en-US\",\"potentialAction\":[{\"@type\":\"ReadAction\",\"target\":[\"https:\/\/imrovietnam.com\/product\/gang-tay-pu-phu-long-phu-ngon\/\"]}]},{\"@type\":\"ImageObject\",\"inLanguage\":\"en-US\",\"@id\":\"https:\/\/imrovietnam.com\/product\/gang-tay-pu-phu-long-phu-ngon\/#primaryimage\",\"url\":\"https:\/\/imrovietnam.com\/wp-content\/uploads\/2021\/08\/gang-tay-PU.jpg\",\"contentUrl\":\"https:\/\/imrovietnam.com\/wp-content\/uploads\/2021\/08\/gang-tay-PU.jpg\",\"width\":516,\"height\":401},{\"@type\":\"BreadcrumbList\",\"@id\":\"https:\/\/imrovietnam.com\/product\/gang-tay-pu-phu-long-phu-ngon\/#breadcrumb\",\"itemListElement\":[{\"@type\":\"ListItem\",\"position\":1,\"name\":\"Home\",\"item\":\"https:\/\/imrovietnam.com\/en\/\"},{\"@type\":\"ListItem\",\"position\":2,\"name\":\"S\u1ea3n ph\u1ea9m\",\"item\":\"https:\/\/imrovietnam.com\/shop\/\"},{\"@type\":\"ListItem\",\"position\":3,\"name\":\"G\u0103ng tay PU ph\u1ee7 l\u00f2ng, ph\u1ee7 ng\u00f3n\"}]},{\"@type\":\"WebSite\",\"@id\":\"https:\/\/imrovietnam.com\/en\/#website\",\"url\":\"https:\/\/imrovietnam.com\/en\/\",\"name\":\"IMRO Vietnam\",\"description\":\"Your consumables and spare parts store\",\"potentialAction\":[{\"@type\":\"SearchAction\",\"target\":{\"@type\":\"EntryPoint\",\"urlTemplate\":\"https:\/\/imrovietnam.com\/en\/?s={search_term_string}\"},\"query-input\":{\"@type\":\"PropertyValueSpecification\",\"valueRequired\":true,\"valueName\":\"search_term_string\"}}],\"inLanguage\":\"en-US\"}]}<\/script>\n<!-- \/ Yoast SEO Premium plugin. -->","yoast_head_json":{"title":"G\u0103ng tay PU ph\u1ee7 l\u00f2ng, ph\u1ee7 ng\u00f3n - IMRO Vietnam","robots":{"index":"index","follow":"follow","max-snippet":"max-snippet:-1","max-image-preview":"max-image-preview:large","max-video-preview":"max-video-preview:-1"},"canonical":"https:\/\/imrovietnam.com\/product\/gang-tay-pu-phu-long-phu-ngon\/","og_locale":"en_US","og_type":"article","og_title":"G\u0103ng tay PU ph\u1ee7 l\u00f2ng, ph\u1ee7 ng\u00f3n","og_description":"G\u0103ng tay ph\u1ee7 PU gi\u00e1 r\u1ebb l\u00e0 m\u1ed9t lo\u1ea1i g\u0103ng tay b\u1ea3o h\u1ed9 lao \u0111\u1ed9ng. G\u0103ng tay bao b\u1ecdc to\u00e0n b\u1ed9 b\u00e0n tay ho\u1eb7c \u0111\u01b0\u1ee3c \u0111eo v\u00e0o nhi\u1ec1u hay m\u1ed9t ng\u00f3n tay. G\u0103ng tay ph\u1ee7 PU bao ph\u1ee7 h\u1ebft c\u00e1c ng\u00f3n tay v\u00e0 ng\u00f3n c\u00e1i nh\u01b0 c\u00e1c lo\u1ea1i bao tay th\u00f4ng th\u01b0\u1eddng. Nh\u01b0ng kh\u00e1c g\u0103ng [...]","og_url":"https:\/\/imrovietnam.com\/product\/gang-tay-pu-phu-long-phu-ngon\/","og_site_name":"IMRO Vietnam","article_modified_time":"2021-08-23T15:13:04+00:00","og_image":[{"width":516,"height":401,"url":"https:\/\/imrovietnam.com\/wp-content\/uploads\/2021\/08\/gang-tay-PU.jpg","type":"image\/jpeg"}],"twitter_card":"summary_large_image","twitter_misc":{"Est. reading time":"4 minutes"},"schema":{"@context":"https:\/\/schema.org","@graph":[{"@type":"WebPage","@id":"https:\/\/imrovietnam.com\/product\/gang-tay-pu-phu-long-phu-ngon\/","url":"https:\/\/imrovietnam.com\/product\/gang-tay-pu-phu-long-phu-ngon\/","name":"G\u0103ng tay PU ph\u1ee7 l\u00f2ng, ph\u1ee7 ng\u00f3n - IMRO Vietnam","isPartOf":{"@id":"https:\/\/imrovietnam.com\/en\/#website"},"primaryImageOfPage":{"@id":"https:\/\/imrovietnam.com\/product\/gang-tay-pu-phu-long-phu-ngon\/#primaryimage"},"image":{"@id":"https:\/\/imrovietnam.com\/product\/gang-tay-pu-phu-long-phu-ngon\/#primaryimage"},"thumbnailUrl":"https:\/\/imrovietnam.com\/wp-content\/uploads\/2021\/08\/gang-tay-PU.jpg","datePublished":"2021-08-09T08:45:43+00:00","dateModified":"2021-08-23T15:13:04+00:00","breadcrumb":{"@id":"https:\/\/imrovietnam.com\/product\/gang-tay-pu-phu-long-phu-ngon\/#breadcrumb"},"inLanguage":"en-US","potentialAction":[{"@type":"ReadAction","target":["https:\/\/imrovietnam.com\/product\/gang-tay-pu-phu-long-phu-ngon\/"]}]},{"@type":"ImageObject","inLanguage":"en-US","@id":"https:\/\/imrovietnam.com\/product\/gang-tay-pu-phu-long-phu-ngon\/#primaryimage","url":"https:\/\/imrovietnam.com\/wp-content\/uploads\/2021\/08\/gang-tay-PU.jpg","contentUrl":"https:\/\/imrovietnam.com\/wp-content\/uploads\/2021\/08\/gang-tay-PU.jpg","width":516,"height":401},{"@type":"BreadcrumbList","@id":"https:\/\/imrovietnam.com\/product\/gang-tay-pu-phu-long-phu-ngon\/#breadcrumb","itemListElement":[{"@type":"ListItem","position":1,"name":"Home","item":"https:\/\/imrovietnam.com\/en\/"},{"@type":"ListItem","position":2,"name":"S\u1ea3n ph\u1ea9m","item":"https:\/\/imrovietnam.com\/shop\/"},{"@type":"ListItem","position":3,"name":"G\u0103ng tay PU ph\u1ee7 l\u00f2ng, ph\u1ee7 ng\u00f3n"}]},{"@type":"WebSite","@id":"https:\/\/imrovietnam.com\/en\/#website","url":"https:\/\/imrovietnam.com\/en\/","name":"IMRO Vietnam","description":"Your consumables and spare parts store","potentialAction":[{"@type":"SearchAction","target":{"@type":"EntryPoint","urlTemplate":"https:\/\/imrovietnam.com\/en\/?s={search_term_string}"},"query-input":{"@type":"PropertyValueSpecification","valueRequired":true,"valueName":"search_term_string"}}],"inLanguage":"en-US"}]}},"_links":{"self":[{"href":"https:\/\/imrovietnam.com\/en\/wp-json\/wp\/v2\/product\/1977","targetHints":{"allow":["GET"]}}],"collection":[{"href":"https:\/\/imrovietnam.com\/en\/wp-json\/wp\/v2\/product"}],"about":[{"href":"https:\/\/imrovietnam.com\/en\/wp-json\/wp\/v2\/types\/product"}],"replies":[{"embeddable":true,"href":"https:\/\/imrovietnam.com\/en\/wp-json\/wp\/v2\/comments?post=1977"}],"wp:featuredmedia":[{"embeddable":true,"href":"https:\/\/imrovietnam.com\/en\/wp-json\/wp\/v2\/media\/1978"}],"wp:attachment":[{"href":"https:\/\/imrovietnam.com\/en\/wp-json\/wp\/v2\/media?parent=1977"}],"wp:term":[{"taxonomy":"product_brand","embeddable":true,"href":"https:\/\/imrovietnam.com\/en\/wp-json\/wp\/v2\/product_brand?post=1977"},{"taxonomy":"product_cat","embeddable":true,"href":"https:\/\/imrovietnam.com\/en\/wp-json\/wp\/v2\/product_cat?post=1977"},{"taxonomy":"product_tag","embeddable":true,"href":"https:\/\/imrovietnam.com\/en\/wp-json\/wp\/v2\/product_tag?post=1977"}],"curies":[{"name":"wp","href":"https:\/\/api.w.org\/{rel}","templated":true}]}}