{"id":1974,"date":"2021-08-09T15:40:04","date_gmt":"2021-08-09T08:40:04","guid":{"rendered":"https:\/\/imrovietnam.com\/?post_type=product&#038;p=1974"},"modified":"2021-09-05T15:57:13","modified_gmt":"2021-09-05T08:57:13","slug":"gang-tay-phu-pu-chong-tinh-dien","status":"publish","type":"product","link":"https:\/\/imrovietnam.com\/en\/product\/gang-tay-phu-pu-chong-tinh-dien\/","title":{"rendered":"G\u0103ng tay ph\u1ee7 PU ch\u1ed1ng t\u0129nh \u0111i\u1ec7n"},"content":{"rendered":"<p>G\u0103ng tay ph\u1ee7 PU ch\u1ed1ng t\u0129nh \u0111i\u1ec7n<\/p>\n<p><strong>G\u0103ng tay ch\u1ed1ng t\u0129nh \u0111i\u1ec7n Carbon ph\u1ee7 PU Ng\u00f3n<\/strong>Hi\u1ec7n nay an to\u00e0n lao \u0111\u1ed9ng \u0111\u01b0\u1ee3c n\u00e2ng cao r\u1ea5t nhi\u1ec1u. Trong ng\u00e0nh c\u00f4ng nghi\u1ec7p \u1edf kh\u00e2u s\u1ea3n xu\u1ea5t thi\u1ebft b\u1ecb \u0111i\u1ec7n t\u1eed, vi m\u1ea1ch\u2026 lu\u00f4n c\u00f3 s\u1ef1 giao ti\u1ebfp gi\u1eefa b\u00e0n tay con ng\u01b0\u1eddi v\u00e0 thi\u1ebft b\u1ecb. V\u00ec v\u1eady s\u1ea3n ph\u1ea9m\u00a0<strong>G\u0103ng tay ch\u1ed1ng t\u0129nh \u0111i\u1ec7n\u00a0<\/strong>hay c\u00f2n g\u1ecdi l\u00e0\u00a0<strong>ESD Gloves<\/strong>\u00a0, l\u00e0 s\u1ea3n ph\u1ea9m t\u1ed1i c\u1ea7n thi\u1ebft trong c\u00f4ng nghi\u1ec7p \u0111i\u1ec7n t\u1eed\u2026.<img loading=\"lazy\" decoding=\"async\" class=\"aligncenter wp-image-1975 size-full\" style=\"color: #333333;\" src=\"https:\/\/imrovietnam.com\/wp-content\/uploads\/2021\/08\/gang-pu-chong-tinh-dien.jpg\" alt=\"G\u0103ng tay ph\u1ee7 PU ch\u1ed1ng t\u0129nh \u0111i\u1ec7n\" width=\"649\" height=\"577\" srcset=\"https:\/\/imrovietnam.com\/wp-content\/uploads\/2021\/08\/gang-pu-chong-tinh-dien.jpg 649w, https:\/\/imrovietnam.com\/wp-content\/uploads\/2021\/08\/gang-pu-chong-tinh-dien-450x400.jpg 450w, https:\/\/imrovietnam.com\/wp-content\/uploads\/2021\/08\/gang-pu-chong-tinh-dien-510x453.jpg 510w\" sizes=\"auto, (max-width: 649px) 100vw, 649px\" \/><\/p>\n<p><em>G\u0103ng tay ph\u1ee7 PU ch\u1ed1ng t\u0129nh \u0111i\u1ec7n \u0111\u1ea7u ng\u00f3n<\/em><\/p>\n<p><strong>\u00a0Th\u00f4ng tin G\u0103ng tay ch\u1ed1ng t\u0129nh \u0111i\u1ec7n ph\u1ee7 PU Ng\u00f3n<\/strong><\/p>\n<p>&#8211;\u00a0<strong>S\u1ea3n ph\u1ea9m<\/strong>\u00a0:\u00a0 g\u0103ng tay ch\u1ed1ng t\u0129nh \u0111i\u1ec7n<\/p>\n<p>&#8211;\u00a0<strong>Ch\u1ea5t li\u1ec7u<\/strong>\u00a0: 100% Polyester c\u00f3 pha s\u1ee3i carbon\u00a0ch\u1ed1ng t\u0129nh \u0111i\u1ec7n.<\/p>\n<p>&#8211;\u00a0<strong>C\u1ea5u t\u1ea1o<\/strong>\u00a0: nh\u1eb9\u00a0 v\u00e0 \u0111\u1ed9 b\u1ec1n cao.<\/p>\n<p>&#8211;\u00a0<strong>Kho\u1ea3ng c\u00e1ch s\u1ee3i carbon<\/strong>\u00a0: 1 mm.<\/p>\n<p>&#8211;\u00a0<strong>Ch\u1ed1ng t\u0129nh \u0111i\u1ec7n<\/strong>\u00a0: \u00a010<sup>6\u00a0<\/sup>&#8211; 10<sup>9\u00a0<\/sup>\u2126<\/p>\n<p>&#8211;\u00a0<strong>C\u1ee1<\/strong>\u00a0: S, M, L\u2026<\/p>\n<p>&#8211;\u00a0<strong>\u1ee8ng d\u1ee5ng<\/strong>\u00a0: \u0110\u01b0\u1ee3c s\u1eed d\u1ee5ng r\u1ed9ng r\u00e3i trong khu c\u00f4ng nghi\u1ec7p v\u00e0 m\u00f4i tr\u01b0\u1eddng s\u1ea3n xu\u1ea5t thi\u1ebft b\u1ecb \u0111i\u1ec7n t\u1eed\u2026<\/p>\n<p>Hi\u1ec7n nay tr\u00ean th\u1ecb tr\u01b0\u1eddng \u0111ang b\u00e1n r\u1ea5t nhi\u1ec1u lo\u1ea1i\u00a0<strong>g\u0103ng tay ch\u1ed1ng t\u0129nh \u0111i\u1ec7n<\/strong>\u00a0ch\u1ea5t l\u01b0\u1ee3ng k\u00e9m, khi s\u1eed d\u1ee5ng s\u1ebd b\u1ecb \u1ea3nh h\u01b0\u1edfng v\u00e0 g\u00e2y kh\u00f3 ch\u1ecbu cho tay ng\u01b0\u1eddi s\u1eed d\u1ee5ng. C\u00f4ng ty ch\u00fang t\u00f4i khuy\u1ebfn cao c\u00e1c \u0111\u01a1n v\u1ecb mua s\u1ea3n ph\u1ea9m \u0111\u00fang ch\u1ee7ng lo\u1ea1i ch\u1ea5t l\u01b0\u1ee3ng v\u00e0\u00a0<strong>\u0111\u1ed9 ch\u1ed1ng t\u0129nh \u0111i\u1ec7n<\/strong>\u00a0theo y\u00eau c\u1ea7u, \u0111\u1ec3 \u0111\u1ea3m b\u1ea3o \u0111\u01b0\u1ee3c \u0111\u1ed9 an to\u00e0n cao cho c\u00f4ng nh\u00e2n trong ho\u1ea1t \u0111\u1ed9ng s\u1ea3n xu\u1ea5t c\u1ee7a doanh nghi\u1ec7p<\/p>\n","protected":false},"excerpt":{"rendered":"<ul>\n<li>Ch\u1ea5t li\u1ec7u: 100% Polyester c\u00f3 pha s\u1ee3i carbon<\/li>\n<li>M\u00e0u s\u1eafc : Tr\u1eafng PU ng\u00f3n<\/li>\n<li>Size: S,M,L<\/li>\n<li>Lo\u1ea1i: Ph\u1ee7 PU \u0111\u1ea7u ng\u00f3n tay<\/li>\n<li>T\u00ednh n\u0103ng : Ch\u1ed1ng t\u0129nh \u0111i\u1ec7n<\/li>\n<li>\u0110\u00f3ng g\u00f3i: 500 \u0110\u00f4i \/ th\u00f9ng<\/li>\n<\/ul>\n","protected":false},"featured_media":1975,"comment_status":"open","ping_status":"closed","template":"","meta":[],"product_brand":[],"product_cat":[104],"product_tag":[120,193],"class_list":{"0":"post-1974","1":"product","2":"type-product","3":"status-publish","4":"has-post-thumbnail","6":"product_cat-thiet-bi-phong-sach","7":"product_tag-gang-tay-esd-chong-tinh-dien","8":"product_tag-gang-tay-phu-pu-chong-tinh-dien","10":"first","11":"instock","12":"shipping-taxable","13":"product-type-simple"},"yoast_head":"<!-- This site is optimized with the Yoast SEO Premium plugin v25.0 (Yoast SEO v25.2) - https:\/\/yoast.com\/wordpress\/plugins\/seo\/ -->\n<title>G\u0103ng tay ph\u1ee7 PU ch\u1ed1ng t\u0129nh \u0111i\u1ec7n - IMRO Vietnam<\/title>\n<meta name=\"robots\" content=\"index, follow, max-snippet:-1, max-image-preview:large, max-video-preview:-1\" \/>\n<link rel=\"canonical\" href=\"https:\/\/imrovietnam.com\/en\/product\/gang-tay-phu-pu-chong-tinh-dien\/\" \/>\n<meta property=\"og:locale\" content=\"en_US\" \/>\n<meta property=\"og:type\" content=\"article\" \/>\n<meta property=\"og:title\" content=\"G\u0103ng tay ph\u1ee7 PU ch\u1ed1ng t\u0129nh \u0111i\u1ec7n\" \/>\n<meta property=\"og:description\" content=\"Ch\u1ea5t li\u1ec7u: 100% Polyester c\u00f3 pha s\u1ee3i carbon  M\u00e0u s\u1eafc : Tr\u1eafng PU ng\u00f3n  Size: S,M,L  Lo\u1ea1i: Ph\u1ee7 PU \u0111\u1ea7u ng\u00f3n tay  T\u00ednh n\u0103ng : Ch\u1ed1ng t\u0129nh \u0111i\u1ec7n  \u0110\u00f3ng g\u00f3i: 500 \u0110\u00f4i \/ th\u00f9ng\" \/>\n<meta property=\"og:url\" content=\"https:\/\/imrovietnam.com\/en\/product\/gang-tay-phu-pu-chong-tinh-dien\/\" \/>\n<meta property=\"og:site_name\" content=\"IMRO Vietnam\" \/>\n<meta property=\"article:modified_time\" content=\"2021-09-05T08:57:13+00:00\" \/>\n<meta property=\"og:image\" content=\"https:\/\/imrovietnam.com\/wp-content\/uploads\/2021\/08\/gang-pu-chong-tinh-dien.jpg\" \/>\n\t<meta property=\"og:image:width\" content=\"649\" \/>\n\t<meta property=\"og:image:height\" content=\"577\" \/>\n\t<meta property=\"og:image:type\" content=\"image\/jpeg\" \/>\n<meta name=\"twitter:card\" content=\"summary_large_image\" \/>\n<meta name=\"twitter:label1\" content=\"Est. reading time\" \/>\n\t<meta name=\"twitter:data1\" content=\"2 minutes\" \/>\n<script type=\"application\/ld+json\" class=\"yoast-schema-graph\">{\"@context\":\"https:\/\/schema.org\",\"@graph\":[{\"@type\":\"WebPage\",\"@id\":\"https:\/\/imrovietnam.com\/en\/product\/gang-tay-phu-pu-chong-tinh-dien\/\",\"url\":\"https:\/\/imrovietnam.com\/en\/product\/gang-tay-phu-pu-chong-tinh-dien\/\",\"name\":\"G\u0103ng tay ph\u1ee7 PU ch\u1ed1ng t\u0129nh \u0111i\u1ec7n - IMRO Vietnam\",\"isPartOf\":{\"@id\":\"https:\/\/imrovietnam.com\/#website\"},\"primaryImageOfPage\":{\"@id\":\"https:\/\/imrovietnam.com\/en\/product\/gang-tay-phu-pu-chong-tinh-dien\/#primaryimage\"},\"image\":{\"@id\":\"https:\/\/imrovietnam.com\/en\/product\/gang-tay-phu-pu-chong-tinh-dien\/#primaryimage\"},\"thumbnailUrl\":\"https:\/\/imrovietnam.com\/wp-content\/uploads\/2021\/08\/gang-pu-chong-tinh-dien.jpg\",\"datePublished\":\"2021-08-09T08:40:04+00:00\",\"dateModified\":\"2021-09-05T08:57:13+00:00\",\"breadcrumb\":{\"@id\":\"https:\/\/imrovietnam.com\/en\/product\/gang-tay-phu-pu-chong-tinh-dien\/#breadcrumb\"},\"inLanguage\":\"en-US\",\"potentialAction\":[{\"@type\":\"ReadAction\",\"target\":[\"https:\/\/imrovietnam.com\/en\/product\/gang-tay-phu-pu-chong-tinh-dien\/\"]}]},{\"@type\":\"ImageObject\",\"inLanguage\":\"en-US\",\"@id\":\"https:\/\/imrovietnam.com\/en\/product\/gang-tay-phu-pu-chong-tinh-dien\/#primaryimage\",\"url\":\"https:\/\/imrovietnam.com\/wp-content\/uploads\/2021\/08\/gang-pu-chong-tinh-dien.jpg\",\"contentUrl\":\"https:\/\/imrovietnam.com\/wp-content\/uploads\/2021\/08\/gang-pu-chong-tinh-dien.jpg\",\"width\":649,\"height\":577},{\"@type\":\"BreadcrumbList\",\"@id\":\"https:\/\/imrovietnam.com\/en\/product\/gang-tay-phu-pu-chong-tinh-dien\/#breadcrumb\",\"itemListElement\":[{\"@type\":\"ListItem\",\"position\":1,\"name\":\"Home\",\"item\":\"https:\/\/imrovietnam.com\/\"},{\"@type\":\"ListItem\",\"position\":2,\"name\":\"S\u1ea3n ph\u1ea9m\",\"item\":\"https:\/\/imrovietnam.com\/shop\/\"},{\"@type\":\"ListItem\",\"position\":3,\"name\":\"G\u0103ng tay ph\u1ee7 PU ch\u1ed1ng t\u0129nh \u0111i\u1ec7n\"}]},{\"@type\":\"WebSite\",\"@id\":\"https:\/\/imrovietnam.com\/#website\",\"url\":\"https:\/\/imrovietnam.com\/\",\"name\":\"IMRO Vietnam\",\"description\":\"Your consumables and spare parts store\",\"potentialAction\":[{\"@type\":\"SearchAction\",\"target\":{\"@type\":\"EntryPoint\",\"urlTemplate\":\"https:\/\/imrovietnam.com\/?s={search_term_string}\"},\"query-input\":{\"@type\":\"PropertyValueSpecification\",\"valueRequired\":true,\"valueName\":\"search_term_string\"}}],\"inLanguage\":\"en-US\"}]}<\/script>\n<!-- \/ Yoast SEO Premium plugin. -->","yoast_head_json":{"title":"G\u0103ng tay ph\u1ee7 PU ch\u1ed1ng t\u0129nh \u0111i\u1ec7n - IMRO Vietnam","robots":{"index":"index","follow":"follow","max-snippet":"max-snippet:-1","max-image-preview":"max-image-preview:large","max-video-preview":"max-video-preview:-1"},"canonical":"https:\/\/imrovietnam.com\/en\/product\/gang-tay-phu-pu-chong-tinh-dien\/","og_locale":"en_US","og_type":"article","og_title":"G\u0103ng tay ph\u1ee7 PU ch\u1ed1ng t\u0129nh \u0111i\u1ec7n","og_description":"Ch\u1ea5t li\u1ec7u: 100% Polyester c\u00f3 pha s\u1ee3i carbon  M\u00e0u s\u1eafc : Tr\u1eafng PU ng\u00f3n  Size: S,M,L  Lo\u1ea1i: Ph\u1ee7 PU \u0111\u1ea7u ng\u00f3n tay  T\u00ednh n\u0103ng : Ch\u1ed1ng t\u0129nh \u0111i\u1ec7n  \u0110\u00f3ng g\u00f3i: 500 \u0110\u00f4i \/ th\u00f9ng","og_url":"https:\/\/imrovietnam.com\/en\/product\/gang-tay-phu-pu-chong-tinh-dien\/","og_site_name":"IMRO Vietnam","article_modified_time":"2021-09-05T08:57:13+00:00","og_image":[{"width":649,"height":577,"url":"https:\/\/imrovietnam.com\/wp-content\/uploads\/2021\/08\/gang-pu-chong-tinh-dien.jpg","type":"image\/jpeg"}],"twitter_card":"summary_large_image","twitter_misc":{"Est. reading time":"2 minutes"},"schema":{"@context":"https:\/\/schema.org","@graph":[{"@type":"WebPage","@id":"https:\/\/imrovietnam.com\/en\/product\/gang-tay-phu-pu-chong-tinh-dien\/","url":"https:\/\/imrovietnam.com\/en\/product\/gang-tay-phu-pu-chong-tinh-dien\/","name":"G\u0103ng tay ph\u1ee7 PU ch\u1ed1ng t\u0129nh \u0111i\u1ec7n - IMRO Vietnam","isPartOf":{"@id":"https:\/\/imrovietnam.com\/#website"},"primaryImageOfPage":{"@id":"https:\/\/imrovietnam.com\/en\/product\/gang-tay-phu-pu-chong-tinh-dien\/#primaryimage"},"image":{"@id":"https:\/\/imrovietnam.com\/en\/product\/gang-tay-phu-pu-chong-tinh-dien\/#primaryimage"},"thumbnailUrl":"https:\/\/imrovietnam.com\/wp-content\/uploads\/2021\/08\/gang-pu-chong-tinh-dien.jpg","datePublished":"2021-08-09T08:40:04+00:00","dateModified":"2021-09-05T08:57:13+00:00","breadcrumb":{"@id":"https:\/\/imrovietnam.com\/en\/product\/gang-tay-phu-pu-chong-tinh-dien\/#breadcrumb"},"inLanguage":"en-US","potentialAction":[{"@type":"ReadAction","target":["https:\/\/imrovietnam.com\/en\/product\/gang-tay-phu-pu-chong-tinh-dien\/"]}]},{"@type":"ImageObject","inLanguage":"en-US","@id":"https:\/\/imrovietnam.com\/en\/product\/gang-tay-phu-pu-chong-tinh-dien\/#primaryimage","url":"https:\/\/imrovietnam.com\/wp-content\/uploads\/2021\/08\/gang-pu-chong-tinh-dien.jpg","contentUrl":"https:\/\/imrovietnam.com\/wp-content\/uploads\/2021\/08\/gang-pu-chong-tinh-dien.jpg","width":649,"height":577},{"@type":"BreadcrumbList","@id":"https:\/\/imrovietnam.com\/en\/product\/gang-tay-phu-pu-chong-tinh-dien\/#breadcrumb","itemListElement":[{"@type":"ListItem","position":1,"name":"Home","item":"https:\/\/imrovietnam.com\/"},{"@type":"ListItem","position":2,"name":"S\u1ea3n ph\u1ea9m","item":"https:\/\/imrovietnam.com\/shop\/"},{"@type":"ListItem","position":3,"name":"G\u0103ng tay ph\u1ee7 PU ch\u1ed1ng t\u0129nh \u0111i\u1ec7n"}]},{"@type":"WebSite","@id":"https:\/\/imrovietnam.com\/#website","url":"https:\/\/imrovietnam.com\/","name":"IMRO Vietnam","description":"Your consumables and spare parts store","potentialAction":[{"@type":"SearchAction","target":{"@type":"EntryPoint","urlTemplate":"https:\/\/imrovietnam.com\/?s={search_term_string}"},"query-input":{"@type":"PropertyValueSpecification","valueRequired":true,"valueName":"search_term_string"}}],"inLanguage":"en-US"}]}},"_links":{"self":[{"href":"https:\/\/imrovietnam.com\/en\/wp-json\/wp\/v2\/product\/1974","targetHints":{"allow":["GET"]}}],"collection":[{"href":"https:\/\/imrovietnam.com\/en\/wp-json\/wp\/v2\/product"}],"about":[{"href":"https:\/\/imrovietnam.com\/en\/wp-json\/wp\/v2\/types\/product"}],"replies":[{"embeddable":true,"href":"https:\/\/imrovietnam.com\/en\/wp-json\/wp\/v2\/comments?post=1974"}],"wp:featuredmedia":[{"embeddable":true,"href":"https:\/\/imrovietnam.com\/en\/wp-json\/wp\/v2\/media\/1975"}],"wp:attachment":[{"href":"https:\/\/imrovietnam.com\/en\/wp-json\/wp\/v2\/media?parent=1974"}],"wp:term":[{"taxonomy":"product_brand","embeddable":true,"href":"https:\/\/imrovietnam.com\/en\/wp-json\/wp\/v2\/product_brand?post=1974"},{"taxonomy":"product_cat","embeddable":true,"href":"https:\/\/imrovietnam.com\/en\/wp-json\/wp\/v2\/product_cat?post=1974"},{"taxonomy":"product_tag","embeddable":true,"href":"https:\/\/imrovietnam.com\/en\/wp-json\/wp\/v2\/product_tag?post=1974"}],"curies":[{"name":"wp","href":"https:\/\/api.w.org\/{rel}","templated":true}]}}