{"id":1971,"date":"2021-08-09T15:30:54","date_gmt":"2021-08-09T08:30:54","guid":{"rendered":"https:\/\/imrovietnam.com\/?post_type=product&#038;p=1971"},"modified":"2021-09-08T14:23:08","modified_gmt":"2021-09-08T07:23:08","slug":"bang-dinh-chiu-nhiet-silicone","status":"publish","type":"product","link":"https:\/\/imrovietnam.com\/en\/product\/bang-dinh-chiu-nhiet-silicone\/","title":{"rendered":"B\u0103ng d\u00ednh ch\u1ecbu nhi\u1ec7t Silicone"},"content":{"rendered":"<p><b><strong>Th\u00f4ng tin v\u1ec1 s\u1ea3n ph\u1ea9m B\u0103ng d\u00ednh ch\u1ecbu nhi\u1ec7t Silicone<\/strong><\/b><\/p>\n<p style=\"font-weight: 400;\">B\u0103ng d\u00ednh ch\u1ecbu nhi\u1ec7t silicone l\u00e0 s\u1ea3n ph\u1ea9m ch\u1ea5t l\u01b0\u1ee3ng cao, \u0111\u01b0\u1ee3c s\u1eed d\u1ee5ng trong l\u0129nh v\u1ef1c s\u1ea3n xu\u1ea5t c\u00f4ng nghi\u1ec7p, \u0111\u1eb7c bi\u1ec7t l\u00e0 trong s\u1ea3n xu\u1ea5t linh ki\u1ec7n \u0111i\u1ec7n t\u1eed \u0111\u1ec3 b\u1ea3o v\u1ec7 c\u00e1c chi ti\u1ebft c\u1ee7a linh ki\u1ec7n \u0111i\u1ec7n t\u1eed. S\u1ea3n ph\u1ea9m \u0111\u01b0\u1ee3c s\u1ea3n xu\u1ea5t c\u00f3 \u0111\u1ed9 \u0111\u00e0n h\u1ed3i t\u1ed1t, kh\u00f4ng b\u1ecb nh\u0103n hay bong khi ch\u1ecbu nhi\u1ec7t \u0111\u1ed9 cao.<\/p>\n<h2 style=\"font-weight: 600;\"><b>1, \u0110\u1eb7c \u0111i\u1ec3m t\u00ednh ch\u1ea5t c\u1ee7a b\u0103ng d\u00ednh ch\u1ecbu nhi\u1ec7t Silicone<\/b><\/h2>\n<p style=\"font-weight: 400;\">B\u0103ng d\u00ednh ch\u1ecbu nhi\u1ec7t silicone l\u00e0 s\u1ea3n ph\u1ea9m \u0111\u1eb7c th\u00f9 \u0111\u01b0\u1ee3c \u1ee9ng d\u1ee5ng trong c\u00f4ng nghi\u1ec7p, ng\u00e0nh s\u1ea3n xu\u1ea5t linh ki\u1ec7n \u0111i\u1ec7n t\u1eed. Ch\u00ednh v\u00ec v\u1eady, ch\u00fang r\u1ea5t \u00edt ph\u1ed5 bi\u1ebfn trong cu\u1ed9c s\u1ed1ng th\u01b0\u1eddng ng\u00e0y, ch\u1ec9 nh\u1eefng ng\u01b0\u1eddi l\u00e0m chuy\u00ean m\u00f4n m\u1edbi bi\u1ebft r\u00f5 ch\u1ee9c n\u0103ng c\u1ee7a s\u1ea3n ph\u1ea9m.<\/p>\n<p style=\"font-weight: 400;\">S\u1ea3n ph\u1ea9m \u0111\u01b0\u1ee3c s\u1ea3n xu\u1ea5t v\u1edbi 1 m\u1eb7t c\u00f3 ch\u1ea5t k\u1ebft d\u00ednh silicone, c\u00f3 nhi\u1ec1u k\u00edch th\u01b0\u1edbc v\u00e0 \u0111\u1ed9 b\u00e1m d\u00ednh kh\u00e1c nhau. T\u00f9y thu\u1ed9c v\u00e0o nhu c\u1ea7u c\u1ee7a kh\u00e1ch, m\u00e0 ch\u00fang t\u00f4i s\u1ebd cung c\u1ea5p cho kh\u00e1ch lo\u1ea1i s\u1ea3n ph\u1ea9m ph\u00f9 h\u1ee3p nh\u1ea5t.<\/p>\n<p style=\"font-weight: 400;\">\u0110\u01b0\u1ee3c l\u00e0m t\u1eeb ch\u1ea5t li\u1ec7u Polyester, b\u0103ng d\u00ednh ch\u1ecbu nhi\u1ec7t c\u00f3 kh\u1ea3 n\u0103ng ch\u1ed1ng n\u01b0\u1edbc, ch\u1ed1ng t\u0129nh \u0111i\u1ec7n v\u00e0 kh\u00f4ng b\u1ecb tan ch\u1ea3y d\u01b0\u1edbi t\u00e1c d\u1ee5ng c\u1ee7a c\u00e1c ch\u1ea5t h\u00f3a h\u1ecdc. B\u00ean c\u1ea1nh \u0111\u00f3, b\u0103ng d\u00ednh c\u00f2n c\u00f3 kh\u1ea3 n\u0103ng \u0111\u00e0n h\u1ed3i t\u1ed1t, kh\u00f4ng b\u1ecb bi\u1ebfn d\u1ea1ng, r\u01a1i khi \u1edf m\u00f4i tr\u01b0\u1eddng c\u00f3 nhi\u1ec7t \u0111\u1ed9 cao. M\u1eb7t k\u00ednh \u0111\u01b0\u1ee3c l\u00e0m t\u1eeb ch\u1ea5t k\u1ebft d\u00ednh silicone c\u00f3 kh\u1ea3 n\u0103ng k\u1ebft d\u00ednh cao, nhanh kh\u00f4 v\u00e0 c\u00f3 \u0111\u1ed9 b\u1ec1n cao.<\/p>\n<p><img loading=\"lazy\" decoding=\"async\" class=\"aligncenter wp-image-1972\" style=\"color: #555555;\" src=\"https:\/\/imrovietnam.com\/wp-content\/uploads\/2021\/08\/bang-dinh-silicon.jpg\" alt=\"B\u0103ng d\u00ednh ch\u1ecbu nhi\u1ec7t Silicone\" width=\"599\" height=\"550\" srcset=\"https:\/\/imrovietnam.com\/wp-content\/uploads\/2021\/08\/bang-dinh-silicon.jpg 816w, https:\/\/imrovietnam.com\/wp-content\/uploads\/2021\/08\/bang-dinh-silicon-436x400.jpg 436w, https:\/\/imrovietnam.com\/wp-content\/uploads\/2021\/08\/bang-dinh-silicon-768x705.jpg 768w, https:\/\/imrovietnam.com\/wp-content\/uploads\/2021\/08\/bang-dinh-silicon-510x468.jpg 510w\" sizes=\"auto, (max-width: 599px) 100vw, 599px\" \/><\/p>\n<h2 style=\"font-weight: 600;\"><b>2, \u1ee8ng d\u1ee5ng c\u1ee7a b\u0103ng d\u00ednh ch\u1ecbu nhi\u1ec7t Silicone trong th\u1ef1c t\u1ebf<\/b><\/h2>\n<p style=\"font-weight: 400;\">B\u0103ng d\u00ednh ch\u1ecbu nhi\u1ec7t s\u1edf h\u1eefu nh\u1eefng \u0111\u1eb7c t\u00ednh v\u00e0 ch\u1ee9c n\u0103ng v\u1eadt l\u00fd \u0111\u1eb7c tr\u01b0ng nh\u01b0 kh\u1ea3 n\u0103ng \u0111\u00e0n h\u1ed3i, k\u1ebft d\u00ednh cao, ch\u1ecbu nhi\u1ec7t, kh\u00f4 nhanh ch\u00fang th\u01b0\u1eddng \u0111\u01b0\u1ee3c d\u00f9ng trong ng\u00e0nh c\u00f3 y\u00eau c\u1ea7u cao v\u1ec1 ch\u1ea5t l\u01b0\u1ee3ng. S\u1ea3n ph\u1ea9m \u0111\u01b0\u1ee3c d\u00f9ng ch\u1ee7 y\u1ebfu trong ng\u00e0nh nh\u01b0 x\u00e2y d\u1ef1ng, s\u1ea3n xu\u1ea5t \u0111i\u1ec7n t\u1eed, s\u1ea3n xu\u1ea5t b\u00e1n d\u1eabn&#8230;<\/p>\n","protected":false},"excerpt":{"rendered":"<p>Th\u00f4ng tin v\u1ec1 s\u1ea3n ph\u1ea9m B\u0103ng d\u00ednh ch\u1ecbu nhi\u1ec7t Silicone B\u0103ng d\u00ednh ch\u1ecbu nhi\u1ec7t silicone l\u00e0 s\u1ea3n ph\u1ea9m ch\u1ea5t l\u01b0\u1ee3ng cao, \u0111\u01b0\u1ee3c s\u1eed d\u1ee5ng trong l\u0129nh v\u1ef1c s\u1ea3n xu\u1ea5t c\u00f4ng nghi\u1ec7p, \u0111\u1eb7c bi\u1ec7t l\u00e0 trong s\u1ea3n xu\u1ea5t linh ki\u1ec7n \u0111i\u1ec7n t\u1eed \u0111\u1ec3 b\u1ea3o v\u1ec7 c\u00e1c chi ti\u1ebft c\u1ee7a linh ki\u1ec7n \u0111i\u1ec7n t\u1eed. S\u1ea3n ph\u1ea9m \u0111\u01b0\u1ee3c [&#8230;]\n","protected":false},"featured_media":1972,"comment_status":"open","ping_status":"closed","template":"","meta":[],"product_brand":[],"product_cat":[43],"product_tag":[121,354,316,307,343,325,346],"class_list":{"0":"post-1971","1":"product","2":"type-product","3":"status-publish","4":"has-post-thumbnail","6":"product_cat-smt-consumable","7":"product_tag-bang-dinh-chiu-nhiet","8":"product_tag-cach-dien","9":"product_tag-cach-nhiet","10":"product_tag-dien-tu","11":"product_tag-linh-kien","12":"product_tag-nha-may","13":"product_tag-san-xuat","15":"first","16":"instock","17":"shipping-taxable","18":"product-type-simple"},"yoast_head":"<!-- This site is optimized with the Yoast SEO Premium plugin v25.0 (Yoast SEO v25.2) - https:\/\/yoast.com\/wordpress\/plugins\/seo\/ -->\n<title>B\u0103ng d\u00ednh ch\u1ecbu nhi\u1ec7t Silicone - IMRO Vietnam<\/title>\n<meta name=\"robots\" content=\"index, follow, max-snippet:-1, max-image-preview:large, max-video-preview:-1\" \/>\n<link rel=\"canonical\" href=\"https:\/\/imrovietnam.com\/en\/product\/bang-dinh-chiu-nhiet-silicone\/\" \/>\n<meta property=\"og:locale\" content=\"en_US\" \/>\n<meta property=\"og:type\" content=\"article\" \/>\n<meta property=\"og:title\" content=\"B\u0103ng d\u00ednh ch\u1ecbu nhi\u1ec7t Silicone\" \/>\n<meta property=\"og:description\" content=\"Th\u00f4ng tin v\u1ec1 s\u1ea3n ph\u1ea9m B\u0103ng d\u00ednh ch\u1ecbu nhi\u1ec7t Silicone B\u0103ng d\u00ednh ch\u1ecbu nhi\u1ec7t silicone l\u00e0 s\u1ea3n ph\u1ea9m ch\u1ea5t l\u01b0\u1ee3ng cao, \u0111\u01b0\u1ee3c s\u1eed d\u1ee5ng trong l\u0129nh v\u1ef1c s\u1ea3n xu\u1ea5t c\u00f4ng nghi\u1ec7p, \u0111\u1eb7c bi\u1ec7t l\u00e0 trong s\u1ea3n xu\u1ea5t linh ki\u1ec7n \u0111i\u1ec7n t\u1eed \u0111\u1ec3 b\u1ea3o v\u1ec7 c\u00e1c chi ti\u1ebft c\u1ee7a linh ki\u1ec7n \u0111i\u1ec7n t\u1eed. S\u1ea3n ph\u1ea9m \u0111\u01b0\u1ee3c [...]\" \/>\n<meta property=\"og:url\" content=\"https:\/\/imrovietnam.com\/en\/product\/bang-dinh-chiu-nhiet-silicone\/\" \/>\n<meta property=\"og:site_name\" content=\"IMRO Vietnam\" \/>\n<meta property=\"article:modified_time\" content=\"2021-09-08T07:23:08+00:00\" \/>\n<meta property=\"og:image\" content=\"https:\/\/imrovietnam.com\/wp-content\/uploads\/2021\/08\/bang-dinh-silicon.jpg\" \/>\n\t<meta property=\"og:image:width\" content=\"816\" \/>\n\t<meta property=\"og:image:height\" content=\"749\" \/>\n\t<meta property=\"og:image:type\" content=\"image\/jpeg\" \/>\n<meta name=\"twitter:card\" content=\"summary_large_image\" \/>\n<meta name=\"twitter:label1\" content=\"Est. reading time\" \/>\n\t<meta name=\"twitter:data1\" content=\"3 minutes\" \/>\n<script type=\"application\/ld+json\" class=\"yoast-schema-graph\">{\"@context\":\"https:\/\/schema.org\",\"@graph\":[{\"@type\":\"WebPage\",\"@id\":\"https:\/\/imrovietnam.com\/en\/product\/bang-dinh-chiu-nhiet-silicone\/\",\"url\":\"https:\/\/imrovietnam.com\/en\/product\/bang-dinh-chiu-nhiet-silicone\/\",\"name\":\"B\u0103ng d\u00ednh ch\u1ecbu nhi\u1ec7t Silicone - IMRO Vietnam\",\"isPartOf\":{\"@id\":\"https:\/\/imrovietnam.com\/#website\"},\"primaryImageOfPage\":{\"@id\":\"https:\/\/imrovietnam.com\/en\/product\/bang-dinh-chiu-nhiet-silicone\/#primaryimage\"},\"image\":{\"@id\":\"https:\/\/imrovietnam.com\/en\/product\/bang-dinh-chiu-nhiet-silicone\/#primaryimage\"},\"thumbnailUrl\":\"https:\/\/imrovietnam.com\/wp-content\/uploads\/2021\/08\/bang-dinh-silicon.jpg\",\"datePublished\":\"2021-08-09T08:30:54+00:00\",\"dateModified\":\"2021-09-08T07:23:08+00:00\",\"breadcrumb\":{\"@id\":\"https:\/\/imrovietnam.com\/en\/product\/bang-dinh-chiu-nhiet-silicone\/#breadcrumb\"},\"inLanguage\":\"en-US\",\"potentialAction\":[{\"@type\":\"ReadAction\",\"target\":[\"https:\/\/imrovietnam.com\/en\/product\/bang-dinh-chiu-nhiet-silicone\/\"]}]},{\"@type\":\"ImageObject\",\"inLanguage\":\"en-US\",\"@id\":\"https:\/\/imrovietnam.com\/en\/product\/bang-dinh-chiu-nhiet-silicone\/#primaryimage\",\"url\":\"https:\/\/imrovietnam.com\/wp-content\/uploads\/2021\/08\/bang-dinh-silicon.jpg\",\"contentUrl\":\"https:\/\/imrovietnam.com\/wp-content\/uploads\/2021\/08\/bang-dinh-silicon.jpg\",\"width\":816,\"height\":749},{\"@type\":\"BreadcrumbList\",\"@id\":\"https:\/\/imrovietnam.com\/en\/product\/bang-dinh-chiu-nhiet-silicone\/#breadcrumb\",\"itemListElement\":[{\"@type\":\"ListItem\",\"position\":1,\"name\":\"Home\",\"item\":\"https:\/\/imrovietnam.com\/\"},{\"@type\":\"ListItem\",\"position\":2,\"name\":\"S\u1ea3n ph\u1ea9m\",\"item\":\"https:\/\/imrovietnam.com\/shop\/\"},{\"@type\":\"ListItem\",\"position\":3,\"name\":\"B\u0103ng d\u00ednh ch\u1ecbu nhi\u1ec7t Silicone\"}]},{\"@type\":\"WebSite\",\"@id\":\"https:\/\/imrovietnam.com\/#website\",\"url\":\"https:\/\/imrovietnam.com\/\",\"name\":\"IMRO Vietnam\",\"description\":\"Your consumables and spare parts store\",\"potentialAction\":[{\"@type\":\"SearchAction\",\"target\":{\"@type\":\"EntryPoint\",\"urlTemplate\":\"https:\/\/imrovietnam.com\/?s={search_term_string}\"},\"query-input\":{\"@type\":\"PropertyValueSpecification\",\"valueRequired\":true,\"valueName\":\"search_term_string\"}}],\"inLanguage\":\"en-US\"}]}<\/script>\n<!-- \/ Yoast SEO Premium plugin. -->","yoast_head_json":{"title":"B\u0103ng d\u00ednh ch\u1ecbu nhi\u1ec7t Silicone - IMRO Vietnam","robots":{"index":"index","follow":"follow","max-snippet":"max-snippet:-1","max-image-preview":"max-image-preview:large","max-video-preview":"max-video-preview:-1"},"canonical":"https:\/\/imrovietnam.com\/en\/product\/bang-dinh-chiu-nhiet-silicone\/","og_locale":"en_US","og_type":"article","og_title":"B\u0103ng d\u00ednh ch\u1ecbu nhi\u1ec7t Silicone","og_description":"Th\u00f4ng tin v\u1ec1 s\u1ea3n ph\u1ea9m B\u0103ng d\u00ednh ch\u1ecbu nhi\u1ec7t Silicone B\u0103ng d\u00ednh ch\u1ecbu nhi\u1ec7t silicone l\u00e0 s\u1ea3n ph\u1ea9m ch\u1ea5t l\u01b0\u1ee3ng cao, \u0111\u01b0\u1ee3c s\u1eed d\u1ee5ng trong l\u0129nh v\u1ef1c s\u1ea3n xu\u1ea5t c\u00f4ng nghi\u1ec7p, \u0111\u1eb7c bi\u1ec7t l\u00e0 trong s\u1ea3n xu\u1ea5t linh ki\u1ec7n \u0111i\u1ec7n t\u1eed \u0111\u1ec3 b\u1ea3o v\u1ec7 c\u00e1c chi ti\u1ebft c\u1ee7a linh ki\u1ec7n \u0111i\u1ec7n t\u1eed. S\u1ea3n ph\u1ea9m \u0111\u01b0\u1ee3c [...]","og_url":"https:\/\/imrovietnam.com\/en\/product\/bang-dinh-chiu-nhiet-silicone\/","og_site_name":"IMRO Vietnam","article_modified_time":"2021-09-08T07:23:08+00:00","og_image":[{"width":816,"height":749,"url":"https:\/\/imrovietnam.com\/wp-content\/uploads\/2021\/08\/bang-dinh-silicon.jpg","type":"image\/jpeg"}],"twitter_card":"summary_large_image","twitter_misc":{"Est. reading time":"3 minutes"},"schema":{"@context":"https:\/\/schema.org","@graph":[{"@type":"WebPage","@id":"https:\/\/imrovietnam.com\/en\/product\/bang-dinh-chiu-nhiet-silicone\/","url":"https:\/\/imrovietnam.com\/en\/product\/bang-dinh-chiu-nhiet-silicone\/","name":"B\u0103ng d\u00ednh ch\u1ecbu nhi\u1ec7t Silicone - IMRO Vietnam","isPartOf":{"@id":"https:\/\/imrovietnam.com\/#website"},"primaryImageOfPage":{"@id":"https:\/\/imrovietnam.com\/en\/product\/bang-dinh-chiu-nhiet-silicone\/#primaryimage"},"image":{"@id":"https:\/\/imrovietnam.com\/en\/product\/bang-dinh-chiu-nhiet-silicone\/#primaryimage"},"thumbnailUrl":"https:\/\/imrovietnam.com\/wp-content\/uploads\/2021\/08\/bang-dinh-silicon.jpg","datePublished":"2021-08-09T08:30:54+00:00","dateModified":"2021-09-08T07:23:08+00:00","breadcrumb":{"@id":"https:\/\/imrovietnam.com\/en\/product\/bang-dinh-chiu-nhiet-silicone\/#breadcrumb"},"inLanguage":"en-US","potentialAction":[{"@type":"ReadAction","target":["https:\/\/imrovietnam.com\/en\/product\/bang-dinh-chiu-nhiet-silicone\/"]}]},{"@type":"ImageObject","inLanguage":"en-US","@id":"https:\/\/imrovietnam.com\/en\/product\/bang-dinh-chiu-nhiet-silicone\/#primaryimage","url":"https:\/\/imrovietnam.com\/wp-content\/uploads\/2021\/08\/bang-dinh-silicon.jpg","contentUrl":"https:\/\/imrovietnam.com\/wp-content\/uploads\/2021\/08\/bang-dinh-silicon.jpg","width":816,"height":749},{"@type":"BreadcrumbList","@id":"https:\/\/imrovietnam.com\/en\/product\/bang-dinh-chiu-nhiet-silicone\/#breadcrumb","itemListElement":[{"@type":"ListItem","position":1,"name":"Home","item":"https:\/\/imrovietnam.com\/"},{"@type":"ListItem","position":2,"name":"S\u1ea3n ph\u1ea9m","item":"https:\/\/imrovietnam.com\/shop\/"},{"@type":"ListItem","position":3,"name":"B\u0103ng d\u00ednh ch\u1ecbu nhi\u1ec7t Silicone"}]},{"@type":"WebSite","@id":"https:\/\/imrovietnam.com\/#website","url":"https:\/\/imrovietnam.com\/","name":"IMRO Vietnam","description":"Your consumables and spare parts store","potentialAction":[{"@type":"SearchAction","target":{"@type":"EntryPoint","urlTemplate":"https:\/\/imrovietnam.com\/?s={search_term_string}"},"query-input":{"@type":"PropertyValueSpecification","valueRequired":true,"valueName":"search_term_string"}}],"inLanguage":"en-US"}]}},"_links":{"self":[{"href":"https:\/\/imrovietnam.com\/en\/wp-json\/wp\/v2\/product\/1971","targetHints":{"allow":["GET"]}}],"collection":[{"href":"https:\/\/imrovietnam.com\/en\/wp-json\/wp\/v2\/product"}],"about":[{"href":"https:\/\/imrovietnam.com\/en\/wp-json\/wp\/v2\/types\/product"}],"replies":[{"embeddable":true,"href":"https:\/\/imrovietnam.com\/en\/wp-json\/wp\/v2\/comments?post=1971"}],"wp:featuredmedia":[{"embeddable":true,"href":"https:\/\/imrovietnam.com\/en\/wp-json\/wp\/v2\/media\/1972"}],"wp:attachment":[{"href":"https:\/\/imrovietnam.com\/en\/wp-json\/wp\/v2\/media?parent=1971"}],"wp:term":[{"taxonomy":"product_brand","embeddable":true,"href":"https:\/\/imrovietnam.com\/en\/wp-json\/wp\/v2\/product_brand?post=1971"},{"taxonomy":"product_cat","embeddable":true,"href":"https:\/\/imrovietnam.com\/en\/wp-json\/wp\/v2\/product_cat?post=1971"},{"taxonomy":"product_tag","embeddable":true,"href":"https:\/\/imrovietnam.com\/en\/wp-json\/wp\/v2\/product_tag?post=1971"}],"curies":[{"name":"wp","href":"https:\/\/api.w.org\/{rel}","templated":true}]}}