{"id":1958,"date":"2021-08-09T15:03:19","date_gmt":"2021-08-09T08:03:19","guid":{"rendered":"https:\/\/imrovietnam.com\/?post_type=product&#038;p=1958"},"modified":"2021-09-08T14:41:44","modified_gmt":"2021-09-08T07:41:44","slug":"bang-dinh-noi-lieu-dang-don","status":"publish","type":"product","link":"https:\/\/imrovietnam.com\/en\/product\/bang-dinh-noi-lieu-dang-don\/","title":{"rendered":"B\u0103ng d\u00ednh n\u1ed1i li\u1ec7u d\u1ea1ng \u0111\u01a1n"},"content":{"rendered":"<strong>B\u0103ng d\u00ednh n\u1ed1i li\u1ec7u m\u00e1y SMT d\u1ea1ng \u0111\u01a1n<\/strong><\/p>\n<table style=\"width: 73.6223%;\" border=\"1\" width=\"742\" cellspacing=\"0\" cellpadding=\"0\">\n<tbody>\n<tr>\n<td style=\"width: 10.9756%;\"><strong>\u00a0 \u00a0P\/N \u00a0\u00a0<\/strong><\/td>\n<td style=\"width: 56.3686%;\"><strong>\u00a0\u00a0Description of Goods \u00a0<\/strong><\/td>\n<td style=\"width: 13.2791%;\"><strong>\u00a0\u00a0Quantity \u00a0<\/strong><\/td>\n<td style=\"width: 19.2412%;\"><strong>\u00a0\u00a0Application \u00a0<\/strong><\/td>\n<\/tr>\n<tr>\n<td style=\"width: 10.9756%;\">\u00a0\u00a0SMS-0308K<\/td>\n<td style=\"width: 56.3686%;\">\u00a0\u00a0SMT Super Single Splice Tape 8mm 4pcs\/card Blue Tape: 4.8 * 45mm * 2<\/td>\n<td style=\"width: 13.2791%;\">\u00a0 \u00a04000pcs\/box<\/td>\n<td style=\"width: 19.2412%;\">\u00a0\u00a0For 8mm carrier tape<\/td>\n<\/tr>\n<tr>\n<td style=\"width: 10.9756%;\">\u00a0\u00a0SMS-0308<\/td>\n<td style=\"width: 56.3686%;\">\u00a0\u00a0SMT Single Splice Tape 8mm 4pcs\/card Yellow Tape: 4.8 * 45mm * 2<\/td>\n<td style=\"width: 13.2791%;\">\u00a0 \u00a04000pcs\/box<\/td>\n<td style=\"width: 19.2412%;\">\u00a0\u00a0For 8mm carrier tape<\/td>\n<\/tr>\n<tr>\n<td style=\"width: 10.9756%;\">\u00a0\u00a0SMS-0312<\/td>\n<td style=\"width: 56.3686%;\">\u00a0\u00a0SMT Single Splice Tape 12mm 4pcs\/card Yellow Tape: 6 * 45mm * 2<\/td>\n<td style=\"width: 13.2791%;\">\u00a0 \u00a04000pcs \/box<\/td>\n<td style=\"width: 19.2412%;\">\u00a0\u00a0For 12mm carrier tape<\/td>\n<\/tr>\n<tr>\n<td style=\"width: 10.9756%;\">\u00a0\u00a0SMS-0316<\/td>\n<td style=\"width: 56.3686%;\">\u00a0\u00a0SMT Single Splice Tape 16mm 4pcs\/card Yellow Tape: 9.5 * 45mm * 2<\/td>\n<td style=\"width: 13.2791%;\">\u00a0 \u00a04000pcs \/box<\/td>\n<td style=\"width: 19.2412%;\">\u00a0\u00a0For 16mm carrier tape<\/td>\n<\/tr>\n<tr>\n<td style=\"width: 10.9756%;\">\u00a0\u00a0SMS-0324<\/td>\n<td style=\"width: 56.3686%;\">\u00a0\u00a0SMT Single Splice Tape 24mm 4pcs\/card Yellow Tape: 15 * 45mm * 2<\/td>\n<td style=\"width: 13.2791%;\">\u00a0 \u00a02000pcs \/box<\/td>\n<td style=\"width: 19.2412%;\">\u00a0\u00a0For 24mm carrier tape<\/td>\n<\/tr>\n<\/tbody>\n<\/table>\n<p>&nbsp;<\/p>\n<p><img loading=\"lazy\" decoding=\"async\" class=\"wp-image-1959 alignleft\" style=\"color: #555555;\" src=\"https:\/\/imrovietnam.com\/wp-content\/uploads\/2021\/08\/bang-dinh-noi-lieu-dang-don.jpg\" alt=\"B\u0103ng d\u00ednh n\u1ed1i li\u1ec7u d\u1ea1ng \u0111\u01a1n\" width=\"423\" height=\"316\" \/>","protected":false},"excerpt":{"rendered":"<ul>\n<li>D\u00f9ng n\u1ed1i cu\u1ed9n linh ki\u1ec7n cho m\u00e1y g\u1eafn linh ki\u1ec7n d\u00e2y chuy\u1ec1n SMT<\/li>\n<li>M\u00e0u s\u1eafc : V\u00e0ng, xanh d\u01b0\u01a1ng, xanh l\u00e1, \u0111en<\/li>\n<li>K\u00edch th\u01b0\u1edbc : 8\/12\/16\/24mm<\/li>\n<li>\u0110\u00f3ng g\u00f3i : 500 pcs \/ H\u1ed9p<\/li>\n<li>Th\u1eddi gian: T\u00f9y \u0111\u01a1n h\u00e0ng<\/li>\n<\/ul>\n","protected":false},"featured_media":1959,"comment_status":"open","ping_status":"closed","template":"","meta":[],"product_brand":[],"product_cat":[43],"product_tag":[123,361,307,325,362,364,363,359],"class_list":{"0":"post-1958","1":"product","2":"type-product","3":"status-publish","4":"has-post-thumbnail","6":"product_cat-smt-consumable","7":"product_tag-bang-dinh-noi-lieu","8":"product_tag-cuon-linh-kien","9":"product_tag-dien-tu","10":"product_tag-nha-may","11":"product_tag-noi","12":"product_tag-smd","13":"product_tag-smt","14":"product_tag-splice","16":"first","17":"instock","18":"shipping-taxable","19":"product-type-simple"},"yoast_head":"<!-- This site is optimized with the Yoast SEO Premium plugin v25.0 (Yoast SEO v25.2) - https:\/\/yoast.com\/wordpress\/plugins\/seo\/ -->\n<title>B\u0103ng d\u00ednh n\u1ed1i li\u1ec7u d\u1ea1ng \u0111\u01a1n - IMRO Vietnam<\/title>\n<meta name=\"robots\" content=\"index, follow, max-snippet:-1, max-image-preview:large, max-video-preview:-1\" \/>\n<link rel=\"canonical\" href=\"https:\/\/imrovietnam.com\/en\/product\/bang-dinh-noi-lieu-dang-don\/\" \/>\n<meta property=\"og:locale\" content=\"en_US\" \/>\n<meta property=\"og:type\" content=\"article\" \/>\n<meta property=\"og:title\" content=\"B\u0103ng d\u00ednh n\u1ed1i li\u1ec7u d\u1ea1ng \u0111\u01a1n\" \/>\n<meta property=\"og:description\" content=\"D\u00f9ng n\u1ed1i cu\u1ed9n linh ki\u1ec7n cho m\u00e1y g\u1eafn linh ki\u1ec7n d\u00e2y chuy\u1ec1n SMT  M\u00e0u s\u1eafc : V\u00e0ng, xanh d\u01b0\u01a1ng, xanh l\u00e1, \u0111en  K\u00edch th\u01b0\u1edbc : 8\/12\/16\/24mm  \u0110\u00f3ng g\u00f3i : 500 pcs \/ H\u1ed9p  Th\u1eddi gian: T\u00f9y \u0111\u01a1n h\u00e0ng\" \/>\n<meta property=\"og:url\" content=\"https:\/\/imrovietnam.com\/en\/product\/bang-dinh-noi-lieu-dang-don\/\" \/>\n<meta property=\"og:site_name\" content=\"IMRO Vietnam\" \/>\n<meta property=\"article:modified_time\" content=\"2021-09-08T07:41:44+00:00\" \/>\n<meta property=\"og:image\" content=\"https:\/\/imrovietnam.com\/wp-content\/uploads\/2021\/08\/bang-dinh-noi-lieu-dang-don.jpg\" \/>\n\t<meta property=\"og:image:width\" content=\"388\" \/>\n\t<meta property=\"og:image:height\" content=\"290\" \/>\n\t<meta property=\"og:image:type\" content=\"image\/jpeg\" \/>\n<meta name=\"twitter:card\" content=\"summary_large_image\" \/>\n<meta name=\"twitter:label1\" content=\"Est. reading time\" \/>\n\t<meta name=\"twitter:data1\" content=\"1 minute\" \/>\n<script type=\"application\/ld+json\" class=\"yoast-schema-graph\">{\"@context\":\"https:\/\/schema.org\",\"@graph\":[{\"@type\":\"WebPage\",\"@id\":\"https:\/\/imrovietnam.com\/en\/product\/bang-dinh-noi-lieu-dang-don\/\",\"url\":\"https:\/\/imrovietnam.com\/en\/product\/bang-dinh-noi-lieu-dang-don\/\",\"name\":\"B\u0103ng d\u00ednh n\u1ed1i li\u1ec7u d\u1ea1ng \u0111\u01a1n - IMRO Vietnam\",\"isPartOf\":{\"@id\":\"https:\/\/imrovietnam.com\/en\/#website\"},\"primaryImageOfPage\":{\"@id\":\"https:\/\/imrovietnam.com\/en\/product\/bang-dinh-noi-lieu-dang-don\/#primaryimage\"},\"image\":{\"@id\":\"https:\/\/imrovietnam.com\/en\/product\/bang-dinh-noi-lieu-dang-don\/#primaryimage\"},\"thumbnailUrl\":\"https:\/\/imrovietnam.com\/wp-content\/uploads\/2021\/08\/bang-dinh-noi-lieu-dang-don.jpg\",\"datePublished\":\"2021-08-09T08:03:19+00:00\",\"dateModified\":\"2021-09-08T07:41:44+00:00\",\"breadcrumb\":{\"@id\":\"https:\/\/imrovietnam.com\/en\/product\/bang-dinh-noi-lieu-dang-don\/#breadcrumb\"},\"inLanguage\":\"en-US\",\"potentialAction\":[{\"@type\":\"ReadAction\",\"target\":[\"https:\/\/imrovietnam.com\/en\/product\/bang-dinh-noi-lieu-dang-don\/\"]}]},{\"@type\":\"ImageObject\",\"inLanguage\":\"en-US\",\"@id\":\"https:\/\/imrovietnam.com\/en\/product\/bang-dinh-noi-lieu-dang-don\/#primaryimage\",\"url\":\"https:\/\/imrovietnam.com\/wp-content\/uploads\/2021\/08\/bang-dinh-noi-lieu-dang-don.jpg\",\"contentUrl\":\"https:\/\/imrovietnam.com\/wp-content\/uploads\/2021\/08\/bang-dinh-noi-lieu-dang-don.jpg\",\"width\":388,\"height\":290},{\"@type\":\"BreadcrumbList\",\"@id\":\"https:\/\/imrovietnam.com\/en\/product\/bang-dinh-noi-lieu-dang-don\/#breadcrumb\",\"itemListElement\":[{\"@type\":\"ListItem\",\"position\":1,\"name\":\"Home\",\"item\":\"https:\/\/imrovietnam.com\/en\/\"},{\"@type\":\"ListItem\",\"position\":2,\"name\":\"S\u1ea3n ph\u1ea9m\",\"item\":\"https:\/\/imrovietnam.com\/shop\/\"},{\"@type\":\"ListItem\",\"position\":3,\"name\":\"B\u0103ng d\u00ednh n\u1ed1i li\u1ec7u d\u1ea1ng \u0111\u01a1n\"}]},{\"@type\":\"WebSite\",\"@id\":\"https:\/\/imrovietnam.com\/en\/#website\",\"url\":\"https:\/\/imrovietnam.com\/en\/\",\"name\":\"IMRO Vietnam\",\"description\":\"Your consumables and spare parts store\",\"potentialAction\":[{\"@type\":\"SearchAction\",\"target\":{\"@type\":\"EntryPoint\",\"urlTemplate\":\"https:\/\/imrovietnam.com\/en\/?s={search_term_string}\"},\"query-input\":{\"@type\":\"PropertyValueSpecification\",\"valueRequired\":true,\"valueName\":\"search_term_string\"}}],\"inLanguage\":\"en-US\"}]}<\/script>\n<!-- \/ Yoast SEO Premium plugin. -->","yoast_head_json":{"title":"B\u0103ng d\u00ednh n\u1ed1i li\u1ec7u d\u1ea1ng \u0111\u01a1n - IMRO Vietnam","robots":{"index":"index","follow":"follow","max-snippet":"max-snippet:-1","max-image-preview":"max-image-preview:large","max-video-preview":"max-video-preview:-1"},"canonical":"https:\/\/imrovietnam.com\/en\/product\/bang-dinh-noi-lieu-dang-don\/","og_locale":"en_US","og_type":"article","og_title":"B\u0103ng d\u00ednh n\u1ed1i li\u1ec7u d\u1ea1ng \u0111\u01a1n","og_description":"D\u00f9ng n\u1ed1i cu\u1ed9n linh ki\u1ec7n cho m\u00e1y g\u1eafn linh ki\u1ec7n d\u00e2y chuy\u1ec1n SMT  M\u00e0u s\u1eafc : V\u00e0ng, xanh d\u01b0\u01a1ng, xanh l\u00e1, \u0111en  K\u00edch th\u01b0\u1edbc : 8\/12\/16\/24mm  \u0110\u00f3ng g\u00f3i : 500 pcs \/ H\u1ed9p  Th\u1eddi gian: T\u00f9y \u0111\u01a1n h\u00e0ng","og_url":"https:\/\/imrovietnam.com\/en\/product\/bang-dinh-noi-lieu-dang-don\/","og_site_name":"IMRO Vietnam","article_modified_time":"2021-09-08T07:41:44+00:00","og_image":[{"width":388,"height":290,"url":"https:\/\/imrovietnam.com\/wp-content\/uploads\/2021\/08\/bang-dinh-noi-lieu-dang-don.jpg","type":"image\/jpeg"}],"twitter_card":"summary_large_image","twitter_misc":{"Est. reading time":"1 minute"},"schema":{"@context":"https:\/\/schema.org","@graph":[{"@type":"WebPage","@id":"https:\/\/imrovietnam.com\/en\/product\/bang-dinh-noi-lieu-dang-don\/","url":"https:\/\/imrovietnam.com\/en\/product\/bang-dinh-noi-lieu-dang-don\/","name":"B\u0103ng d\u00ednh n\u1ed1i li\u1ec7u d\u1ea1ng \u0111\u01a1n - IMRO Vietnam","isPartOf":{"@id":"https:\/\/imrovietnam.com\/en\/#website"},"primaryImageOfPage":{"@id":"https:\/\/imrovietnam.com\/en\/product\/bang-dinh-noi-lieu-dang-don\/#primaryimage"},"image":{"@id":"https:\/\/imrovietnam.com\/en\/product\/bang-dinh-noi-lieu-dang-don\/#primaryimage"},"thumbnailUrl":"https:\/\/imrovietnam.com\/wp-content\/uploads\/2021\/08\/bang-dinh-noi-lieu-dang-don.jpg","datePublished":"2021-08-09T08:03:19+00:00","dateModified":"2021-09-08T07:41:44+00:00","breadcrumb":{"@id":"https:\/\/imrovietnam.com\/en\/product\/bang-dinh-noi-lieu-dang-don\/#breadcrumb"},"inLanguage":"en-US","potentialAction":[{"@type":"ReadAction","target":["https:\/\/imrovietnam.com\/en\/product\/bang-dinh-noi-lieu-dang-don\/"]}]},{"@type":"ImageObject","inLanguage":"en-US","@id":"https:\/\/imrovietnam.com\/en\/product\/bang-dinh-noi-lieu-dang-don\/#primaryimage","url":"https:\/\/imrovietnam.com\/wp-content\/uploads\/2021\/08\/bang-dinh-noi-lieu-dang-don.jpg","contentUrl":"https:\/\/imrovietnam.com\/wp-content\/uploads\/2021\/08\/bang-dinh-noi-lieu-dang-don.jpg","width":388,"height":290},{"@type":"BreadcrumbList","@id":"https:\/\/imrovietnam.com\/en\/product\/bang-dinh-noi-lieu-dang-don\/#breadcrumb","itemListElement":[{"@type":"ListItem","position":1,"name":"Home","item":"https:\/\/imrovietnam.com\/en\/"},{"@type":"ListItem","position":2,"name":"S\u1ea3n ph\u1ea9m","item":"https:\/\/imrovietnam.com\/shop\/"},{"@type":"ListItem","position":3,"name":"B\u0103ng d\u00ednh n\u1ed1i li\u1ec7u d\u1ea1ng \u0111\u01a1n"}]},{"@type":"WebSite","@id":"https:\/\/imrovietnam.com\/en\/#website","url":"https:\/\/imrovietnam.com\/en\/","name":"IMRO Vietnam","description":"Your consumables and spare parts store","potentialAction":[{"@type":"SearchAction","target":{"@type":"EntryPoint","urlTemplate":"https:\/\/imrovietnam.com\/en\/?s={search_term_string}"},"query-input":{"@type":"PropertyValueSpecification","valueRequired":true,"valueName":"search_term_string"}}],"inLanguage":"en-US"}]}},"_links":{"self":[{"href":"https:\/\/imrovietnam.com\/en\/wp-json\/wp\/v2\/product\/1958","targetHints":{"allow":["GET"]}}],"collection":[{"href":"https:\/\/imrovietnam.com\/en\/wp-json\/wp\/v2\/product"}],"about":[{"href":"https:\/\/imrovietnam.com\/en\/wp-json\/wp\/v2\/types\/product"}],"replies":[{"embeddable":true,"href":"https:\/\/imrovietnam.com\/en\/wp-json\/wp\/v2\/comments?post=1958"}],"wp:featuredmedia":[{"embeddable":true,"href":"https:\/\/imrovietnam.com\/en\/wp-json\/wp\/v2\/media\/1959"}],"wp:attachment":[{"href":"https:\/\/imrovietnam.com\/en\/wp-json\/wp\/v2\/media?parent=1958"}],"wp:term":[{"taxonomy":"product_brand","embeddable":true,"href":"https:\/\/imrovietnam.com\/en\/wp-json\/wp\/v2\/product_brand?post=1958"},{"taxonomy":"product_cat","embeddable":true,"href":"https:\/\/imrovietnam.com\/en\/wp-json\/wp\/v2\/product_cat?post=1958"},{"taxonomy":"product_tag","embeddable":true,"href":"https:\/\/imrovietnam.com\/en\/wp-json\/wp\/v2\/product_tag?post=1958"}],"curies":[{"name":"wp","href":"https:\/\/api.w.org\/{rel}","templated":true}]}}