{"id":1953,"date":"2021-08-09T14:54:23","date_gmt":"2021-08-09T07:54:23","guid":{"rendered":"https:\/\/imrovietnam.com\/?post_type=product&#038;p=1953"},"modified":"2021-09-08T14:32:57","modified_gmt":"2021-09-08T07:32:57","slug":"bang-dinh-noi-lieu-chong-tinh-dien","status":"publish","type":"product","link":"https:\/\/imrovietnam.com\/en\/product\/bang-dinh-noi-lieu-chong-tinh-dien\/","title":{"rendered":"B\u0103ng d\u00ednh n\u1ed1i li\u1ec7u ch\u1ed1ng t\u0129nh \u0111i\u1ec7n"},"content":{"rendered":"<h2 style=\"font-weight: 600;\"><b>B\u0103ng d\u00ednh n\u1ed1i li\u1ec7u SMT ch\u1ed1ng t\u0129nh \u0111i\u1ec7n l\u00e0 g\u00ec?<\/b><\/h2>\n<p style=\"font-weight: 400;\">B\u0103ng d\u00ednh n\u1ed1i li\u1ec7u ch\u1ed1ng t\u0129nh \u0111i\u1ec7n l\u00e0 lo\u1ea1i b\u0103ng d\u00ednh c\u00f3 c\u00f4ng d\u1ee5ng d\u00e1n n\u1ed1i c\u00e1c nguy\u00ean li\u1ec7u trong d\u00e2y chuy\u1ec1n s\u1ea3n xu\u1ea5t, th\u01b0\u1eddng d\u00f9ng trong m\u00e1y SMT. SMT l\u00e0 vi\u1ebft t\u1eaft c\u1ee7a Surfaced Mounting Technology-\u00a0 \u0111\u01b0\u1ee3c g\u1ecdi l\u00e0 c\u00f4ng ngh\u1ec7 d\u00e1n b\u1ec1 m\u1eb7t. B\u0103ng d\u00ednh n\u1ed1i li\u1ec7u ch\u1ed1ng t\u0129nh \u0111i\u1ec7n c\u00f3 nhi\u1ec1u k\u00edch th\u01b0\u1edbc kh\u00e1c nhau \u0111\u1ec3 cho ph\u00f9 h\u1ee3p v\u1edbi nh\u1eefng giai \u0111o\u1ea1n kh\u00e1c nhau tr\u00ean d\u00e2y chuy\u1ec1n SMT. B\u0103ng d\u00ednh ch\u1ed1ng t\u0129nh \u0111i\u1ec7n c\u00f3 hai lo\u1ea1i l\u00e0 b\u0103ng d\u00ednh n\u1ed1i li\u1ec7u d\u1ea1ng \u0111\u01a1n v\u00e0 b\u0103ng d\u00ednh n\u1ed1i li\u1ec7u d\u1ea1ng \u0111\u00f4i.<\/p>\n<h2 style=\"font-weight: 600;\">M\u00f4 t\u1ea3 s\u1ea3n ph\u1ea9m:<\/h2>\n<p style=\"font-weight: 400;\">B\u0103ng d\u00ednh n\u1ed1i li\u1ec7u ch\u1ed1ng t\u0129nh \u0111i\u1ec7n c\u1ea3 d\u1ea1ng \u0111\u00f4i v\u00e0\u00a0 d\u1ea1ng \u0111\u01a1n \u0111\u1ec1u c\u00f3 nhi\u1ec1u k\u00edch th\u01b0\u1edbc : lo\u1ea1i 8mm, 12mm,16mm v\u00e0 24mm. T\u00f9y v\u00e0o t\u1eebng k\u00edch th\u01b0\u1edbc c\u1ee7a nguy\u00ean li\u1ec7u c\u1ea7n d\u00e1n n\u1ed1i, ng\u01b0\u1eddi ta s\u1ebd ch\u1ecdn lo\u1ea1i b\u0103ng d\u00ednh n\u1ed1i li\u1ec7u ch\u1ed1ng t\u0129nh \u0111i\u1ec7n c\u00f3 k\u00edch th\u01b0\u1edbc ph\u00f9 h\u1ee3p.B\u0103ng d\u00ednh n\u1ed1i li\u1ec7u ch\u1ed1ng t\u0129nh \u0111i\u1ec7n \u0111\u01b0\u1ee3c c\u1ea5u t\u1ea1o g\u1ed3m 2 ph\u1ea7n: b\u1ed9 ph\u1eadn ch\u00ednh l\u00e0 ph\u1ea7n b\u0103ng d\u00ednh n\u1ed1i li\u1ec7u ch\u1ed1ng t\u0129nh \u0111i\u1ec7n\u00a0 v\u00e0 th\u1ee9 2 l\u00e0 m\u1ed9t l\u1edbp m\u00e0ng b\u1eb1ng nh\u1ef1a c\u1ee9ng c\u00f3 m\u00e0u tr\u1eafng \u0111\u1ec3 b\u1ea3o v\u1ec7 ph\u1ea7n<\/p>\n<p><img loading=\"lazy\" decoding=\"async\" class=\"aligncenter wp-image-1954\" src=\"https:\/\/imrovietnam.com\/wp-content\/uploads\/2021\/08\/bang-dinh-chong-tinh-dien.jpg\" alt=\"B\u0103ng d\u00ednh n\u1ed1i li\u1ec7u ch\u1ed1ng t\u0129nh \u0111i\u1ec7n\" width=\"501\" height=\"423\" srcset=\"https:\/\/imrovietnam.com\/wp-content\/uploads\/2021\/08\/bang-dinh-chong-tinh-dien.jpg 710w, https:\/\/imrovietnam.com\/wp-content\/uploads\/2021\/08\/bang-dinh-chong-tinh-dien-474x400.jpg 474w, https:\/\/imrovietnam.com\/wp-content\/uploads\/2021\/08\/bang-dinh-chong-tinh-dien-510x430.jpg 510w\" sizes=\"auto, (max-width: 501px) 100vw, 501px\" \/><\/p>\n<p style=\"font-weight: 400;\">\u00a0b\u0103ng d\u00ednh n\u1ed1i li\u1ec7u, ngo\u00e0i ra tr\u00ean m\u00e0ng c\u00f2n c\u00f3 nh\u1eefng l\u1ed7 \u0111\u01b0\u1ee3c thi\u1ebft k\u1ebf \u0111\u1ec3 gi\u00fap cho vi\u1ec7c l\u1eafp b\u0103ng d\u00ednh n\u1ed1i li\u1ec7u v\u00e0o m\u00e1y SMT \u0111\u01b0\u1ee3c d\u1ec5 d\u00e0ng h\u01a1n.<\/p>\n<h2 style=\"font-weight: 600;\"><b>B\u0103ng d\u00ednh n\u1ed1i li\u1ec7u ch\u1ed1ng t\u0129nh \u0111i\u1ec7n \u0111\u01b0\u1ee3c l\u00e0m t\u1eeb nguy\u00ean li\u1ec7u g\u00ec?<\/b><\/h2>\n<p style=\"font-weight: 400;\">B\u0103ng d\u00ednh n\u1ed1i li\u1ec7u ch\u1ed1ng t\u0129nh \u0111i\u1ec7n \u0111\u01b0\u1ee3c c\u1ea5u t\u1ea1o t\u1eeb ch\u1ea5t li\u1ec7u Acrylic, lo\u1ea1i ch\u1ea5t d\u00ednh t\u1ea1o cho b\u0103ng d\u00ednh n\u1ed1i li\u1ec7u ch\u1ed1ng t\u0129nh \u0111i\u1ec7n c\u00f3 \u0111\u1ed9 d\u00ednh t\u1ed1t nh\u1ea5t. Ph\u1ea7n m\u00e0ng c\u1ee7a b\u0103ng d\u00ednh n\u1ed1i li\u1ec7u ch\u1ed1ng t\u0129nh \u0111i\u1ec7n \u0111\u01b0\u1ee3c l\u00e0m b\u1eb1ng ch\u1ea5t li\u1ec7u PVC. V\u00e0 t\u1ea5t c\u1ea3 nh\u1eefng lo\u1ea1i nguy\u00ean li\u1ec7u c\u1ea5u th\u00e0nh n\u00ean lo\u1ea1i b\u0103ng d\u00ednh n\u1ed1i li\u1ec7u ch\u1ed1ng t\u0129nh \u0111i\u1ec7n n\u00e0y \u0111\u1ec1u c\u00f3 kh\u1ea3 n\u0103ng ch\u1ed1ng t\u0129nh \u0111i\u1ec7n. \u0110\u1ec3 gi\u00fap cho trong qu\u00e1 tr\u00ecnh l\u00e0m vi\u1ec7c, n\u00f3 kh\u00f4ng sinh ra b\u1ee5i, tr\u00e1nh b\u00e1m b\u1ee5i v\u00e0o b\u0103ng d\u00ednh \u0111\u1ec3 b\u1ea3o v\u1ec7 \u0111\u01b0\u1ee3c ph\u1ea7n linh ki\u1ec7n m\u00e0 b\u0103ng d\u00ednh n\u1ed1i li\u1ec7u c\u00f3 nhi\u1ec7m v\u1ee5 d\u00e1n n\u1ed1i.<\/p>\n<h3 style=\"font-weight: 600;\"><b>C\u00f4ng d\u1ee5ng c\u1ee7a b\u0103ng d\u00ednh n\u1ed1i li\u1ec7u ch\u1ed1ng t\u0129nh \u0111i\u1ec7n<\/b><\/h3>\n<p style=\"font-weight: 400;\">B\u0103ng d\u00ednh n\u1ed1i li\u1ec7u SMT ch\u1ed1ng t\u0129nh \u0111i\u1ec7n l\u00e0 m\u1ed9t c\u00f4ng ngh\u1ec7 m\u1edbi, c\u00f4ng ngh\u1ec7 hi\u1ec7n \u0111\u1ea1i n\u00e0y gi\u00fap \u00edch cho con ng\u01b0\u1eddi r\u1ea5t nhi\u1ec1u trong vi\u1ec7c l\u1eafp r\u00e1p linh ki\u1ec7n \u0111i\u1ec7n t\u1eed, nh\u1ea5t l\u00e0 nh\u1eefng lo\u1ea1i linh ki\u1ec7n \u0111i\u1ec7n t\u1eed c\u00f3 k\u00edch th\u01b0\u1edbc nh\u1ecf. N\u1ebfu kh\u00f4ng c\u00f3 c\u00f4ng ngh\u1ec7 n\u00e0y th\u00ec con ng\u01b0\u1eddi c\u1ea7n \u0111\u1ebfn s\u1ef1 h\u1ed7 tr\u1ee3 c\u1ee7a thi\u1ebft b\u1ecb kh\u00e1c, v\u00e0 c\u1ea7n thao t\u00e1c th\u1ee7 c\u00f4ng g\u00e2y ra nhi\u1ec1u b\u1ea5t c\u1eadp trong c\u00f4ng vi\u1ec7c, n\u0103ng su\u1ea5t lao \u0111\u1ed9ng \u0111\u01b0\u1ee3c c\u1ea3i ti\u1ebfn v\u00e0 n\u00e2ng cao khi s\u1eed d\u1ee5ng c\u00f4ng ngh\u1ec7 n\u00e0y.<\/p>\n<p style=\"font-weight: 400;\">C\u00f4ng ngh\u1ec7 ti\u00ean ti\u1ebfn n\u00e0y ra \u0111\u1eddi gi\u00fap cho c\u00f4ng vi\u1ec7c s\u1ea3n xu\u1ea5t c\u00e1c thi\u1ebft b\u1ecb \u0111i\u1ec7n t\u1eed \u0111\u01b0\u1ee3c ch\u00ednh x\u00e1c h\u01a1n, hi\u1ec7u qu\u1ea3 v\u00e0 nhanh ch\u00f3ng h\u01a1n.C\u00f3 th\u1ec3 n\u00f3i nh\u1edd c\u00f4ng ngh\u1ec7 n\u00e0y, c\u00e1c nh\u00e0 m\u00e1y c\u00f3 th\u1ec3 gi\u1ea3m thi\u1ec3u \u0111\u01b0\u1ee3c lao \u0111\u1ed9ng c\u1ee7a con ng\u01b0\u1eddi \u1edf nhi\u1ec1u giai \u0111o\u1ea1n l\u1eafp r\u00e1p linh ki\u1ec7n \u0111i\u1ec7n t\u1eed.<\/p>\n<p style=\"font-weight: 400;\">B\u0103ng d\u00ednh n\u1ed1i li\u1ec7u ch\u1ed1ng t\u0129nh \u0111i\u1ec7n SMT \u0111\u01b0\u1ee3c s\u1eed d\u1ee5ng ph\u1ed5 bi\u1ebfn trong c\u00e1c nh\u00e0 m\u00e1y s\u1ea3n xu\u1ea5t, l\u1eafp r\u00e1p linh ki\u1ec7n \u0111i\u1ec7n t\u1eed \u0111\u1ec3 s\u1ea3n xu\u1ea5t \u0111i\u1ec7n tho\u1ea1i, m\u00e1y t\u00ednh, tivi,&#8230; \u1edf nh\u1eefng kh\u00e2u m\u00e0 y\u00eau c\u1ea7u \u0111\u1ed9 s\u1ea1ch cao, \u0111\u1ec3 tr\u00e1nh \u1ea3nh h\u01b0\u1edfng t\u1edbi ch\u1ea5t l\u01b0\u1ee3ng c\u1ee7a s\u1ea3n ph\u1ea9m.<\/p>\n<p style=\"font-weight: 400;\">C\u00e1c khu c\u00f4ng nghi\u1ec7p \u0111i\u1ec7n t\u1eed \u1edf tr\u00ean kh\u1eafp c\u1ea3 n\u01b0\u1edbc Vi\u1ec7t Nam n\u00f3i ri\u00eang v\u00e0 tr\u00ean to\u00e0n th\u1ebf gi\u1edbi n\u00f3i chung \u0111\u1ec1u \u1ee9ng d\u1ee5ng c\u00f4ng ngh\u1ec7 n\u00e0y v\u00e0o trong c\u00e1c d\u00e2y chuy\u1ec1n s\u1ea3n xu\u1ea5t \u0111\u1ec3 n\u00e2ng cao n\u0103ng su\u1ea5t lao \u0111\u1ed9ng cho nh\u00e0 m\u00e1y.<\/p>\n<h3 style=\"font-weight: 600;\"><b>Nh\u1eefng \u01b0u \u0111i\u1ec3m c\u1ee7a lo\u1ea1i b\u0103ng d\u00ednh n\u1ed1i li\u1ec7u ch\u1ed1ng t\u0129nh \u0111i\u1ec7n<\/b><\/h3>\n<ul style=\"font-weight: 400;\">\n<li>C\u00f3 kh\u1ea3 n\u0103ng ch\u1ed1ng t\u0129nh \u0111i\u1ec7n n\u00ean kh\u00f4ng sinh ra b\u1ee5i, kh\u00f4ng \u0111\u1ec3 l\u1ea1i b\u1ee5i trong qu\u00e1 tr\u00ecnh l\u00e0m vi\u1ec7c, gi\u00fap b\u1ea3o v\u1ec7 ch\u1ea5t l\u01b0\u1ee3ng c\u1ee7a s\u1ea3n ph\u1ea9m linh ki\u1ec7n \u0111i\u1ec7n t\u1eed.<\/li>\n<li>C\u1ea3i thi\u1ec7n n\u0103ng su\u1ea5t lao \u0111\u1ed9ng, gi\u00fap kh\u00f4ng x\u1ea3y ra t\u00ecnh tr\u1ea1ng d\u1eebng n\u1ed1i li\u1ec7u<\/li>\n<li>T\u1eadn d\u1ee5ng t\u1ed1i \u0111a ngu\u1ed3n nguy\u00ean v\u1eadt li\u1ec7u<\/li>\n<li>Kh\u00f4ng \u0111\u1ec3 t\u00ecnh tr\u1ea1ng ph\u1ea3i d\u1eebng m\u00e1y, m\u1edf m\u00e1y nhi\u1ec1u l\u1ea7n trong th\u1eddi gian l\u00e0m vi\u1ec7c c\u1ee7a m\u00e1y.<\/li>\n<li>Chi ph\u00ed s\u1eed d\u1ee5ng kh\u00f4ng cao<\/li>\n<li>C\u00e1ch s\u1eed d\u1ee5ng \u0111\u01a1n gi\u1ea3n, hi\u1ec7u qu\u1ea3 cao.<\/li>\n<li>Gi\u00fap cho c\u00f4ng vi\u1ec7c \u0111\u01b0\u1ee3c thu\u1eadn l\u1ee3i l\u00e0 hi\u1ec7u qu\u1ea3 t\u1ed1i \u0111a.<\/li>\n<\/ul>\n<h2 style=\"font-weight: 600;\">\u0110\u1ecba ch\u1ec9 ph\u00e2n ph\u1ed1i lo\u1ea1i b\u0103ng d\u00ednh ch\u1ed1ng t\u0129nh \u0111i\u1ec7n<\/h2>\n<p style=\"font-weight: 400;\">C\u00f4ng ty TNHH C\u00f4ng ngh\u1ec7 v\u00e0 th\u01b0\u01a1ng m\u1ea1i IMRO VN l\u00e0 m\u1ed9t \u0111\u01a1n v\u1ecb chuy\u00ean cung c\u1ea5p c\u00e1c lo\u1ea1i thi\u1ebft b\u1ecb\u00a0 trong ng\u00e0nh s\u1ea3n xu\u1ea5t linh ki\u1ec7n \u0111i\u1ec7n t\u1eed n\u00f3i chung v\u00e0 trong ng\u00e0nh c\u00f4ng nghi\u1ec7p ph\u00f2ng s\u1ea1ch n\u00f3i ri\u00eang. B\u0103ng d\u00ednh n\u1ed1i li\u1ec7u SMT ch\u1ed1ng t\u0129nh \u0111i\u1ec7n \u0111\u01b0\u1ee3c c\u00f4ng ty TNHH c\u00f4ng ngh\u1ec7 v\u00e0 th\u01b0\u01a1ng m\u1ea1i IMRO VN nh\u1eadp kh\u1ea9u tr\u1ef1c ti\u1ebfp t\u1eeb\u00a0 n\u01b0\u1edbc Trung Qu\u1ed1c, t\u1eeb nh\u00e0 m\u00e1y s\u1ea3n xu\u1ea5t b\u00ean Trung Qu\u1ed1c c\u00f3 kinh nghi\u1ec7m ho\u1ea1t \u0111\u1ed9ng l\u00e2u \u0111\u1eddi, c\u00f3 uy t\u00edn cao. V\u00ec v\u1eady, s\u1ea3n ph\u1ea9m c\u00f4ng ty n\u00e0y ph\u00e2n ph\u1ed1i lu\u00f4n c\u00f3 m\u1ee9c gi\u00e1 t\u1ed1t nh\u1ea5t do kh\u00f4ng mua l\u1ea1i qua c\u00e1c c\u00f4ng ty th\u01b0\u01a1ng m\u1ea1i kh\u00e1c trong n\u01b0\u1edbc r\u1ed3i b\u00e1n l\u1ea1i. Ch\u1ea5t l\u01b0\u1ee3ng s\u1ea3n ph\u1ea9m th\u00ec lu\u00f4n \u0111\u1ea3m b\u1ea3o, \u0111\u1ed9 ch\u1ed1ng t\u0129nh \u0111i\u1ec7n lu\u00f4n \u0111\u1ea1t trong kho\u1ea3ng quy \u0111\u1ecbnh<\/p>","protected":false},"excerpt":{"rendered":"<ul>\n<li>D\u00f9ng cho m\u00e1y g\u1eafn link ki\u1ec7n \u0111i\u1ec7n t\u1eed Fuji, Panasonic<\/li>\n<li>M\u00e0u s\u1eafc : \u0110en b\u00f3ng<\/li>\n<li>K\u00edch th\u01b0\u1edbc : 8\/12\/16\/24\/32mm<\/li>\n<li>\u0110\u00f3ng g\u00f3i : 500 pcs \/ H\u1ed9p<\/li>\n<li>Th\u1eddi gian: T\u00f9y \u0111\u01a1n h\u00e0ng<\/li>\n<\/ul>\n","protected":false},"featured_media":1956,"comment_status":"open","ping_status":"closed","template":"","meta":[],"product_brand":[],"product_cat":[43],"product_tag":[178,307,343,360,358,346,359],"class_list":{"0":"post-1953","1":"product","2":"type-product","3":"status-publish","4":"has-post-thumbnail","6":"product_cat-smt-consumable","7":"product_tag-bang-dinh-noi-lieu-chong-tinh-dien","8":"product_tag-dien-tu","9":"product_tag-linh-kien","10":"product_tag-may-gan-linh-kien","11":"product_tag-noi-lieu","12":"product_tag-san-xuat","13":"product_tag-splice","15":"first","16":"instock","17":"featured","18":"shipping-taxable","19":"product-type-simple"},"yoast_head":"<!-- This site is optimized with the Yoast SEO Premium plugin v25.0 (Yoast SEO v25.2) - https:\/\/yoast.com\/wordpress\/plugins\/seo\/ -->\n<title>B\u0103ng d\u00ednh n\u1ed1i li\u1ec7u ch\u1ed1ng t\u0129nh \u0111i\u1ec7n - IMRO Vietnam<\/title>\n<meta name=\"robots\" content=\"index, follow, max-snippet:-1, max-image-preview:large, max-video-preview:-1\" \/>\n<link rel=\"canonical\" href=\"https:\/\/imrovietnam.com\/en\/product\/bang-dinh-noi-lieu-chong-tinh-dien\/\" \/>\n<meta property=\"og:locale\" content=\"en_US\" \/>\n<meta property=\"og:type\" content=\"article\" \/>\n<meta property=\"og:title\" content=\"B\u0103ng d\u00ednh n\u1ed1i li\u1ec7u ch\u1ed1ng t\u0129nh \u0111i\u1ec7n\" \/>\n<meta property=\"og:description\" content=\"D\u00f9ng cho m\u00e1y g\u1eafn link ki\u1ec7n \u0111i\u1ec7n t\u1eed Fuji, Panasonic  M\u00e0u s\u1eafc : \u0110en b\u00f3ng  K\u00edch th\u01b0\u1edbc : 8\/12\/16\/24\/32mm  \u0110\u00f3ng g\u00f3i : 500 pcs \/ H\u1ed9p  Th\u1eddi gian: T\u00f9y \u0111\u01a1n h\u00e0ng\" \/>\n<meta property=\"og:url\" content=\"https:\/\/imrovietnam.com\/en\/product\/bang-dinh-noi-lieu-chong-tinh-dien\/\" \/>\n<meta property=\"og:site_name\" content=\"IMRO Vietnam\" \/>\n<meta property=\"article:modified_time\" content=\"2021-09-08T07:32:57+00:00\" \/>\n<meta property=\"og:image\" content=\"https:\/\/imrovietnam.com\/wp-content\/uploads\/2021\/08\/bang-dinh-chong-tinh-dien-1.jpg\" \/>\n\t<meta property=\"og:image:width\" content=\"581\" \/>\n\t<meta property=\"og:image:height\" content=\"499\" \/>\n\t<meta property=\"og:image:type\" content=\"image\/jpeg\" \/>\n<meta name=\"twitter:card\" content=\"summary_large_image\" \/>\n<meta name=\"twitter:label1\" content=\"Est. reading time\" \/>\n\t<meta name=\"twitter:data1\" content=\"14 minutes\" \/>\n<script type=\"application\/ld+json\" class=\"yoast-schema-graph\">{\"@context\":\"https:\/\/schema.org\",\"@graph\":[{\"@type\":\"WebPage\",\"@id\":\"https:\/\/imrovietnam.com\/en\/product\/bang-dinh-noi-lieu-chong-tinh-dien\/\",\"url\":\"https:\/\/imrovietnam.com\/en\/product\/bang-dinh-noi-lieu-chong-tinh-dien\/\",\"name\":\"B\u0103ng d\u00ednh n\u1ed1i li\u1ec7u ch\u1ed1ng t\u0129nh \u0111i\u1ec7n - IMRO Vietnam\",\"isPartOf\":{\"@id\":\"https:\/\/imrovietnam.com\/en\/#website\"},\"primaryImageOfPage\":{\"@id\":\"https:\/\/imrovietnam.com\/en\/product\/bang-dinh-noi-lieu-chong-tinh-dien\/#primaryimage\"},\"image\":{\"@id\":\"https:\/\/imrovietnam.com\/en\/product\/bang-dinh-noi-lieu-chong-tinh-dien\/#primaryimage\"},\"thumbnailUrl\":\"https:\/\/imrovietnam.com\/wp-content\/uploads\/2021\/08\/bang-dinh-chong-tinh-dien-1.jpg\",\"datePublished\":\"2021-08-09T07:54:23+00:00\",\"dateModified\":\"2021-09-08T07:32:57+00:00\",\"breadcrumb\":{\"@id\":\"https:\/\/imrovietnam.com\/en\/product\/bang-dinh-noi-lieu-chong-tinh-dien\/#breadcrumb\"},\"inLanguage\":\"en-US\",\"potentialAction\":[{\"@type\":\"ReadAction\",\"target\":[\"https:\/\/imrovietnam.com\/en\/product\/bang-dinh-noi-lieu-chong-tinh-dien\/\"]}]},{\"@type\":\"ImageObject\",\"inLanguage\":\"en-US\",\"@id\":\"https:\/\/imrovietnam.com\/en\/product\/bang-dinh-noi-lieu-chong-tinh-dien\/#primaryimage\",\"url\":\"https:\/\/imrovietnam.com\/wp-content\/uploads\/2021\/08\/bang-dinh-chong-tinh-dien-1.jpg\",\"contentUrl\":\"https:\/\/imrovietnam.com\/wp-content\/uploads\/2021\/08\/bang-dinh-chong-tinh-dien-1.jpg\",\"width\":581,\"height\":499},{\"@type\":\"BreadcrumbList\",\"@id\":\"https:\/\/imrovietnam.com\/en\/product\/bang-dinh-noi-lieu-chong-tinh-dien\/#breadcrumb\",\"itemListElement\":[{\"@type\":\"ListItem\",\"position\":1,\"name\":\"Home\",\"item\":\"https:\/\/imrovietnam.com\/en\/\"},{\"@type\":\"ListItem\",\"position\":2,\"name\":\"S\u1ea3n ph\u1ea9m\",\"item\":\"https:\/\/imrovietnam.com\/shop\/\"},{\"@type\":\"ListItem\",\"position\":3,\"name\":\"B\u0103ng d\u00ednh n\u1ed1i li\u1ec7u ch\u1ed1ng t\u0129nh \u0111i\u1ec7n\"}]},{\"@type\":\"WebSite\",\"@id\":\"https:\/\/imrovietnam.com\/en\/#website\",\"url\":\"https:\/\/imrovietnam.com\/en\/\",\"name\":\"IMRO Vietnam\",\"description\":\"Your consumables and spare parts store\",\"potentialAction\":[{\"@type\":\"SearchAction\",\"target\":{\"@type\":\"EntryPoint\",\"urlTemplate\":\"https:\/\/imrovietnam.com\/en\/?s={search_term_string}\"},\"query-input\":{\"@type\":\"PropertyValueSpecification\",\"valueRequired\":true,\"valueName\":\"search_term_string\"}}],\"inLanguage\":\"en-US\"}]}<\/script>\n<!-- \/ Yoast SEO Premium plugin. -->","yoast_head_json":{"title":"B\u0103ng d\u00ednh n\u1ed1i li\u1ec7u ch\u1ed1ng t\u0129nh \u0111i\u1ec7n - IMRO Vietnam","robots":{"index":"index","follow":"follow","max-snippet":"max-snippet:-1","max-image-preview":"max-image-preview:large","max-video-preview":"max-video-preview:-1"},"canonical":"https:\/\/imrovietnam.com\/en\/product\/bang-dinh-noi-lieu-chong-tinh-dien\/","og_locale":"en_US","og_type":"article","og_title":"B\u0103ng d\u00ednh n\u1ed1i li\u1ec7u ch\u1ed1ng t\u0129nh \u0111i\u1ec7n","og_description":"D\u00f9ng cho m\u00e1y g\u1eafn link ki\u1ec7n \u0111i\u1ec7n t\u1eed Fuji, Panasonic  M\u00e0u s\u1eafc : \u0110en b\u00f3ng  K\u00edch th\u01b0\u1edbc : 8\/12\/16\/24\/32mm  \u0110\u00f3ng g\u00f3i : 500 pcs \/ H\u1ed9p  Th\u1eddi gian: T\u00f9y \u0111\u01a1n h\u00e0ng","og_url":"https:\/\/imrovietnam.com\/en\/product\/bang-dinh-noi-lieu-chong-tinh-dien\/","og_site_name":"IMRO Vietnam","article_modified_time":"2021-09-08T07:32:57+00:00","og_image":[{"width":581,"height":499,"url":"https:\/\/imrovietnam.com\/wp-content\/uploads\/2021\/08\/bang-dinh-chong-tinh-dien-1.jpg","type":"image\/jpeg"}],"twitter_card":"summary_large_image","twitter_misc":{"Est. reading time":"14 minutes"},"schema":{"@context":"https:\/\/schema.org","@graph":[{"@type":"WebPage","@id":"https:\/\/imrovietnam.com\/en\/product\/bang-dinh-noi-lieu-chong-tinh-dien\/","url":"https:\/\/imrovietnam.com\/en\/product\/bang-dinh-noi-lieu-chong-tinh-dien\/","name":"B\u0103ng d\u00ednh n\u1ed1i li\u1ec7u ch\u1ed1ng t\u0129nh \u0111i\u1ec7n - IMRO Vietnam","isPartOf":{"@id":"https:\/\/imrovietnam.com\/en\/#website"},"primaryImageOfPage":{"@id":"https:\/\/imrovietnam.com\/en\/product\/bang-dinh-noi-lieu-chong-tinh-dien\/#primaryimage"},"image":{"@id":"https:\/\/imrovietnam.com\/en\/product\/bang-dinh-noi-lieu-chong-tinh-dien\/#primaryimage"},"thumbnailUrl":"https:\/\/imrovietnam.com\/wp-content\/uploads\/2021\/08\/bang-dinh-chong-tinh-dien-1.jpg","datePublished":"2021-08-09T07:54:23+00:00","dateModified":"2021-09-08T07:32:57+00:00","breadcrumb":{"@id":"https:\/\/imrovietnam.com\/en\/product\/bang-dinh-noi-lieu-chong-tinh-dien\/#breadcrumb"},"inLanguage":"en-US","potentialAction":[{"@type":"ReadAction","target":["https:\/\/imrovietnam.com\/en\/product\/bang-dinh-noi-lieu-chong-tinh-dien\/"]}]},{"@type":"ImageObject","inLanguage":"en-US","@id":"https:\/\/imrovietnam.com\/en\/product\/bang-dinh-noi-lieu-chong-tinh-dien\/#primaryimage","url":"https:\/\/imrovietnam.com\/wp-content\/uploads\/2021\/08\/bang-dinh-chong-tinh-dien-1.jpg","contentUrl":"https:\/\/imrovietnam.com\/wp-content\/uploads\/2021\/08\/bang-dinh-chong-tinh-dien-1.jpg","width":581,"height":499},{"@type":"BreadcrumbList","@id":"https:\/\/imrovietnam.com\/en\/product\/bang-dinh-noi-lieu-chong-tinh-dien\/#breadcrumb","itemListElement":[{"@type":"ListItem","position":1,"name":"Home","item":"https:\/\/imrovietnam.com\/en\/"},{"@type":"ListItem","position":2,"name":"S\u1ea3n ph\u1ea9m","item":"https:\/\/imrovietnam.com\/shop\/"},{"@type":"ListItem","position":3,"name":"B\u0103ng d\u00ednh n\u1ed1i li\u1ec7u ch\u1ed1ng t\u0129nh \u0111i\u1ec7n"}]},{"@type":"WebSite","@id":"https:\/\/imrovietnam.com\/en\/#website","url":"https:\/\/imrovietnam.com\/en\/","name":"IMRO Vietnam","description":"Your consumables and spare parts store","potentialAction":[{"@type":"SearchAction","target":{"@type":"EntryPoint","urlTemplate":"https:\/\/imrovietnam.com\/en\/?s={search_term_string}"},"query-input":{"@type":"PropertyValueSpecification","valueRequired":true,"valueName":"search_term_string"}}],"inLanguage":"en-US"}]}},"_links":{"self":[{"href":"https:\/\/imrovietnam.com\/en\/wp-json\/wp\/v2\/product\/1953","targetHints":{"allow":["GET"]}}],"collection":[{"href":"https:\/\/imrovietnam.com\/en\/wp-json\/wp\/v2\/product"}],"about":[{"href":"https:\/\/imrovietnam.com\/en\/wp-json\/wp\/v2\/types\/product"}],"replies":[{"embeddable":true,"href":"https:\/\/imrovietnam.com\/en\/wp-json\/wp\/v2\/comments?post=1953"}],"wp:featuredmedia":[{"embeddable":true,"href":"https:\/\/imrovietnam.com\/en\/wp-json\/wp\/v2\/media\/1956"}],"wp:attachment":[{"href":"https:\/\/imrovietnam.com\/en\/wp-json\/wp\/v2\/media?parent=1953"}],"wp:term":[{"taxonomy":"product_brand","embeddable":true,"href":"https:\/\/imrovietnam.com\/en\/wp-json\/wp\/v2\/product_brand?post=1953"},{"taxonomy":"product_cat","embeddable":true,"href":"https:\/\/imrovietnam.com\/en\/wp-json\/wp\/v2\/product_cat?post=1953"},{"taxonomy":"product_tag","embeddable":true,"href":"https:\/\/imrovietnam.com\/en\/wp-json\/wp\/v2\/product_tag?post=1953"}],"curies":[{"name":"wp","href":"https:\/\/api.w.org\/{rel}","templated":true}]}}