{"id":1888,"date":"2021-08-08T17:36:01","date_gmt":"2021-08-08T10:36:01","guid":{"rendered":"https:\/\/imrovietnam.com\/?post_type=product&#038;p=1888"},"modified":"2021-08-11T09:13:07","modified_gmt":"2021-08-11T02:13:07","slug":"sung-ban-vit-makita-bosch","status":"publish","type":"product","link":"https:\/\/imrovietnam.com\/en\/product\/sung-ban-vit-makita-bosch\/","title":{"rendered":"S\u00fang B\u1eafn V\u00edt Makita, Bosch"},"content":{"rendered":"&nbsp;<\/p>\n<p><img loading=\"lazy\" decoding=\"async\" class=\"alignnone size-full wp-image-1891\" src=\"https:\/\/imrovietnam.com\/wp-content\/uploads\/2021\/08\/sung-makita.jpg\" alt=\"\" width=\"627\" height=\"616\" srcset=\"https:\/\/imrovietnam.com\/wp-content\/uploads\/2021\/08\/sung-makita.jpg 627w, https:\/\/imrovietnam.com\/wp-content\/uploads\/2021\/08\/sung-makita-407x400.jpg 407w, https:\/\/imrovietnam.com\/wp-content\/uploads\/2021\/08\/sung-makita-510x501.jpg 510w\" sizes=\"auto, (max-width: 627px) 100vw, 627px\" \/><\/p>\n<p><img loading=\"lazy\" decoding=\"async\" class=\"alignnone size-full wp-image-1889\" src=\"https:\/\/imrovietnam.com\/wp-content\/uploads\/2021\/08\/sung-khoan-tay-bosch.jpg\" alt=\"\" width=\"998\" height=\"738\" srcset=\"https:\/\/imrovietnam.com\/wp-content\/uploads\/2021\/08\/sung-khoan-tay-bosch.jpg 998w, https:\/\/imrovietnam.com\/wp-content\/uploads\/2021\/08\/sung-khoan-tay-bosch-541x400.jpg 541w, https:\/\/imrovietnam.com\/wp-content\/uploads\/2021\/08\/sung-khoan-tay-bosch-768x568.jpg 768w, https:\/\/imrovietnam.com\/wp-content\/uploads\/2021\/08\/sung-khoan-tay-bosch-510x377.jpg 510w\" sizes=\"auto, (max-width: 998px) 100vw, 998px\" \/><\/p>\n<p>\u0110\u1ea7y \u0111\u1ee7 c\u00e1c model s\u00fang b\u1eafn v\u00edt h\u00e3ng Makita, Bosch &#8230;","protected":false},"excerpt":{"rendered":"<p>&nbsp; \u0110\u1ea7y \u0111\u1ee7 c\u00e1c model s\u00fang b\u1eafn v\u00edt h\u00e3ng Makita, Bosch &#8230;<\/p>\n","protected":false},"featured_media":1891,"comment_status":"open","ping_status":"closed","template":"","meta":[],"product_brand":[],"product_cat":[105],"product_tag":[126],"class_list":{"0":"post-1888","1":"product","2":"type-product","3":"status-publish","4":"has-post-thumbnail","6":"product_cat-tools-dung-cu-may-moc-cam-tay","7":"product_tag-sung-ban-vit","9":"first","10":"instock","11":"shipping-taxable","12":"product-type-simple"},"yoast_head":"<!-- This site is optimized with the Yoast SEO Premium plugin v25.0 (Yoast SEO v25.2) - https:\/\/yoast.com\/wordpress\/plugins\/seo\/ -->\n<title>S\u00fang B\u1eafn V\u00edt Makita, Bosch - IMRO Vietnam<\/title>\n<meta name=\"robots\" content=\"index, follow, max-snippet:-1, max-image-preview:large, max-video-preview:-1\" \/>\n<link rel=\"canonical\" href=\"https:\/\/imrovietnam.com\/en\/product\/sung-ban-vit-makita-bosch\/\" \/>\n<meta property=\"og:locale\" content=\"en_US\" \/>\n<meta property=\"og:type\" content=\"article\" \/>\n<meta property=\"og:title\" content=\"S\u00fang B\u1eafn V\u00edt Makita, Bosch\" \/>\n<meta property=\"og:description\" content=\"&nbsp; \u0110\u1ea7y \u0111\u1ee7 c\u00e1c model s\u00fang b\u1eafn v\u00edt h\u00e3ng Makita, Bosch &#8230;\" \/>\n<meta property=\"og:url\" content=\"https:\/\/imrovietnam.com\/en\/product\/sung-ban-vit-makita-bosch\/\" \/>\n<meta property=\"og:site_name\" content=\"IMRO Vietnam\" \/>\n<meta property=\"article:modified_time\" content=\"2021-08-11T02:13:07+00:00\" \/>\n<meta property=\"og:image\" content=\"https:\/\/imrovietnam.com\/wp-content\/uploads\/2021\/08\/sung-makita.jpg\" \/>\n\t<meta property=\"og:image:width\" content=\"627\" \/>\n\t<meta property=\"og:image:height\" content=\"616\" \/>\n\t<meta property=\"og:image:type\" content=\"image\/jpeg\" \/>\n<meta name=\"twitter:card\" content=\"summary_large_image\" \/>\n<script type=\"application\/ld+json\" class=\"yoast-schema-graph\">{\"@context\":\"https:\/\/schema.org\",\"@graph\":[{\"@type\":\"WebPage\",\"@id\":\"https:\/\/imrovietnam.com\/en\/product\/sung-ban-vit-makita-bosch\/\",\"url\":\"https:\/\/imrovietnam.com\/en\/product\/sung-ban-vit-makita-bosch\/\",\"name\":\"S\u00fang B\u1eafn V\u00edt Makita, Bosch - IMRO Vietnam\",\"isPartOf\":{\"@id\":\"https:\/\/imrovietnam.com\/#website\"},\"primaryImageOfPage\":{\"@id\":\"https:\/\/imrovietnam.com\/en\/product\/sung-ban-vit-makita-bosch\/#primaryimage\"},\"image\":{\"@id\":\"https:\/\/imrovietnam.com\/en\/product\/sung-ban-vit-makita-bosch\/#primaryimage\"},\"thumbnailUrl\":\"https:\/\/imrovietnam.com\/wp-content\/uploads\/2021\/08\/sung-makita.jpg\",\"datePublished\":\"2021-08-08T10:36:01+00:00\",\"dateModified\":\"2021-08-11T02:13:07+00:00\",\"breadcrumb\":{\"@id\":\"https:\/\/imrovietnam.com\/en\/product\/sung-ban-vit-makita-bosch\/#breadcrumb\"},\"inLanguage\":\"en-US\",\"potentialAction\":[{\"@type\":\"ReadAction\",\"target\":[\"https:\/\/imrovietnam.com\/en\/product\/sung-ban-vit-makita-bosch\/\"]}]},{\"@type\":\"ImageObject\",\"inLanguage\":\"en-US\",\"@id\":\"https:\/\/imrovietnam.com\/en\/product\/sung-ban-vit-makita-bosch\/#primaryimage\",\"url\":\"https:\/\/imrovietnam.com\/wp-content\/uploads\/2021\/08\/sung-makita.jpg\",\"contentUrl\":\"https:\/\/imrovietnam.com\/wp-content\/uploads\/2021\/08\/sung-makita.jpg\",\"width\":627,\"height\":616},{\"@type\":\"BreadcrumbList\",\"@id\":\"https:\/\/imrovietnam.com\/en\/product\/sung-ban-vit-makita-bosch\/#breadcrumb\",\"itemListElement\":[{\"@type\":\"ListItem\",\"position\":1,\"name\":\"Home\",\"item\":\"https:\/\/imrovietnam.com\/\"},{\"@type\":\"ListItem\",\"position\":2,\"name\":\"S\u1ea3n ph\u1ea9m\",\"item\":\"https:\/\/imrovietnam.com\/shop\/\"},{\"@type\":\"ListItem\",\"position\":3,\"name\":\"S\u00fang B\u1eafn V\u00edt Makita, Bosch\"}]},{\"@type\":\"WebSite\",\"@id\":\"https:\/\/imrovietnam.com\/#website\",\"url\":\"https:\/\/imrovietnam.com\/\",\"name\":\"IMRO Vietnam\",\"description\":\"Your consumables and spare parts store\",\"potentialAction\":[{\"@type\":\"SearchAction\",\"target\":{\"@type\":\"EntryPoint\",\"urlTemplate\":\"https:\/\/imrovietnam.com\/?s={search_term_string}\"},\"query-input\":{\"@type\":\"PropertyValueSpecification\",\"valueRequired\":true,\"valueName\":\"search_term_string\"}}],\"inLanguage\":\"en-US\"}]}<\/script>\n<!-- \/ Yoast SEO Premium plugin. -->","yoast_head_json":{"title":"S\u00fang B\u1eafn V\u00edt Makita, Bosch - IMRO Vietnam","robots":{"index":"index","follow":"follow","max-snippet":"max-snippet:-1","max-image-preview":"max-image-preview:large","max-video-preview":"max-video-preview:-1"},"canonical":"https:\/\/imrovietnam.com\/en\/product\/sung-ban-vit-makita-bosch\/","og_locale":"en_US","og_type":"article","og_title":"S\u00fang B\u1eafn V\u00edt Makita, Bosch","og_description":"&nbsp; \u0110\u1ea7y \u0111\u1ee7 c\u00e1c model s\u00fang b\u1eafn v\u00edt h\u00e3ng Makita, Bosch &#8230;","og_url":"https:\/\/imrovietnam.com\/en\/product\/sung-ban-vit-makita-bosch\/","og_site_name":"IMRO Vietnam","article_modified_time":"2021-08-11T02:13:07+00:00","og_image":[{"width":627,"height":616,"url":"https:\/\/imrovietnam.com\/wp-content\/uploads\/2021\/08\/sung-makita.jpg","type":"image\/jpeg"}],"twitter_card":"summary_large_image","schema":{"@context":"https:\/\/schema.org","@graph":[{"@type":"WebPage","@id":"https:\/\/imrovietnam.com\/en\/product\/sung-ban-vit-makita-bosch\/","url":"https:\/\/imrovietnam.com\/en\/product\/sung-ban-vit-makita-bosch\/","name":"S\u00fang B\u1eafn V\u00edt Makita, Bosch - IMRO Vietnam","isPartOf":{"@id":"https:\/\/imrovietnam.com\/#website"},"primaryImageOfPage":{"@id":"https:\/\/imrovietnam.com\/en\/product\/sung-ban-vit-makita-bosch\/#primaryimage"},"image":{"@id":"https:\/\/imrovietnam.com\/en\/product\/sung-ban-vit-makita-bosch\/#primaryimage"},"thumbnailUrl":"https:\/\/imrovietnam.com\/wp-content\/uploads\/2021\/08\/sung-makita.jpg","datePublished":"2021-08-08T10:36:01+00:00","dateModified":"2021-08-11T02:13:07+00:00","breadcrumb":{"@id":"https:\/\/imrovietnam.com\/en\/product\/sung-ban-vit-makita-bosch\/#breadcrumb"},"inLanguage":"en-US","potentialAction":[{"@type":"ReadAction","target":["https:\/\/imrovietnam.com\/en\/product\/sung-ban-vit-makita-bosch\/"]}]},{"@type":"ImageObject","inLanguage":"en-US","@id":"https:\/\/imrovietnam.com\/en\/product\/sung-ban-vit-makita-bosch\/#primaryimage","url":"https:\/\/imrovietnam.com\/wp-content\/uploads\/2021\/08\/sung-makita.jpg","contentUrl":"https:\/\/imrovietnam.com\/wp-content\/uploads\/2021\/08\/sung-makita.jpg","width":627,"height":616},{"@type":"BreadcrumbList","@id":"https:\/\/imrovietnam.com\/en\/product\/sung-ban-vit-makita-bosch\/#breadcrumb","itemListElement":[{"@type":"ListItem","position":1,"name":"Home","item":"https:\/\/imrovietnam.com\/"},{"@type":"ListItem","position":2,"name":"S\u1ea3n ph\u1ea9m","item":"https:\/\/imrovietnam.com\/shop\/"},{"@type":"ListItem","position":3,"name":"S\u00fang B\u1eafn V\u00edt Makita, Bosch"}]},{"@type":"WebSite","@id":"https:\/\/imrovietnam.com\/#website","url":"https:\/\/imrovietnam.com\/","name":"IMRO Vietnam","description":"Your consumables and spare parts store","potentialAction":[{"@type":"SearchAction","target":{"@type":"EntryPoint","urlTemplate":"https:\/\/imrovietnam.com\/?s={search_term_string}"},"query-input":{"@type":"PropertyValueSpecification","valueRequired":true,"valueName":"search_term_string"}}],"inLanguage":"en-US"}]}},"_links":{"self":[{"href":"https:\/\/imrovietnam.com\/en\/wp-json\/wp\/v2\/product\/1888","targetHints":{"allow":["GET"]}}],"collection":[{"href":"https:\/\/imrovietnam.com\/en\/wp-json\/wp\/v2\/product"}],"about":[{"href":"https:\/\/imrovietnam.com\/en\/wp-json\/wp\/v2\/types\/product"}],"replies":[{"embeddable":true,"href":"https:\/\/imrovietnam.com\/en\/wp-json\/wp\/v2\/comments?post=1888"}],"wp:featuredmedia":[{"embeddable":true,"href":"https:\/\/imrovietnam.com\/en\/wp-json\/wp\/v2\/media\/1891"}],"wp:attachment":[{"href":"https:\/\/imrovietnam.com\/en\/wp-json\/wp\/v2\/media?parent=1888"}],"wp:term":[{"taxonomy":"product_brand","embeddable":true,"href":"https:\/\/imrovietnam.com\/en\/wp-json\/wp\/v2\/product_brand?post=1888"},{"taxonomy":"product_cat","embeddable":true,"href":"https:\/\/imrovietnam.com\/en\/wp-json\/wp\/v2\/product_cat?post=1888"},{"taxonomy":"product_tag","embeddable":true,"href":"https:\/\/imrovietnam.com\/en\/wp-json\/wp\/v2\/product_tag?post=1888"}],"curies":[{"name":"wp","href":"https:\/\/api.w.org\/{rel}","templated":true}]}}