{"id":1865,"date":"2021-08-08T17:06:49","date_gmt":"2021-08-08T10:06:49","guid":{"rendered":"https:\/\/imrovietnam.com\/?post_type=product&#038;p=1865"},"modified":"2021-08-11T09:16:01","modified_gmt":"2021-08-11T02:16:01","slug":"van-dien-tu-festo-smc-airtac","status":"publish","type":"product","link":"https:\/\/imrovietnam.com\/en\/product\/van-dien-tu-festo-smc-airtac\/","title":{"rendered":"Van \u0110i\u1ec7n T\u1eeb Festo, SMC, Airtac&#8230;"},"content":{"rendered":"<p>Ch\u00fang t\u00f4i l\u00e0 \u0111\u1ea1i l\u00fd ph\u00e2n ph\u1ed1i ch\u00ednh h\u00e3ng c\u1ee7a c\u00e1c h\u00e3ng SMA, Festo, Airtac &#8230;<\/p>\n<p>Ch\u00fang t\u00f4i c\u00f3 \u0111\u1ea7y \u0111\u1ee7 c\u00e1c model c\u1ee7a c\u00e1c van \u0111i\u1ec1u khi\u1ec3n \u0111i\u1ec7n t\u1eeb.<\/p>\n<p><img loading=\"lazy\" decoding=\"async\" class=\"alignnone size-full wp-image-1868\" src=\"https:\/\/imrovietnam.com\/wp-content\/uploads\/2021\/08\/van-Festo-1.jpg\" alt=\"\" width=\"449\" height=\"403\" srcset=\"https:\/\/imrovietnam.com\/wp-content\/uploads\/2021\/08\/van-Festo-1.jpg 449w, https:\/\/imrovietnam.com\/wp-content\/uploads\/2021\/08\/van-Festo-1-446x400.jpg 446w\" sizes=\"auto, (max-width: 449px) 100vw, 449px\" \/><img loading=\"lazy\" decoding=\"async\" class=\"alignnone size-full wp-image-1870\" src=\"https:\/\/imrovietnam.com\/wp-content\/uploads\/2021\/08\/van-ddien-tu-smc.jpg\" alt=\"\" width=\"575\" height=\"580\" srcset=\"https:\/\/imrovietnam.com\/wp-content\/uploads\/2021\/08\/van-ddien-tu-smc.jpg 575w, https:\/\/imrovietnam.com\/wp-content\/uploads\/2021\/08\/van-ddien-tu-smc-397x400.jpg 397w, https:\/\/imrovietnam.com\/wp-content\/uploads\/2021\/08\/van-ddien-tu-smc-510x514.jpg 510w, https:\/\/imrovietnam.com\/wp-content\/uploads\/2021\/08\/van-ddien-tu-smc-100x100.jpg 100w\" sizes=\"auto, (max-width: 575px) 100vw, 575px\" \/><\/p>\n","protected":false},"excerpt":{"rendered":"<p>Ch\u00fang t\u00f4i l\u00e0 \u0111\u1ea1i l\u00fd ph\u00e2n ph\u1ed1i ch\u00ednh h\u00e3ng c\u1ee7a c\u00e1c h\u00e3ng SMA, Festo, Airtac &#8230; Ch\u00fang t\u00f4i c\u00f3 \u0111\u1ea7y \u0111\u1ee7 c\u00e1c model c\u1ee7a c\u00e1c van \u0111i\u1ec1u khi\u1ec3n \u0111i\u1ec7n t\u1eeb.<\/p>\n","protected":false},"featured_media":1870,"comment_status":"open","ping_status":"closed","template":"","meta":[],"product_brand":[],"product_cat":[21],"product_tag":[130],"class_list":{"0":"post-1865","1":"product","2":"type-product","3":"status-publish","4":"has-post-thumbnail","6":"product_cat-thiet-bi-thuy-luc-khi-nen","7":"product_tag-van-dien-tu-smc","9":"first","10":"instock","11":"featured","12":"shipping-taxable","13":"product-type-simple"},"yoast_head":"<!-- This site is optimized with the Yoast SEO Premium plugin v25.0 (Yoast SEO v25.2) - https:\/\/yoast.com\/wordpress\/plugins\/seo\/ -->\n<title>Van \u0110i\u1ec7n T\u1eeb Festo, SMC, Airtac... - IMRO Vietnam<\/title>\n<meta name=\"robots\" content=\"index, follow, max-snippet:-1, max-image-preview:large, max-video-preview:-1\" \/>\n<link rel=\"canonical\" href=\"https:\/\/imrovietnam.com\/en\/product\/van-dien-tu-festo-smc-airtac\/\" \/>\n<meta property=\"og:locale\" content=\"en_US\" \/>\n<meta property=\"og:type\" content=\"article\" \/>\n<meta property=\"og:title\" content=\"Van \u0110i\u1ec7n T\u1eeb Festo, SMC, Airtac...\" \/>\n<meta property=\"og:description\" content=\"Ch\u00fang t\u00f4i l\u00e0 \u0111\u1ea1i l\u00fd ph\u00e2n ph\u1ed1i ch\u00ednh h\u00e3ng c\u1ee7a c\u00e1c h\u00e3ng SMA, Festo, Airtac &#8230; Ch\u00fang t\u00f4i c\u00f3 \u0111\u1ea7y \u0111\u1ee7 c\u00e1c model c\u1ee7a c\u00e1c van \u0111i\u1ec1u khi\u1ec3n \u0111i\u1ec7n t\u1eeb.\" \/>\n<meta property=\"og:url\" content=\"https:\/\/imrovietnam.com\/en\/product\/van-dien-tu-festo-smc-airtac\/\" \/>\n<meta property=\"og:site_name\" content=\"IMRO Vietnam\" \/>\n<meta property=\"article:modified_time\" content=\"2021-08-11T02:16:01+00:00\" \/>\n<meta property=\"og:image\" content=\"https:\/\/imrovietnam.com\/wp-content\/uploads\/2021\/08\/van-ddien-tu-smc.jpg\" \/>\n\t<meta property=\"og:image:width\" content=\"575\" \/>\n\t<meta property=\"og:image:height\" content=\"580\" \/>\n\t<meta property=\"og:image:type\" content=\"image\/jpeg\" \/>\n<meta name=\"twitter:card\" content=\"summary_large_image\" \/>\n<script type=\"application\/ld+json\" class=\"yoast-schema-graph\">{\"@context\":\"https:\/\/schema.org\",\"@graph\":[{\"@type\":\"WebPage\",\"@id\":\"https:\/\/imrovietnam.com\/en\/product\/van-dien-tu-festo-smc-airtac\/\",\"url\":\"https:\/\/imrovietnam.com\/en\/product\/van-dien-tu-festo-smc-airtac\/\",\"name\":\"Van \u0110i\u1ec7n T\u1eeb Festo, SMC, Airtac... - IMRO Vietnam\",\"isPartOf\":{\"@id\":\"https:\/\/imrovietnam.com\/#website\"},\"primaryImageOfPage\":{\"@id\":\"https:\/\/imrovietnam.com\/en\/product\/van-dien-tu-festo-smc-airtac\/#primaryimage\"},\"image\":{\"@id\":\"https:\/\/imrovietnam.com\/en\/product\/van-dien-tu-festo-smc-airtac\/#primaryimage\"},\"thumbnailUrl\":\"https:\/\/imrovietnam.com\/wp-content\/uploads\/2021\/08\/van-ddien-tu-smc.jpg\",\"datePublished\":\"2021-08-08T10:06:49+00:00\",\"dateModified\":\"2021-08-11T02:16:01+00:00\",\"breadcrumb\":{\"@id\":\"https:\/\/imrovietnam.com\/en\/product\/van-dien-tu-festo-smc-airtac\/#breadcrumb\"},\"inLanguage\":\"en-US\",\"potentialAction\":[{\"@type\":\"ReadAction\",\"target\":[\"https:\/\/imrovietnam.com\/en\/product\/van-dien-tu-festo-smc-airtac\/\"]}]},{\"@type\":\"ImageObject\",\"inLanguage\":\"en-US\",\"@id\":\"https:\/\/imrovietnam.com\/en\/product\/van-dien-tu-festo-smc-airtac\/#primaryimage\",\"url\":\"https:\/\/imrovietnam.com\/wp-content\/uploads\/2021\/08\/van-ddien-tu-smc.jpg\",\"contentUrl\":\"https:\/\/imrovietnam.com\/wp-content\/uploads\/2021\/08\/van-ddien-tu-smc.jpg\",\"width\":575,\"height\":580},{\"@type\":\"BreadcrumbList\",\"@id\":\"https:\/\/imrovietnam.com\/en\/product\/van-dien-tu-festo-smc-airtac\/#breadcrumb\",\"itemListElement\":[{\"@type\":\"ListItem\",\"position\":1,\"name\":\"Home\",\"item\":\"https:\/\/imrovietnam.com\/\"},{\"@type\":\"ListItem\",\"position\":2,\"name\":\"S\u1ea3n ph\u1ea9m\",\"item\":\"https:\/\/imrovietnam.com\/shop\/\"},{\"@type\":\"ListItem\",\"position\":3,\"name\":\"Van \u0110i\u1ec7n T\u1eeb Festo, SMC, Airtac&#8230;\"}]},{\"@type\":\"WebSite\",\"@id\":\"https:\/\/imrovietnam.com\/#website\",\"url\":\"https:\/\/imrovietnam.com\/\",\"name\":\"IMRO Vietnam\",\"description\":\"Your consumables and spare parts store\",\"potentialAction\":[{\"@type\":\"SearchAction\",\"target\":{\"@type\":\"EntryPoint\",\"urlTemplate\":\"https:\/\/imrovietnam.com\/?s={search_term_string}\"},\"query-input\":{\"@type\":\"PropertyValueSpecification\",\"valueRequired\":true,\"valueName\":\"search_term_string\"}}],\"inLanguage\":\"en-US\"}]}<\/script>\n<!-- \/ Yoast SEO Premium plugin. -->","yoast_head_json":{"title":"Van \u0110i\u1ec7n T\u1eeb Festo, SMC, Airtac... - IMRO Vietnam","robots":{"index":"index","follow":"follow","max-snippet":"max-snippet:-1","max-image-preview":"max-image-preview:large","max-video-preview":"max-video-preview:-1"},"canonical":"https:\/\/imrovietnam.com\/en\/product\/van-dien-tu-festo-smc-airtac\/","og_locale":"en_US","og_type":"article","og_title":"Van \u0110i\u1ec7n T\u1eeb Festo, SMC, Airtac...","og_description":"Ch\u00fang t\u00f4i l\u00e0 \u0111\u1ea1i l\u00fd ph\u00e2n ph\u1ed1i ch\u00ednh h\u00e3ng c\u1ee7a c\u00e1c h\u00e3ng SMA, Festo, Airtac &#8230; Ch\u00fang t\u00f4i c\u00f3 \u0111\u1ea7y \u0111\u1ee7 c\u00e1c model c\u1ee7a c\u00e1c van \u0111i\u1ec1u khi\u1ec3n \u0111i\u1ec7n t\u1eeb.","og_url":"https:\/\/imrovietnam.com\/en\/product\/van-dien-tu-festo-smc-airtac\/","og_site_name":"IMRO Vietnam","article_modified_time":"2021-08-11T02:16:01+00:00","og_image":[{"width":575,"height":580,"url":"https:\/\/imrovietnam.com\/wp-content\/uploads\/2021\/08\/van-ddien-tu-smc.jpg","type":"image\/jpeg"}],"twitter_card":"summary_large_image","schema":{"@context":"https:\/\/schema.org","@graph":[{"@type":"WebPage","@id":"https:\/\/imrovietnam.com\/en\/product\/van-dien-tu-festo-smc-airtac\/","url":"https:\/\/imrovietnam.com\/en\/product\/van-dien-tu-festo-smc-airtac\/","name":"Van \u0110i\u1ec7n T\u1eeb Festo, SMC, Airtac... - IMRO Vietnam","isPartOf":{"@id":"https:\/\/imrovietnam.com\/#website"},"primaryImageOfPage":{"@id":"https:\/\/imrovietnam.com\/en\/product\/van-dien-tu-festo-smc-airtac\/#primaryimage"},"image":{"@id":"https:\/\/imrovietnam.com\/en\/product\/van-dien-tu-festo-smc-airtac\/#primaryimage"},"thumbnailUrl":"https:\/\/imrovietnam.com\/wp-content\/uploads\/2021\/08\/van-ddien-tu-smc.jpg","datePublished":"2021-08-08T10:06:49+00:00","dateModified":"2021-08-11T02:16:01+00:00","breadcrumb":{"@id":"https:\/\/imrovietnam.com\/en\/product\/van-dien-tu-festo-smc-airtac\/#breadcrumb"},"inLanguage":"en-US","potentialAction":[{"@type":"ReadAction","target":["https:\/\/imrovietnam.com\/en\/product\/van-dien-tu-festo-smc-airtac\/"]}]},{"@type":"ImageObject","inLanguage":"en-US","@id":"https:\/\/imrovietnam.com\/en\/product\/van-dien-tu-festo-smc-airtac\/#primaryimage","url":"https:\/\/imrovietnam.com\/wp-content\/uploads\/2021\/08\/van-ddien-tu-smc.jpg","contentUrl":"https:\/\/imrovietnam.com\/wp-content\/uploads\/2021\/08\/van-ddien-tu-smc.jpg","width":575,"height":580},{"@type":"BreadcrumbList","@id":"https:\/\/imrovietnam.com\/en\/product\/van-dien-tu-festo-smc-airtac\/#breadcrumb","itemListElement":[{"@type":"ListItem","position":1,"name":"Home","item":"https:\/\/imrovietnam.com\/"},{"@type":"ListItem","position":2,"name":"S\u1ea3n ph\u1ea9m","item":"https:\/\/imrovietnam.com\/shop\/"},{"@type":"ListItem","position":3,"name":"Van \u0110i\u1ec7n T\u1eeb Festo, SMC, Airtac&#8230;"}]},{"@type":"WebSite","@id":"https:\/\/imrovietnam.com\/#website","url":"https:\/\/imrovietnam.com\/","name":"IMRO Vietnam","description":"Your consumables and spare parts store","potentialAction":[{"@type":"SearchAction","target":{"@type":"EntryPoint","urlTemplate":"https:\/\/imrovietnam.com\/?s={search_term_string}"},"query-input":{"@type":"PropertyValueSpecification","valueRequired":true,"valueName":"search_term_string"}}],"inLanguage":"en-US"}]}},"_links":{"self":[{"href":"https:\/\/imrovietnam.com\/en\/wp-json\/wp\/v2\/product\/1865","targetHints":{"allow":["GET"]}}],"collection":[{"href":"https:\/\/imrovietnam.com\/en\/wp-json\/wp\/v2\/product"}],"about":[{"href":"https:\/\/imrovietnam.com\/en\/wp-json\/wp\/v2\/types\/product"}],"replies":[{"embeddable":true,"href":"https:\/\/imrovietnam.com\/en\/wp-json\/wp\/v2\/comments?post=1865"}],"wp:featuredmedia":[{"embeddable":true,"href":"https:\/\/imrovietnam.com\/en\/wp-json\/wp\/v2\/media\/1870"}],"wp:attachment":[{"href":"https:\/\/imrovietnam.com\/en\/wp-json\/wp\/v2\/media?parent=1865"}],"wp:term":[{"taxonomy":"product_brand","embeddable":true,"href":"https:\/\/imrovietnam.com\/en\/wp-json\/wp\/v2\/product_brand?post=1865"},{"taxonomy":"product_cat","embeddable":true,"href":"https:\/\/imrovietnam.com\/en\/wp-json\/wp\/v2\/product_cat?post=1865"},{"taxonomy":"product_tag","embeddable":true,"href":"https:\/\/imrovietnam.com\/en\/wp-json\/wp\/v2\/product_tag?post=1865"}],"curies":[{"name":"wp","href":"https:\/\/api.w.org\/{rel}","templated":true}]}}