{"id":1860,"date":"2021-08-08T16:59:00","date_gmt":"2021-08-08T09:59:00","guid":{"rendered":"https:\/\/imrovietnam.com\/?post_type=product&#038;p=1860"},"modified":"2021-08-11T09:16:31","modified_gmt":"2021-08-11T02:16:31","slug":"to-vit-cac-hang-noi-tieng-stanley-sata-toptul-anex","status":"publish","type":"product","link":"https:\/\/imrovietnam.com\/en\/product\/to-vit-cac-hang-noi-tieng-stanley-sata-toptul-anex\/","title":{"rendered":"T\u00f4 V\u00edt C\u00e1c H\u00e3ng N\u1ed5i Ti\u1ebfng Stanley, Sata, toptul, Anex&#8230;."},"content":{"rendered":"Ch\u00fang t\u00f4i l\u00e0 \u0111\u1ea1i l\u00fd ph\u00e2n ph\u1ed1i ch\u00ednh th\u1ee9c c\u1ee7a c\u00e1c h\u00e3ng n\u1ed5i ti\u1ebfng Stanley, Sata, toptul, Anex&#8230;.<\/p>\n<p>C\u00f3 \u0111\u1ea7y \u0111\u1ee7 c\u00e1c model ch\u1ee7ng lo\u1ea1i cho c\u00e1c b\u1ea1n l\u1ef1a ch\u1ecdn.","protected":false},"excerpt":{"rendered":"<p>Ch\u00fang t\u00f4i l\u00e0 \u0111\u1ea1i l\u00fd ph\u00e2n ph\u1ed1i ch\u00ednh th\u1ee9c c\u1ee7a c\u00e1c h\u00e3ng n\u1ed5i ti\u1ebfng Stanley, Sata, toptul, Anex&#8230;. C\u00f3 \u0111\u1ea7y \u0111\u1ee7 c\u00e1c model ch\u1ee7ng lo\u1ea1i cho c\u00e1c b\u1ea1n l\u1ef1a ch\u1ecdn.<\/p>\n","protected":false},"featured_media":1861,"comment_status":"open","ping_status":"closed","template":"","meta":[],"product_brand":[],"product_cat":[105],"product_tag":[131],"class_list":{"0":"post-1860","1":"product","2":"type-product","3":"status-publish","4":"has-post-thumbnail","6":"product_cat-tools-dung-cu-may-moc-cam-tay","7":"product_tag-to-vit-stanley","9":"first","10":"instock","11":"featured","12":"shipping-taxable","13":"product-type-simple"},"yoast_head":"<!-- This site is optimized with the Yoast SEO Premium plugin v25.0 (Yoast SEO v25.2) - https:\/\/yoast.com\/wordpress\/plugins\/seo\/ -->\n<title>T\u00f4 V\u00edt C\u00e1c H\u00e3ng N\u1ed5i Ti\u1ebfng Stanley, Sata, toptul, Anex.... - IMRO Vietnam<\/title>\n<meta name=\"robots\" content=\"index, follow, max-snippet:-1, max-image-preview:large, max-video-preview:-1\" \/>\n<link rel=\"canonical\" href=\"https:\/\/imrovietnam.com\/en\/product\/to-vit-cac-hang-noi-tieng-stanley-sata-toptul-anex\/\" \/>\n<meta property=\"og:locale\" content=\"en_US\" \/>\n<meta property=\"og:type\" content=\"article\" \/>\n<meta property=\"og:title\" content=\"T\u00f4 V\u00edt C\u00e1c H\u00e3ng N\u1ed5i Ti\u1ebfng Stanley, Sata, toptul, Anex....\" \/>\n<meta property=\"og:description\" content=\"Ch\u00fang t\u00f4i l\u00e0 \u0111\u1ea1i l\u00fd ph\u00e2n ph\u1ed1i ch\u00ednh th\u1ee9c c\u1ee7a c\u00e1c h\u00e3ng n\u1ed5i ti\u1ebfng Stanley, Sata, toptul, Anex&#8230;. C\u00f3 \u0111\u1ea7y \u0111\u1ee7 c\u00e1c model ch\u1ee7ng lo\u1ea1i cho c\u00e1c b\u1ea1n l\u1ef1a ch\u1ecdn.\" \/>\n<meta property=\"og:url\" content=\"https:\/\/imrovietnam.com\/en\/product\/to-vit-cac-hang-noi-tieng-stanley-sata-toptul-anex\/\" \/>\n<meta property=\"og:site_name\" content=\"IMRO Vietnam\" \/>\n<meta property=\"article:modified_time\" content=\"2021-08-11T02:16:31+00:00\" \/>\n<meta property=\"og:image\" content=\"https:\/\/imrovietnam.com\/wp-content\/uploads\/2021\/08\/to-vit-toptul.jpg\" \/>\n\t<meta property=\"og:image:width\" content=\"573\" \/>\n\t<meta property=\"og:image:height\" content=\"386\" \/>\n\t<meta property=\"og:image:type\" content=\"image\/jpeg\" \/>\n<meta name=\"twitter:card\" content=\"summary_large_image\" \/>\n<script type=\"application\/ld+json\" class=\"yoast-schema-graph\">{\"@context\":\"https:\/\/schema.org\",\"@graph\":[{\"@type\":\"WebPage\",\"@id\":\"https:\/\/imrovietnam.com\/en\/product\/to-vit-cac-hang-noi-tieng-stanley-sata-toptul-anex\/\",\"url\":\"https:\/\/imrovietnam.com\/en\/product\/to-vit-cac-hang-noi-tieng-stanley-sata-toptul-anex\/\",\"name\":\"T\u00f4 V\u00edt C\u00e1c H\u00e3ng N\u1ed5i Ti\u1ebfng Stanley, Sata, toptul, Anex.... - IMRO Vietnam\",\"isPartOf\":{\"@id\":\"https:\/\/imrovietnam.com\/#website\"},\"primaryImageOfPage\":{\"@id\":\"https:\/\/imrovietnam.com\/en\/product\/to-vit-cac-hang-noi-tieng-stanley-sata-toptul-anex\/#primaryimage\"},\"image\":{\"@id\":\"https:\/\/imrovietnam.com\/en\/product\/to-vit-cac-hang-noi-tieng-stanley-sata-toptul-anex\/#primaryimage\"},\"thumbnailUrl\":\"https:\/\/imrovietnam.com\/wp-content\/uploads\/2021\/08\/to-vit-toptul.jpg\",\"datePublished\":\"2021-08-08T09:59:00+00:00\",\"dateModified\":\"2021-08-11T02:16:31+00:00\",\"breadcrumb\":{\"@id\":\"https:\/\/imrovietnam.com\/en\/product\/to-vit-cac-hang-noi-tieng-stanley-sata-toptul-anex\/#breadcrumb\"},\"inLanguage\":\"en-US\",\"potentialAction\":[{\"@type\":\"ReadAction\",\"target\":[\"https:\/\/imrovietnam.com\/en\/product\/to-vit-cac-hang-noi-tieng-stanley-sata-toptul-anex\/\"]}]},{\"@type\":\"ImageObject\",\"inLanguage\":\"en-US\",\"@id\":\"https:\/\/imrovietnam.com\/en\/product\/to-vit-cac-hang-noi-tieng-stanley-sata-toptul-anex\/#primaryimage\",\"url\":\"https:\/\/imrovietnam.com\/wp-content\/uploads\/2021\/08\/to-vit-toptul.jpg\",\"contentUrl\":\"https:\/\/imrovietnam.com\/wp-content\/uploads\/2021\/08\/to-vit-toptul.jpg\",\"width\":573,\"height\":386},{\"@type\":\"BreadcrumbList\",\"@id\":\"https:\/\/imrovietnam.com\/en\/product\/to-vit-cac-hang-noi-tieng-stanley-sata-toptul-anex\/#breadcrumb\",\"itemListElement\":[{\"@type\":\"ListItem\",\"position\":1,\"name\":\"Home\",\"item\":\"https:\/\/imrovietnam.com\/\"},{\"@type\":\"ListItem\",\"position\":2,\"name\":\"S\u1ea3n ph\u1ea9m\",\"item\":\"https:\/\/imrovietnam.com\/shop\/\"},{\"@type\":\"ListItem\",\"position\":3,\"name\":\"T\u00f4 V\u00edt C\u00e1c H\u00e3ng N\u1ed5i Ti\u1ebfng Stanley, Sata, toptul, Anex&#8230;.\"}]},{\"@type\":\"WebSite\",\"@id\":\"https:\/\/imrovietnam.com\/#website\",\"url\":\"https:\/\/imrovietnam.com\/\",\"name\":\"IMRO Vietnam\",\"description\":\"Your consumables and spare parts store\",\"potentialAction\":[{\"@type\":\"SearchAction\",\"target\":{\"@type\":\"EntryPoint\",\"urlTemplate\":\"https:\/\/imrovietnam.com\/?s={search_term_string}\"},\"query-input\":{\"@type\":\"PropertyValueSpecification\",\"valueRequired\":true,\"valueName\":\"search_term_string\"}}],\"inLanguage\":\"en-US\"}]}<\/script>\n<!-- \/ Yoast SEO Premium plugin. -->","yoast_head_json":{"title":"T\u00f4 V\u00edt C\u00e1c H\u00e3ng N\u1ed5i Ti\u1ebfng Stanley, Sata, toptul, Anex.... - IMRO Vietnam","robots":{"index":"index","follow":"follow","max-snippet":"max-snippet:-1","max-image-preview":"max-image-preview:large","max-video-preview":"max-video-preview:-1"},"canonical":"https:\/\/imrovietnam.com\/en\/product\/to-vit-cac-hang-noi-tieng-stanley-sata-toptul-anex\/","og_locale":"en_US","og_type":"article","og_title":"T\u00f4 V\u00edt C\u00e1c H\u00e3ng N\u1ed5i Ti\u1ebfng Stanley, Sata, toptul, Anex....","og_description":"Ch\u00fang t\u00f4i l\u00e0 \u0111\u1ea1i l\u00fd ph\u00e2n ph\u1ed1i ch\u00ednh th\u1ee9c c\u1ee7a c\u00e1c h\u00e3ng n\u1ed5i ti\u1ebfng Stanley, Sata, toptul, Anex&#8230;. C\u00f3 \u0111\u1ea7y \u0111\u1ee7 c\u00e1c model ch\u1ee7ng lo\u1ea1i cho c\u00e1c b\u1ea1n l\u1ef1a ch\u1ecdn.","og_url":"https:\/\/imrovietnam.com\/en\/product\/to-vit-cac-hang-noi-tieng-stanley-sata-toptul-anex\/","og_site_name":"IMRO Vietnam","article_modified_time":"2021-08-11T02:16:31+00:00","og_image":[{"width":573,"height":386,"url":"https:\/\/imrovietnam.com\/wp-content\/uploads\/2021\/08\/to-vit-toptul.jpg","type":"image\/jpeg"}],"twitter_card":"summary_large_image","schema":{"@context":"https:\/\/schema.org","@graph":[{"@type":"WebPage","@id":"https:\/\/imrovietnam.com\/en\/product\/to-vit-cac-hang-noi-tieng-stanley-sata-toptul-anex\/","url":"https:\/\/imrovietnam.com\/en\/product\/to-vit-cac-hang-noi-tieng-stanley-sata-toptul-anex\/","name":"T\u00f4 V\u00edt C\u00e1c H\u00e3ng N\u1ed5i Ti\u1ebfng Stanley, Sata, toptul, Anex.... - IMRO Vietnam","isPartOf":{"@id":"https:\/\/imrovietnam.com\/#website"},"primaryImageOfPage":{"@id":"https:\/\/imrovietnam.com\/en\/product\/to-vit-cac-hang-noi-tieng-stanley-sata-toptul-anex\/#primaryimage"},"image":{"@id":"https:\/\/imrovietnam.com\/en\/product\/to-vit-cac-hang-noi-tieng-stanley-sata-toptul-anex\/#primaryimage"},"thumbnailUrl":"https:\/\/imrovietnam.com\/wp-content\/uploads\/2021\/08\/to-vit-toptul.jpg","datePublished":"2021-08-08T09:59:00+00:00","dateModified":"2021-08-11T02:16:31+00:00","breadcrumb":{"@id":"https:\/\/imrovietnam.com\/en\/product\/to-vit-cac-hang-noi-tieng-stanley-sata-toptul-anex\/#breadcrumb"},"inLanguage":"en-US","potentialAction":[{"@type":"ReadAction","target":["https:\/\/imrovietnam.com\/en\/product\/to-vit-cac-hang-noi-tieng-stanley-sata-toptul-anex\/"]}]},{"@type":"ImageObject","inLanguage":"en-US","@id":"https:\/\/imrovietnam.com\/en\/product\/to-vit-cac-hang-noi-tieng-stanley-sata-toptul-anex\/#primaryimage","url":"https:\/\/imrovietnam.com\/wp-content\/uploads\/2021\/08\/to-vit-toptul.jpg","contentUrl":"https:\/\/imrovietnam.com\/wp-content\/uploads\/2021\/08\/to-vit-toptul.jpg","width":573,"height":386},{"@type":"BreadcrumbList","@id":"https:\/\/imrovietnam.com\/en\/product\/to-vit-cac-hang-noi-tieng-stanley-sata-toptul-anex\/#breadcrumb","itemListElement":[{"@type":"ListItem","position":1,"name":"Home","item":"https:\/\/imrovietnam.com\/"},{"@type":"ListItem","position":2,"name":"S\u1ea3n ph\u1ea9m","item":"https:\/\/imrovietnam.com\/shop\/"},{"@type":"ListItem","position":3,"name":"T\u00f4 V\u00edt C\u00e1c H\u00e3ng N\u1ed5i Ti\u1ebfng Stanley, Sata, toptul, Anex&#8230;."}]},{"@type":"WebSite","@id":"https:\/\/imrovietnam.com\/#website","url":"https:\/\/imrovietnam.com\/","name":"IMRO Vietnam","description":"Your consumables and spare parts store","potentialAction":[{"@type":"SearchAction","target":{"@type":"EntryPoint","urlTemplate":"https:\/\/imrovietnam.com\/?s={search_term_string}"},"query-input":{"@type":"PropertyValueSpecification","valueRequired":true,"valueName":"search_term_string"}}],"inLanguage":"en-US"}]}},"_links":{"self":[{"href":"https:\/\/imrovietnam.com\/en\/wp-json\/wp\/v2\/product\/1860","targetHints":{"allow":["GET"]}}],"collection":[{"href":"https:\/\/imrovietnam.com\/en\/wp-json\/wp\/v2\/product"}],"about":[{"href":"https:\/\/imrovietnam.com\/en\/wp-json\/wp\/v2\/types\/product"}],"replies":[{"embeddable":true,"href":"https:\/\/imrovietnam.com\/en\/wp-json\/wp\/v2\/comments?post=1860"}],"wp:featuredmedia":[{"embeddable":true,"href":"https:\/\/imrovietnam.com\/en\/wp-json\/wp\/v2\/media\/1861"}],"wp:attachment":[{"href":"https:\/\/imrovietnam.com\/en\/wp-json\/wp\/v2\/media?parent=1860"}],"wp:term":[{"taxonomy":"product_brand","embeddable":true,"href":"https:\/\/imrovietnam.com\/en\/wp-json\/wp\/v2\/product_brand?post=1860"},{"taxonomy":"product_cat","embeddable":true,"href":"https:\/\/imrovietnam.com\/en\/wp-json\/wp\/v2\/product_cat?post=1860"},{"taxonomy":"product_tag","embeddable":true,"href":"https:\/\/imrovietnam.com\/en\/wp-json\/wp\/v2\/product_tag?post=1860"}],"curies":[{"name":"wp","href":"https:\/\/api.w.org\/{rel}","templated":true}]}}