{"id":1844,"date":"2021-08-08T16:33:26","date_gmt":"2021-08-08T09:33:26","guid":{"rendered":"https:\/\/imrovietnam.com\/?post_type=product&#038;p=1844"},"modified":"2021-08-11T09:17:25","modified_gmt":"2021-08-11T02:17:25","slug":"may-khoan-tay-makita-bosch","status":"publish","type":"product","link":"https:\/\/imrovietnam.com\/en\/product\/may-khoan-tay-makita-bosch\/","title":{"rendered":"M\u00c1Y KHOAN TAY MAKITA , BOSCH"},"content":{"rendered":"Ch\u00fang t\u00f4i ph\u00e2n ph\u1ed1i c\u00e1c d\u00f2ng m\u00e1y khoan tay cho t\u1ea5t c\u1ea3 c\u00e1c th\u01b0\u01a1ng hi\u1ec7u n\u1ed5i ti\u1ebfng nh\u01b0 Makita, Bosch&#8230; v\u1edbi \u0111\u1ea7y \u0111\u1ee7 c\u00e1c model.<img loading=\"lazy\" decoding=\"async\" class=\"alignnone size-full wp-image-1845\" src=\"https:\/\/imrovietnam.com\/wp-content\/uploads\/2021\/08\/MAY-KHOAN-MAKITA.jpg\" alt=\"\" width=\"482\" height=\"476\" srcset=\"https:\/\/imrovietnam.com\/wp-content\/uploads\/2021\/08\/MAY-KHOAN-MAKITA.jpg 482w, https:\/\/imrovietnam.com\/wp-content\/uploads\/2021\/08\/MAY-KHOAN-MAKITA-405x400.jpg 405w, https:\/\/imrovietnam.com\/wp-content\/uploads\/2021\/08\/MAY-KHOAN-MAKITA-100x100.jpg 100w\" sizes=\"auto, (max-width: 482px) 100vw, 482px\" \/><img loading=\"lazy\" decoding=\"async\" class=\"alignnone size-full wp-image-1847\" src=\"https:\/\/imrovietnam.com\/wp-content\/uploads\/2021\/08\/MAY-KHOAN.jpg\" alt=\"\" width=\"645\" height=\"563\" srcset=\"https:\/\/imrovietnam.com\/wp-content\/uploads\/2021\/08\/MAY-KHOAN.jpg 645w, https:\/\/imrovietnam.com\/wp-content\/uploads\/2021\/08\/MAY-KHOAN-458x400.jpg 458w, https:\/\/imrovietnam.com\/wp-content\/uploads\/2021\/08\/MAY-KHOAN-510x445.jpg 510w\" sizes=\"auto, (max-width: 645px) 100vw, 645px\" \/>","protected":false},"excerpt":{"rendered":"<p>Ch\u00fang t\u00f4i ph\u00e2n ph\u1ed1i c\u00e1c d\u00f2ng m\u00e1y khoan tay cho t\u1ea5t c\u1ea3 c\u00e1c th\u01b0\u01a1ng hi\u1ec7u n\u1ed5i ti\u1ebfng nh\u01b0 Makita, Bosch&#8230; v\u1edbi \u0111\u1ea7y \u0111\u1ee7 c\u00e1c model.<\/p>\n","protected":false},"featured_media":1847,"comment_status":"open","ping_status":"closed","template":"","meta":[],"product_brand":[],"product_cat":[105],"product_tag":[133],"class_list":{"0":"post-1844","1":"product","2":"type-product","3":"status-publish","4":"has-post-thumbnail","6":"product_cat-tools-dung-cu-may-moc-cam-tay","7":"product_tag-may-khoan-bosch","9":"first","10":"instock","11":"featured","12":"shipping-taxable","13":"product-type-simple"},"yoast_head":"<!-- This site is optimized with the Yoast SEO Premium plugin v25.0 (Yoast SEO v25.2) - https:\/\/yoast.com\/wordpress\/plugins\/seo\/ -->\n<title>M\u00c1Y KHOAN TAY MAKITA , BOSCH - IMRO Vietnam<\/title>\n<meta name=\"robots\" content=\"index, follow, max-snippet:-1, max-image-preview:large, max-video-preview:-1\" \/>\n<link rel=\"canonical\" href=\"https:\/\/imrovietnam.com\/en\/product\/may-khoan-tay-makita-bosch\/\" \/>\n<meta property=\"og:locale\" content=\"en_US\" \/>\n<meta property=\"og:type\" content=\"article\" \/>\n<meta property=\"og:title\" content=\"M\u00c1Y KHOAN TAY MAKITA , BOSCH\" \/>\n<meta property=\"og:description\" content=\"Ch\u00fang t\u00f4i ph\u00e2n ph\u1ed1i c\u00e1c d\u00f2ng m\u00e1y khoan tay cho t\u1ea5t c\u1ea3 c\u00e1c th\u01b0\u01a1ng hi\u1ec7u n\u1ed5i ti\u1ebfng nh\u01b0 Makita, Bosch&#8230; v\u1edbi \u0111\u1ea7y \u0111\u1ee7 c\u00e1c model.\" \/>\n<meta property=\"og:url\" content=\"https:\/\/imrovietnam.com\/en\/product\/may-khoan-tay-makita-bosch\/\" \/>\n<meta property=\"og:site_name\" content=\"IMRO Vietnam\" \/>\n<meta property=\"article:modified_time\" content=\"2021-08-11T02:17:25+00:00\" \/>\n<meta property=\"og:image\" content=\"https:\/\/imrovietnam.com\/wp-content\/uploads\/2021\/08\/MAY-KHOAN.jpg\" \/>\n\t<meta property=\"og:image:width\" content=\"645\" \/>\n\t<meta property=\"og:image:height\" content=\"563\" \/>\n\t<meta property=\"og:image:type\" content=\"image\/jpeg\" \/>\n<meta name=\"twitter:card\" content=\"summary_large_image\" \/>\n<script type=\"application\/ld+json\" class=\"yoast-schema-graph\">{\"@context\":\"https:\/\/schema.org\",\"@graph\":[{\"@type\":\"WebPage\",\"@id\":\"https:\/\/imrovietnam.com\/en\/product\/may-khoan-tay-makita-bosch\/\",\"url\":\"https:\/\/imrovietnam.com\/en\/product\/may-khoan-tay-makita-bosch\/\",\"name\":\"M\u00c1Y KHOAN TAY MAKITA , BOSCH - IMRO Vietnam\",\"isPartOf\":{\"@id\":\"https:\/\/imrovietnam.com\/#website\"},\"primaryImageOfPage\":{\"@id\":\"https:\/\/imrovietnam.com\/en\/product\/may-khoan-tay-makita-bosch\/#primaryimage\"},\"image\":{\"@id\":\"https:\/\/imrovietnam.com\/en\/product\/may-khoan-tay-makita-bosch\/#primaryimage\"},\"thumbnailUrl\":\"https:\/\/imrovietnam.com\/wp-content\/uploads\/2021\/08\/MAY-KHOAN.jpg\",\"datePublished\":\"2021-08-08T09:33:26+00:00\",\"dateModified\":\"2021-08-11T02:17:25+00:00\",\"breadcrumb\":{\"@id\":\"https:\/\/imrovietnam.com\/en\/product\/may-khoan-tay-makita-bosch\/#breadcrumb\"},\"inLanguage\":\"en-US\",\"potentialAction\":[{\"@type\":\"ReadAction\",\"target\":[\"https:\/\/imrovietnam.com\/en\/product\/may-khoan-tay-makita-bosch\/\"]}]},{\"@type\":\"ImageObject\",\"inLanguage\":\"en-US\",\"@id\":\"https:\/\/imrovietnam.com\/en\/product\/may-khoan-tay-makita-bosch\/#primaryimage\",\"url\":\"https:\/\/imrovietnam.com\/wp-content\/uploads\/2021\/08\/MAY-KHOAN.jpg\",\"contentUrl\":\"https:\/\/imrovietnam.com\/wp-content\/uploads\/2021\/08\/MAY-KHOAN.jpg\",\"width\":645,\"height\":563},{\"@type\":\"BreadcrumbList\",\"@id\":\"https:\/\/imrovietnam.com\/en\/product\/may-khoan-tay-makita-bosch\/#breadcrumb\",\"itemListElement\":[{\"@type\":\"ListItem\",\"position\":1,\"name\":\"Home\",\"item\":\"https:\/\/imrovietnam.com\/\"},{\"@type\":\"ListItem\",\"position\":2,\"name\":\"S\u1ea3n ph\u1ea9m\",\"item\":\"https:\/\/imrovietnam.com\/shop\/\"},{\"@type\":\"ListItem\",\"position\":3,\"name\":\"M\u00c1Y KHOAN TAY MAKITA , BOSCH\"}]},{\"@type\":\"WebSite\",\"@id\":\"https:\/\/imrovietnam.com\/#website\",\"url\":\"https:\/\/imrovietnam.com\/\",\"name\":\"IMRO Vietnam\",\"description\":\"Your consumables and spare parts store\",\"potentialAction\":[{\"@type\":\"SearchAction\",\"target\":{\"@type\":\"EntryPoint\",\"urlTemplate\":\"https:\/\/imrovietnam.com\/?s={search_term_string}\"},\"query-input\":{\"@type\":\"PropertyValueSpecification\",\"valueRequired\":true,\"valueName\":\"search_term_string\"}}],\"inLanguage\":\"en-US\"}]}<\/script>\n<!-- \/ Yoast SEO Premium plugin. -->","yoast_head_json":{"title":"M\u00c1Y KHOAN TAY MAKITA , BOSCH - IMRO Vietnam","robots":{"index":"index","follow":"follow","max-snippet":"max-snippet:-1","max-image-preview":"max-image-preview:large","max-video-preview":"max-video-preview:-1"},"canonical":"https:\/\/imrovietnam.com\/en\/product\/may-khoan-tay-makita-bosch\/","og_locale":"en_US","og_type":"article","og_title":"M\u00c1Y KHOAN TAY MAKITA , BOSCH","og_description":"Ch\u00fang t\u00f4i ph\u00e2n ph\u1ed1i c\u00e1c d\u00f2ng m\u00e1y khoan tay cho t\u1ea5t c\u1ea3 c\u00e1c th\u01b0\u01a1ng hi\u1ec7u n\u1ed5i ti\u1ebfng nh\u01b0 Makita, Bosch&#8230; v\u1edbi \u0111\u1ea7y \u0111\u1ee7 c\u00e1c model.","og_url":"https:\/\/imrovietnam.com\/en\/product\/may-khoan-tay-makita-bosch\/","og_site_name":"IMRO Vietnam","article_modified_time":"2021-08-11T02:17:25+00:00","og_image":[{"width":645,"height":563,"url":"https:\/\/imrovietnam.com\/wp-content\/uploads\/2021\/08\/MAY-KHOAN.jpg","type":"image\/jpeg"}],"twitter_card":"summary_large_image","schema":{"@context":"https:\/\/schema.org","@graph":[{"@type":"WebPage","@id":"https:\/\/imrovietnam.com\/en\/product\/may-khoan-tay-makita-bosch\/","url":"https:\/\/imrovietnam.com\/en\/product\/may-khoan-tay-makita-bosch\/","name":"M\u00c1Y KHOAN TAY MAKITA , BOSCH - IMRO Vietnam","isPartOf":{"@id":"https:\/\/imrovietnam.com\/#website"},"primaryImageOfPage":{"@id":"https:\/\/imrovietnam.com\/en\/product\/may-khoan-tay-makita-bosch\/#primaryimage"},"image":{"@id":"https:\/\/imrovietnam.com\/en\/product\/may-khoan-tay-makita-bosch\/#primaryimage"},"thumbnailUrl":"https:\/\/imrovietnam.com\/wp-content\/uploads\/2021\/08\/MAY-KHOAN.jpg","datePublished":"2021-08-08T09:33:26+00:00","dateModified":"2021-08-11T02:17:25+00:00","breadcrumb":{"@id":"https:\/\/imrovietnam.com\/en\/product\/may-khoan-tay-makita-bosch\/#breadcrumb"},"inLanguage":"en-US","potentialAction":[{"@type":"ReadAction","target":["https:\/\/imrovietnam.com\/en\/product\/may-khoan-tay-makita-bosch\/"]}]},{"@type":"ImageObject","inLanguage":"en-US","@id":"https:\/\/imrovietnam.com\/en\/product\/may-khoan-tay-makita-bosch\/#primaryimage","url":"https:\/\/imrovietnam.com\/wp-content\/uploads\/2021\/08\/MAY-KHOAN.jpg","contentUrl":"https:\/\/imrovietnam.com\/wp-content\/uploads\/2021\/08\/MAY-KHOAN.jpg","width":645,"height":563},{"@type":"BreadcrumbList","@id":"https:\/\/imrovietnam.com\/en\/product\/may-khoan-tay-makita-bosch\/#breadcrumb","itemListElement":[{"@type":"ListItem","position":1,"name":"Home","item":"https:\/\/imrovietnam.com\/"},{"@type":"ListItem","position":2,"name":"S\u1ea3n ph\u1ea9m","item":"https:\/\/imrovietnam.com\/shop\/"},{"@type":"ListItem","position":3,"name":"M\u00c1Y KHOAN TAY MAKITA , BOSCH"}]},{"@type":"WebSite","@id":"https:\/\/imrovietnam.com\/#website","url":"https:\/\/imrovietnam.com\/","name":"IMRO Vietnam","description":"Your consumables and spare parts store","potentialAction":[{"@type":"SearchAction","target":{"@type":"EntryPoint","urlTemplate":"https:\/\/imrovietnam.com\/?s={search_term_string}"},"query-input":{"@type":"PropertyValueSpecification","valueRequired":true,"valueName":"search_term_string"}}],"inLanguage":"en-US"}]}},"_links":{"self":[{"href":"https:\/\/imrovietnam.com\/en\/wp-json\/wp\/v2\/product\/1844","targetHints":{"allow":["GET"]}}],"collection":[{"href":"https:\/\/imrovietnam.com\/en\/wp-json\/wp\/v2\/product"}],"about":[{"href":"https:\/\/imrovietnam.com\/en\/wp-json\/wp\/v2\/types\/product"}],"replies":[{"embeddable":true,"href":"https:\/\/imrovietnam.com\/en\/wp-json\/wp\/v2\/comments?post=1844"}],"wp:featuredmedia":[{"embeddable":true,"href":"https:\/\/imrovietnam.com\/en\/wp-json\/wp\/v2\/media\/1847"}],"wp:attachment":[{"href":"https:\/\/imrovietnam.com\/en\/wp-json\/wp\/v2\/media?parent=1844"}],"wp:term":[{"taxonomy":"product_brand","embeddable":true,"href":"https:\/\/imrovietnam.com\/en\/wp-json\/wp\/v2\/product_brand?post=1844"},{"taxonomy":"product_cat","embeddable":true,"href":"https:\/\/imrovietnam.com\/en\/wp-json\/wp\/v2\/product_cat?post=1844"},{"taxonomy":"product_tag","embeddable":true,"href":"https:\/\/imrovietnam.com\/en\/wp-json\/wp\/v2\/product_tag?post=1844"}],"curies":[{"name":"wp","href":"https:\/\/api.w.org\/{rel}","templated":true}]}}