{"id":1839,"date":"2021-08-08T16:06:39","date_gmt":"2021-08-08T09:06:39","guid":{"rendered":"https:\/\/imrovietnam.com\/?post_type=product&#038;p=1839"},"modified":"2021-09-07T14:21:46","modified_gmt":"2021-09-07T07:21:46","slug":"gang-tay-cao-su-nitrile-khong-bot","status":"publish","type":"product","link":"https:\/\/imrovietnam.com\/en\/product\/gang-tay-cao-su-nitrile-khong-bot\/","title":{"rendered":"G\u0103ng tay cao su Nitrile kh\u00f4ng b\u1ed9t"},"content":{"rendered":"<h2>G\u0103ng tay cao su ph\u00f2ng s\u1ea1ch Nitrile<\/h2>\n<p><strong>G\u0103ng tay nitrile\u00a0<\/strong>\u0111\u01b0\u1ee3c s\u1eed d\u1ee5ng r\u1ea5t nhi\u1ec1u trong c\u00e1c ng\u00e0nh y khoa v\u00e0 c\u00f4ng nghi\u1ec7p, b\u1edfi ch\u1ea5t li\u1ec7u cao su nh\u00e2n t\u1ea1o kh\u00f4ng ch\u1ee9a silicon hay ch\u1ea5t l\u00e0m d\u1ebbo h\u01a1n th\u1ebf n\u1eefa ho\u00e0n to\u00e0n kh\u00f4ng c\u00f3 c\u00e1c ho\u00e1 ch\u1ea5t \u0111\u1ed9c h\u1ea1i v\u00e0 g\u00e2y \u00f4 nhi\u1ec5m m\u00f4i theo ti\u00eau chu\u1ea9n ph\u00f2ng s\u1ea1ch. Kh\u00f4ng gi\u1ed1ng nh\u01b0\u00a0<strong>g\u0103ng tay Latex<\/strong>\u00a0b\u1eb1ng cao su t\u1ef1 nhi\u00ean,\u00a0g\u0103ng tay Nitrile\u00a0\u0111\u01b0\u1ee3c l\u00e0m t\u1eeb ch\u1ea5t li\u1ec7u nh\u00e2n t\u1ea1o kh\u00f4ng g\u00e2y d\u1ecb \u1ee9ng, \u0111\u1ed3ng th\u1eddi c\u00f3 ch\u1ea5t ch\u1ed1ng t\u0129nh \u0111i\u1ec7n \u0111\u01b0\u1ee3c h\u00ecnh th\u00e0nh trong qu\u00e1 tr\u00ecnh h\u1ed7n h\u1ee3p cho s\u1ef1 b\u1ea3o v\u1ec7 l\u00e2u d\u00e0i trong khu v\u1ef1c d\u1ec5 t\u0129nh \u0111i\u1ec7n.. Ph\u00f9 h\u1ee3p cho nh\u1eefng m\u00f4i tr\u01b0\u1eddng \u0111\u00f2i h\u1ecfi nghi\u00eam ngh\u1eb7t v\u1ec1 \u0111\u1ed9 ch\u1ed1ng t\u0129nh \u0111i\u1ec7n.<\/p>\n<p>G\u0103ng tay Nitrile c\u00f3 \u0111\u1ed9 b\u1ec1n cao,\u00a0s\u1eed d\u1ee5ng t\u1ed1t trong nhi\u1ec1u m\u00f4i tr\u01b0\u1eddng ti\u1ebfp x\u00fac kh\u00e1c nhau. G\u0103ng tay ph\u00f2ng s\u1ea1ch Nitrile \u0111\u01b0\u1ee3c ph\u00e1t tri\u1ec3n \u0111\u1eb7c bi\u1ec7t cho c\u00e1c ng\u00e0nh c\u00f4ng nghi\u1ec7p,y khoa theo d\u00e2y truy\u1ec1n c\u00f4ng ngh\u1ec7 cao \u0111\u00f2i h\u1ecfi \u0111\u1ed9 b\u1ec1n cao v\u00e0 ph\u1ea3i \u0111\u00e1p \u1ee9ng t\u1ed1t trong ti\u00eau chu\u1ea9n ph\u00f2ng s\u1ea1ch.<\/p>\n<p><img loading=\"lazy\" decoding=\"async\" class=\"aligncenter\" src=\"https:\/\/megaline.com.vn\/upload\/images\/gang%20tay%20nitrile1.jpg\" alt=\"G\u0103ng tay Nitrile\" width=\"593\" height=\"498\" \/><\/p>\n<h3><strong>\u0110\u1eb7c \u0111i\u1ec3m n\u1ed5i b\u1eadt g\u0103ng tay Nitrile<\/strong><\/h3>\n<p>\u2013 Nh\u1ef1a cao su nh\u00e2n t\u1ea1o ch\u1ed1ng t\u0129nh \u0111i\u1ec7n h\u1ea1n ch\u1ebf c\u00e1c ph\u1ea3n \u1ee9ng t\u1edbi ng\u01b0\u1eddi d\u00f9ng<\/p>\n<p>\u2013 \u00cdt b\u1ecb t\u00e1ch ion, ch\u1ed1ng ho\u00e1 ch\u1ea5t t\u1ed1t, c\u00e1c \u0111\u1ea7u ng\u00f3n c\u1ee7a g\u0103ng \u0111\u01b0\u1ee3c d\u1ec7t<\/p>\n<p>\u2013 V\u00f4 tr\u00f9ng kh\u00f4ng g\u00e2y h\u1ea1i cho da tay<\/p>\n<p>\u2013 \u1ee8ng d\u1ee5ng: Y khoa, c\u00f4ng nghi\u1ec7p B\u00e1n d\u1eabn, ch\u1ebf t\u1ea1o LCD, HDD<\/p>\n<p>\u2013 Ti\u00eau chu\u1ea9n ph\u00f2ng s\u1ea1ch: 10, 100, 1000<\/p>\n<p>\u2013 K\u00edch c\u1ee1: 9\u2019\u2019, 12\u2019\u2019,<\/p>\n<p>G\u0103ng tay ph\u00f2ng s\u1ea1ch nitrile 9 inch\u00a0c\u00f3 chi\u1ec1u d\u00e0i v\u00e0o kho\u1ea3ng 22cm c\u00f2n g\u0103ng tay ph\u00f2ng s\u1ea1ch Ntrile 12 inch th\u00ec kho\u1ea3ng 30cm =&gt; \u0110\u1ee7 \u0111\u00e1p \u1ee9ng cho nhi\u1ec1u nhu c\u1ea7u c\u1ea7u c\u00f4ng vi\u1ec7c c\u1ee7a kh\u00e1ch h\u00e0ng.<\/p>\n<h3><strong>G\u0103ng tay Nitrile v\u1edbi quy c\u00e1ch \u0111\u00f3ng g\u00f3i<\/strong><\/h3>\n<p>\u2013 \u0110\u00f3ng g\u00f3i 50 \u0111\u00f4i trong 1 h\u1ed9p- 10 h\u1ed9p trong 1 th\u00f9ng carton.<\/p>\n<p>\u2013\u00a0Xu\u1ea5t x\u1ee9:\u00a0 Vi\u1ec7t Nam<\/p>\n<p>G\u0103ng tay Nitrile\u00a0\u0111\u01b0\u1ee3c ch\u1ee9ng nh\u1eadn ti\u00eau chu\u1ea9n d\u00f9ng trong\u00a0ph\u00f2ng s\u1ea1ch\u00a0ISO 9001-2000. Ng\u00e0y nay g\u0103ng tay Nitrile \u0111\u01b0\u1ee3c s\u1eed d\u1ee5ng r\u1ed9ng r\u00e3i trong c\u00e1c m\u00f4i tr\u01b0\u1eddng nghi\u00ean c\u1ee9u v\u00e0 y h\u1ecdc\u2026.<\/p>\n<p>Ngo\u00e0i g\u0103ng tay Nitrile, IMRO c\u00f2n cung c\u1ea5p c\u00e1c s\u1ea3n ph\u1ea9m ph\u00f2ng s\u1ea1ch, g\u0103ng tay ph\u00f2ng s\u1ea1ch ch\u1ed1ng t\u0129nh \u0111i\u1ec7n v\u00e0 h\u1ea7u h\u1ebft c\u00e1c trang thi\u1ebft b\u1ecb b\u1ea3o h\u1ed9 lao \u0111\u1ed9ng ra th\u1ecb tr\u01b0\u1eddng Vi\u1ec7t Nam v\u1edbi nhi\u1ec1u s\u1ea3n ph\u1ea9m ch\u1ed1ng t\u0129nh \u0111i\u1ec7n ph\u00f2ng s\u1ea1ch v\u1edbi m\u1eabu m\u00e3 \u0111a d\u1ea1ng kh\u00e1c nhau, m\u1ee9c gi\u00e1 c\u1ea1nh tranh t\u1ed1t nh\u1ea5t tr\u00ean th\u1ecb tr\u01b0\u1eddng Vi\u1ec7t Nam v\u00e0 h\u01b0\u1edbng t\u1edbi ng\u01b0\u1eddi ti\u00eau dung","protected":false},"excerpt":{"rendered":"<p>&#8211; Ch\u1ea5t li\u1ec7u: Cao su nh\u00e2n t\u1ea1o kh\u00f4ng g\u00e2y d\u1ecb \u1ee9ng<\/p>\n<p>&#8211; M\u00e0u s\u1eafc: Tr\u1eafng<\/p>\n<p>&#8211; \u1ee8ng d\u1ee5ng: B\u00e1n d\u1eabn, ch\u1ebf t\u1ea1o LCD, HDD&#8230;<\/p>\n<p>&#8211; Ti\u00eau chu\u1ea9n ph\u00f2ng s\u1ea1ch: 10, 100, 1000<\/p>\n<p>&#8211; K\u00edch c\u1ee1: 9\u2019\u2019, 12\u2019\u2019<\/p>\n<p>&#8211; \u0110\u00f3ng g\u00f3i: 50 \u0111\u00f4i\/ 1 h\u1ed9p, 10 h\u1ed9p\/1 carton<\/p>\n","protected":false},"featured_media":1840,"comment_status":"open","ping_status":"closed","template":"","meta":[],"product_brand":[],"product_cat":[104],"product_tag":[307,194,134,306,303,315],"class_list":{"0":"post-1839","1":"product","2":"type-product","3":"status-publish","4":"has-post-thumbnail","6":"product_cat-thiet-bi-phong-sach","7":"product_tag-dien-tu","8":"product_tag-gang-tay-cao-su-nitrile-khong-bot","9":"product_tag-gang-tay-nitrile","10":"product_tag-phong-sach","11":"product_tag-tinh-dien","12":"product_tag-y-te","14":"first","15":"instock","16":"featured","17":"shipping-taxable","18":"product-type-simple"},"yoast_head":"<!-- This site is optimized with the Yoast SEO Premium plugin v25.0 (Yoast SEO v25.2) - https:\/\/yoast.com\/wordpress\/plugins\/seo\/ -->\n<title>G\u0103ng tay cao su Nitrile kh\u00f4ng b\u1ed9t - IMRO Vietnam<\/title>\n<meta name=\"robots\" content=\"index, follow, max-snippet:-1, max-image-preview:large, max-video-preview:-1\" \/>\n<link rel=\"canonical\" href=\"https:\/\/imrovietnam.com\/en\/product\/gang-tay-cao-su-nitrile-khong-bot\/\" \/>\n<meta property=\"og:locale\" content=\"en_US\" \/>\n<meta property=\"og:type\" content=\"article\" \/>\n<meta property=\"og:title\" content=\"G\u0103ng tay cao su Nitrile kh\u00f4ng b\u1ed9t\" \/>\n<meta property=\"og:description\" content=\"- Ch\u1ea5t li\u1ec7u: Cao su nh\u00e2n t\u1ea1o kh\u00f4ng g\u00e2y d\u1ecb \u1ee9ng  - M\u00e0u s\u1eafc: Tr\u1eafng  - \u1ee8ng d\u1ee5ng: B\u00e1n d\u1eabn, ch\u1ebf t\u1ea1o LCD, HDD...  - Ti\u00eau chu\u1ea9n ph\u00f2ng s\u1ea1ch: 10, 100, 1000  - K\u00edch c\u1ee1: 9\u2019\u2019, 12\u2019\u2019  - \u0110\u00f3ng g\u00f3i: 50 \u0111\u00f4i\/ 1 h\u1ed9p, 10 h\u1ed9p\/1 carton\" \/>\n<meta property=\"og:url\" content=\"https:\/\/imrovietnam.com\/en\/product\/gang-tay-cao-su-nitrile-khong-bot\/\" \/>\n<meta property=\"og:site_name\" content=\"IMRO Vietnam\" \/>\n<meta property=\"article:modified_time\" content=\"2021-09-07T07:21:46+00:00\" \/>\n<meta property=\"og:image\" content=\"https:\/\/imrovietnam.com\/wp-content\/uploads\/2021\/08\/NITRILE-KHONG-BOT.jpg\" \/>\n\t<meta property=\"og:image:width\" content=\"577\" \/>\n\t<meta property=\"og:image:height\" content=\"498\" \/>\n\t<meta property=\"og:image:type\" content=\"image\/jpeg\" \/>\n<meta name=\"twitter:card\" content=\"summary_large_image\" \/>\n<meta name=\"twitter:label1\" content=\"Est. reading time\" \/>\n\t<meta name=\"twitter:data1\" content=\"6 minutes\" \/>\n<script type=\"application\/ld+json\" class=\"yoast-schema-graph\">{\"@context\":\"https:\/\/schema.org\",\"@graph\":[{\"@type\":\"WebPage\",\"@id\":\"https:\/\/imrovietnam.com\/en\/product\/gang-tay-cao-su-nitrile-khong-bot\/\",\"url\":\"https:\/\/imrovietnam.com\/en\/product\/gang-tay-cao-su-nitrile-khong-bot\/\",\"name\":\"G\u0103ng tay cao su Nitrile kh\u00f4ng b\u1ed9t - IMRO Vietnam\",\"isPartOf\":{\"@id\":\"https:\/\/imrovietnam.com\/#website\"},\"primaryImageOfPage\":{\"@id\":\"https:\/\/imrovietnam.com\/en\/product\/gang-tay-cao-su-nitrile-khong-bot\/#primaryimage\"},\"image\":{\"@id\":\"https:\/\/imrovietnam.com\/en\/product\/gang-tay-cao-su-nitrile-khong-bot\/#primaryimage\"},\"thumbnailUrl\":\"https:\/\/imrovietnam.com\/wp-content\/uploads\/2021\/08\/NITRILE-KHONG-BOT.jpg\",\"datePublished\":\"2021-08-08T09:06:39+00:00\",\"dateModified\":\"2021-09-07T07:21:46+00:00\",\"breadcrumb\":{\"@id\":\"https:\/\/imrovietnam.com\/en\/product\/gang-tay-cao-su-nitrile-khong-bot\/#breadcrumb\"},\"inLanguage\":\"en-US\",\"potentialAction\":[{\"@type\":\"ReadAction\",\"target\":[\"https:\/\/imrovietnam.com\/en\/product\/gang-tay-cao-su-nitrile-khong-bot\/\"]}]},{\"@type\":\"ImageObject\",\"inLanguage\":\"en-US\",\"@id\":\"https:\/\/imrovietnam.com\/en\/product\/gang-tay-cao-su-nitrile-khong-bot\/#primaryimage\",\"url\":\"https:\/\/imrovietnam.com\/wp-content\/uploads\/2021\/08\/NITRILE-KHONG-BOT.jpg\",\"contentUrl\":\"https:\/\/imrovietnam.com\/wp-content\/uploads\/2021\/08\/NITRILE-KHONG-BOT.jpg\",\"width\":577,\"height\":498},{\"@type\":\"BreadcrumbList\",\"@id\":\"https:\/\/imrovietnam.com\/en\/product\/gang-tay-cao-su-nitrile-khong-bot\/#breadcrumb\",\"itemListElement\":[{\"@type\":\"ListItem\",\"position\":1,\"name\":\"Home\",\"item\":\"https:\/\/imrovietnam.com\/\"},{\"@type\":\"ListItem\",\"position\":2,\"name\":\"S\u1ea3n ph\u1ea9m\",\"item\":\"https:\/\/imrovietnam.com\/shop\/\"},{\"@type\":\"ListItem\",\"position\":3,\"name\":\"G\u0103ng tay cao su Nitrile kh\u00f4ng b\u1ed9t\"}]},{\"@type\":\"WebSite\",\"@id\":\"https:\/\/imrovietnam.com\/#website\",\"url\":\"https:\/\/imrovietnam.com\/\",\"name\":\"IMRO Vietnam\",\"description\":\"Your consumables and spare parts store\",\"potentialAction\":[{\"@type\":\"SearchAction\",\"target\":{\"@type\":\"EntryPoint\",\"urlTemplate\":\"https:\/\/imrovietnam.com\/?s={search_term_string}\"},\"query-input\":{\"@type\":\"PropertyValueSpecification\",\"valueRequired\":true,\"valueName\":\"search_term_string\"}}],\"inLanguage\":\"en-US\"}]}<\/script>\n<!-- \/ Yoast SEO Premium plugin. -->","yoast_head_json":{"title":"G\u0103ng tay cao su Nitrile kh\u00f4ng b\u1ed9t - IMRO Vietnam","robots":{"index":"index","follow":"follow","max-snippet":"max-snippet:-1","max-image-preview":"max-image-preview:large","max-video-preview":"max-video-preview:-1"},"canonical":"https:\/\/imrovietnam.com\/en\/product\/gang-tay-cao-su-nitrile-khong-bot\/","og_locale":"en_US","og_type":"article","og_title":"G\u0103ng tay cao su Nitrile kh\u00f4ng b\u1ed9t","og_description":"- Ch\u1ea5t li\u1ec7u: Cao su nh\u00e2n t\u1ea1o kh\u00f4ng g\u00e2y d\u1ecb \u1ee9ng  - M\u00e0u s\u1eafc: Tr\u1eafng  - \u1ee8ng d\u1ee5ng: B\u00e1n d\u1eabn, ch\u1ebf t\u1ea1o LCD, HDD...  - Ti\u00eau chu\u1ea9n ph\u00f2ng s\u1ea1ch: 10, 100, 1000  - K\u00edch c\u1ee1: 9\u2019\u2019, 12\u2019\u2019  - \u0110\u00f3ng g\u00f3i: 50 \u0111\u00f4i\/ 1 h\u1ed9p, 10 h\u1ed9p\/1 carton","og_url":"https:\/\/imrovietnam.com\/en\/product\/gang-tay-cao-su-nitrile-khong-bot\/","og_site_name":"IMRO Vietnam","article_modified_time":"2021-09-07T07:21:46+00:00","og_image":[{"width":577,"height":498,"url":"https:\/\/imrovietnam.com\/wp-content\/uploads\/2021\/08\/NITRILE-KHONG-BOT.jpg","type":"image\/jpeg"}],"twitter_card":"summary_large_image","twitter_misc":{"Est. reading time":"6 minutes"},"schema":{"@context":"https:\/\/schema.org","@graph":[{"@type":"WebPage","@id":"https:\/\/imrovietnam.com\/en\/product\/gang-tay-cao-su-nitrile-khong-bot\/","url":"https:\/\/imrovietnam.com\/en\/product\/gang-tay-cao-su-nitrile-khong-bot\/","name":"G\u0103ng tay cao su Nitrile kh\u00f4ng b\u1ed9t - IMRO Vietnam","isPartOf":{"@id":"https:\/\/imrovietnam.com\/#website"},"primaryImageOfPage":{"@id":"https:\/\/imrovietnam.com\/en\/product\/gang-tay-cao-su-nitrile-khong-bot\/#primaryimage"},"image":{"@id":"https:\/\/imrovietnam.com\/en\/product\/gang-tay-cao-su-nitrile-khong-bot\/#primaryimage"},"thumbnailUrl":"https:\/\/imrovietnam.com\/wp-content\/uploads\/2021\/08\/NITRILE-KHONG-BOT.jpg","datePublished":"2021-08-08T09:06:39+00:00","dateModified":"2021-09-07T07:21:46+00:00","breadcrumb":{"@id":"https:\/\/imrovietnam.com\/en\/product\/gang-tay-cao-su-nitrile-khong-bot\/#breadcrumb"},"inLanguage":"en-US","potentialAction":[{"@type":"ReadAction","target":["https:\/\/imrovietnam.com\/en\/product\/gang-tay-cao-su-nitrile-khong-bot\/"]}]},{"@type":"ImageObject","inLanguage":"en-US","@id":"https:\/\/imrovietnam.com\/en\/product\/gang-tay-cao-su-nitrile-khong-bot\/#primaryimage","url":"https:\/\/imrovietnam.com\/wp-content\/uploads\/2021\/08\/NITRILE-KHONG-BOT.jpg","contentUrl":"https:\/\/imrovietnam.com\/wp-content\/uploads\/2021\/08\/NITRILE-KHONG-BOT.jpg","width":577,"height":498},{"@type":"BreadcrumbList","@id":"https:\/\/imrovietnam.com\/en\/product\/gang-tay-cao-su-nitrile-khong-bot\/#breadcrumb","itemListElement":[{"@type":"ListItem","position":1,"name":"Home","item":"https:\/\/imrovietnam.com\/"},{"@type":"ListItem","position":2,"name":"S\u1ea3n ph\u1ea9m","item":"https:\/\/imrovietnam.com\/shop\/"},{"@type":"ListItem","position":3,"name":"G\u0103ng tay cao su Nitrile kh\u00f4ng b\u1ed9t"}]},{"@type":"WebSite","@id":"https:\/\/imrovietnam.com\/#website","url":"https:\/\/imrovietnam.com\/","name":"IMRO Vietnam","description":"Your consumables and spare parts store","potentialAction":[{"@type":"SearchAction","target":{"@type":"EntryPoint","urlTemplate":"https:\/\/imrovietnam.com\/?s={search_term_string}"},"query-input":{"@type":"PropertyValueSpecification","valueRequired":true,"valueName":"search_term_string"}}],"inLanguage":"en-US"}]}},"_links":{"self":[{"href":"https:\/\/imrovietnam.com\/en\/wp-json\/wp\/v2\/product\/1839","targetHints":{"allow":["GET"]}}],"collection":[{"href":"https:\/\/imrovietnam.com\/en\/wp-json\/wp\/v2\/product"}],"about":[{"href":"https:\/\/imrovietnam.com\/en\/wp-json\/wp\/v2\/types\/product"}],"replies":[{"embeddable":true,"href":"https:\/\/imrovietnam.com\/en\/wp-json\/wp\/v2\/comments?post=1839"}],"wp:featuredmedia":[{"embeddable":true,"href":"https:\/\/imrovietnam.com\/en\/wp-json\/wp\/v2\/media\/1840"}],"wp:attachment":[{"href":"https:\/\/imrovietnam.com\/en\/wp-json\/wp\/v2\/media?parent=1839"}],"wp:term":[{"taxonomy":"product_brand","embeddable":true,"href":"https:\/\/imrovietnam.com\/en\/wp-json\/wp\/v2\/product_brand?post=1839"},{"taxonomy":"product_cat","embeddable":true,"href":"https:\/\/imrovietnam.com\/en\/wp-json\/wp\/v2\/product_cat?post=1839"},{"taxonomy":"product_tag","embeddable":true,"href":"https:\/\/imrovietnam.com\/en\/wp-json\/wp\/v2\/product_tag?post=1839"}],"curies":[{"name":"wp","href":"https:\/\/api.w.org\/{rel}","templated":true}]}}