{"id":1832,"date":"2021-08-08T15:55:12","date_gmt":"2021-08-08T08:55:12","guid":{"rendered":"https:\/\/imrovietnam.com\/?post_type=product&#038;p=1832"},"modified":"2021-09-05T15:51:26","modified_gmt":"2021-09-05T08:51:26","slug":"english-mu-luoi-chai-chong-tinh-dien-han-quoc","status":"publish","type":"product","link":"https:\/\/imrovietnam.com\/en\/product\/english-mu-luoi-chai-chong-tinh-dien-han-quoc\/","title":{"rendered":"M\u0169 l\u01b0\u1ee1i chai ch\u1ed1ng t\u0129nh \u0111i\u1ec7n H\u00e0n Qu\u1ed1c"},"content":{"rendered":"<ul>\n<li>S\u1ee9c kh\u1ecfe ng\u01b0\u1eddi lao \u0111\u1ed9ng l\u00e0 m\u1ed9t v\u1ea5n \u0111\u1ec1 quan tr\u1ecdng nh\u1ea5t \u0111\u1ed1i v\u1edbi c\u00e1c nh\u00e0 s\u1ea3n xu\u1ea5t v\u00e0 nh\u1ea5t l\u00e0 \u0111\u1ed1i v\u1edbi ch\u00ednh ng\u01b0\u1eddi lao \u0111\u1ed9ng. \u0110\u1ec3 b\u1ea3o v\u1ec7 s\u1ee9c kh\u1ecfe ng\u01b0\u1eddi lao \u0111\u1ed9ng th\u00ec c\u00f3 r\u1ea5t nhi\u1ec1u bi\u1ec7n ph\u00e1p, nh\u01b0ng c\u00f3 m\u1ed9t bi\u1ec7n ph\u00e1p ch\u00ednh, thi\u1ebft th\u1ef1c nh\u1ea5t \u0111\u1ebfn tr\u1ef1c ti\u1ebfp ng\u01b0\u1eddi lao \u0111\u1ed9ng, \u0111\u00f3 ch\u00ednh l\u00e0 \u0111\u1ed3 b\u1ea3o h\u1ed9 lao \u0111\u1ed9ng. \u0110\u1ed3 b\u1ea3o h\u1ed9 lao \u0111\u1ed9ng g\u1ed3m: qu\u1ea7n \u00e1o lao \u0111\u1ed9ng, gang tay lao \u0111\u1ed9ng, bao ng\u00f3n tay, gi\u00e0y,\u2026 nh\u01b0ng c\u00f3 m\u1ed9t v\u1eadt d\u1ee5ng quan tr\u1ecdng kh\u00f4ng k\u00e9m nh\u1eefng v\u1eadt d\u1ee5ng tr\u00ean, \u0111\u00f3 ch\u00ednh l\u00e0 m\u0169 l\u01b0\u1ee1i chai ch\u1ed1ng t\u0129nh \u0111i\u1ec7n.\n<p><img loading=\"lazy\" decoding=\"async\" class=\"aligncenter wp-image-1833\" src=\"https:\/\/imrovietnam.com\/wp-content\/uploads\/2021\/08\/MU-CHONG-TINH-DIEN.jpg\" alt=\"M\u0169 l\u01b0\u1ee1i chai ch\u1ed1ng t\u0129nh \u0111i\u1ec7n\" width=\"498\" height=\"424\" srcset=\"https:\/\/imrovietnam.com\/wp-content\/uploads\/2021\/08\/MU-CHONG-TINH-DIEN.jpg 571w, https:\/\/imrovietnam.com\/wp-content\/uploads\/2021\/08\/MU-CHONG-TINH-DIEN-470x400.jpg 470w, https:\/\/imrovietnam.com\/wp-content\/uploads\/2021\/08\/MU-CHONG-TINH-DIEN-510x434.jpg 510w\" sizes=\"auto, (max-width: 498px) 100vw, 498px\" \/><\/p>\n<h2><strong>C\u01a1 b\u1ea3n v\u1ec1 m\u0169 l\u01b0\u1ee1i chai ch\u1ed1ng t\u0129nh \u0111i\u1ec7n<\/strong><\/h2>\n<p>\u0110\u01b0\u1ee3c l\u00e0m t\u1eeb ch\u1ea5t li\u1ec7u v\u1ea3i ph\u00f2ng s\u1ea1ch pha s\u1ee3i carbon d\u1eabn \u0111i\u1ec7n. V\u1edbi th\u00e0nh ph\u1ea7n 99% polyester, 1% s\u1ee3i carbon<\/p>\n<p>K\u00edch th\u01b0\u1edbc: m\u0169 \u0111\u01b0\u1ee3c thi\u1ebft k\u1ebf r\u1ed9ng r\u00e3i n\u00ean ai c\u0169ng c\u00f3 th\u1ec3 \u0111\u1ed9i v\u1eeba<\/p>\n<p>M\u00e0u s\u1eafc: xanh, tr\u1eafng, \u0111\u1ecf, h\u1ed3ng,\u2026<\/p>\n<p>Lo\u1ea1i: k\u1ebb s\u1ecdc<\/p>\n<p>T\u00ednh n\u0103ng: ch\u1ed1ng t\u0129nh \u0111i\u1ec7n ph\u00f2ng s\u1ea1ch<\/p>\n<p>M\u1eadt \u0111\u1ed9 \u0111i\u1ec7n tr\u1edf b\u1ec1 m\u1eb7t l\u00e0: 10^6 \u0111\u1ebfn 10^9 Ohms<\/p>\n<h2><strong>\u0110\u1eb7c t\u00ednh m\u0169 v\u1ea3i ch\u1ed1ng t\u0129nh \u0111i\u1ec7n<\/strong><\/h2>\n<p>Polyester \u00a0l\u00e0 m\u1ed9t lo\u1ea1i s\u1ee3i t\u1ed5ng h\u1ee3p v\u1edbi th\u00e0nh ph\u1ea7n c\u1ea5u t\u1ea1o \u0111\u1eb7c tr\u01b0ng l\u00e0 ethylene. Polyester \u0111\u01b0\u1ee3c \u1ee9ng d\u1ee5ng nhi\u1ec1u trong ng\u00e0nh c\u00f4ng nghi\u1ec7p \u0111\u1ec3 s\u1ea3n xu\u1ea5t c\u00e1c lo\u1ea1i s\u1ea3n ph\u1ea9m nh\u01b0: v\u1eadt li\u1ec7u c\u00e1ch \u0111i\u1ec7n,\u0111\u1ed3 n\u1ed9i th\u1ea5t, \u0111\u1ed3 gia d\u1ee5ng. Nh\u1eefng \u01b0u th\u1ebf c\u1ee7a s\u1ee3i polyester so v\u1edbi c\u00e1c lo\u1ea1i s\u1ee3i th\u00f4ng th\u01b0\u1eddng:<\/p>\n<p>+ Kh\u00f4ng h\u00fat \u1ea9m<\/p>\n<p>+ H\u1ea5p th\u1ee5 d\u1ea7u<\/p>\n<p>+ Ch\u1ed1ng n\u01b0\u1edbc, ch\u1ed1ng b\u1ee5i, ch\u1ed1ng ch\u00e1y<\/p>\n<p>+ Kh\u00f4ng b\u1ecb co khi gi\u1eb7t, ch\u1ed1ng nh\u0103n, ch\u1ed1ng k\u00e9o gi\u00e3n<\/p>\n<p>+ D\u1ec5 d\u00e0ng nhu\u1ed9m m\u00e0u, kh\u00f4ng b\u1ecb h\u1ee7y ho\u1ea1i b\u1edfi n\u1ea5m m\u1ed1c<\/p>\n<p>+ C\u00e1ch nhi\u1ec7t hi\u1ec7u qu\u1ea3<\/p>\n<p>V\u1edbi nguy\u00ean li\u1ec7u ch\u00ednh l\u00e0 Polyester pha s\u1ee3i carbon, m\u1eadt \u0111\u1ed9 gi\u1eefa c\u00e1c s\u1ee3i carbon l\u00e0 5mm. Nh\u1eefng s\u1ee3i carbon n\u00e0y c\u00f3 kh\u1ea3 n\u0103ng ch\u1ed1ng t\u0129nh \u0111i\u1ec7n. M\u1eadt \u0111\u1ed9 carbon c\u00e0ng cao th\u00ec \u0111\u1ed9 ch\u1ed1ng t\u0129nh \u0111i\u1ec7n c\u00e0ng t\u1ed1t. S\u1ee3i carbon l\u00e0 m\u1ed9t lo\u1ea1i v\u1eadt li\u1ec7u c\u1ef1c k\u1ef3 b\u1ec1n ch\u1eafc v\u00e0 \u0111\u01b0\u1ee3c s\u1eed d\u1ee5ng r\u1ea5t nhi\u1ec1u trong c\u00e1c ng\u00e0nh c\u00f4ng ngh\u1ec7 cao.<\/p>\n<p>B\u1edfi \u0111\u01b0\u1ee3c l\u00e0m t\u1eeb polyester v\u00e0 s\u1ee3i carbon n\u00ean m\u0169 l\u01b0\u1ee1i chai ch\u1ed1ng t\u0129nh \u0111i\u1ec7n c\u00f3 \u0111\u1ee7 c\u00e1c \u0111\u1eb7c t\u00ednh tr\u00ean.<\/p>\n<p>Do c\u00f3 th\u00e0nh ph\u1ea7n ch\u00ednh l\u00e0 polyester n\u00ean khi s\u1eed d\u1ee5ng m\u0169 l\u01b0\u1ee1i chai ch\u1ed1ng t\u0129nh \u0111i\u1ec7n, ng\u01b0\u1eddi \u0111\u1ed9i s\u1ebd c\u1ea3m th\u1ea5y kh\u00e1 kh\u00f3 ch\u1ecbu. Ch\u00fang t\u00f4i \u0111\u00e3 thi\u1ebft k\u1ebf m\u0169 v\u1edbi \u0111\u1ed9 r\u1ed9ng v\u1eeba \u0111\u1ee7, thi\u1ebft k\u1ebf c\u00f3 d\u00e2y chun, c\u00f3 \u00f4 l\u01b0\u1edbi tho\u00e1ng \u0111\u1ec3 \u0111\u1ea3m b\u1ea3o ng\u01b0\u1eddi \u0111\u1ed9i s\u1ebd c\u1ea3m th\u1ea5y tho\u1ea3i m\u00e1i, kh\u00f4ng b\u1ecb x\u1ed9c x\u1ec7ch.<\/p>\n<p>V\u1edbi m\u1ee5c \u0111\u00edch \u0111\u1ea3m b\u1ea3o s\u1ee9c kh\u1ecfe cho ng\u01b0\u1eddi lao \u0111\u1ed9ng, m\u0169 l\u01b0\u1ee1i trai ch\u1ed1ng t\u0129nh \u0111i\u1ec7n l\u00e0 s\u1ea3n ph\u1ea9m \u0111\u01b0\u1ee3c s\u1ea3n xu\u1ea5t ra d\u00f9ng trong ph\u00f2ng s\u1ea1ch\u00a0c\u00f9ng v\u1edbi qu\u1ea7n \u00e1o ph\u00f2ng s\u1ea1ch\u00a0nh\u1eb1m \u0111\u1ea3o b\u1ea3o an to\u00e0n lao \u0111\u1ed9ng trong ph\u00f2ng s\u1ea1ch.<\/li>\n<\/ul>","protected":false},"excerpt":{"rendered":"<ul>\n<li>Ch\u1ea5t li\u1ec7u: V\u1ea3i polyeste<\/li>\n<li>T\u00ednh n\u0103ng: Ch\u1ed1ng t\u0129nh \u0111i\u1ec7n ph\u00f2ng s\u1ea1ch<\/li>\n<li>Lo\u1ea1i : K\u1ebb s\u1ecdc<\/li>\n<li>M\u00e0u s\u1eafc: Xanh, tr\u1eafng, \u0111\u1ecf, h\u1ed3ng&#8230;<\/li>\n<\/ul>\n","protected":false},"featured_media":1833,"comment_status":"open","ping_status":"closed","template":"","meta":[],"product_brand":[],"product_cat":[104],"product_tag":[136,196],"class_list":{"0":"post-1832","1":"product","2":"type-product","3":"status-publish","4":"has-post-thumbnail","6":"product_cat-thiet-bi-phong-sach","7":"product_tag-mu-esd","8":"product_tag-mu-luoi-chai-chong-tinh-dien-han-quoc","10":"first","11":"instock","12":"shipping-taxable","13":"product-type-simple"},"yoast_head":"<!-- This site is optimized with the Yoast SEO Premium plugin v25.0 (Yoast SEO v25.2) - https:\/\/yoast.com\/wordpress\/plugins\/seo\/ -->\n<title>M\u0169 l\u01b0\u1ee1i chai ch\u1ed1ng t\u0129nh \u0111i\u1ec7n H\u00e0n Qu\u1ed1c - IMRO Vietnam<\/title>\n<meta name=\"robots\" content=\"index, follow, max-snippet:-1, max-image-preview:large, max-video-preview:-1\" \/>\n<link rel=\"canonical\" href=\"https:\/\/imrovietnam.com\/en\/product\/english-mu-luoi-chai-chong-tinh-dien-han-quoc\/\" \/>\n<meta property=\"og:locale\" content=\"en_US\" \/>\n<meta property=\"og:type\" content=\"article\" \/>\n<meta property=\"og:title\" content=\"M\u0169 l\u01b0\u1ee1i chai ch\u1ed1ng t\u0129nh \u0111i\u1ec7n H\u00e0n Qu\u1ed1c\" \/>\n<meta property=\"og:description\" content=\"Ch\u1ea5t li\u1ec7u: V\u1ea3i polyeste  T\u00ednh n\u0103ng: Ch\u1ed1ng t\u0129nh \u0111i\u1ec7n ph\u00f2ng s\u1ea1ch  Lo\u1ea1i : K\u1ebb s\u1ecdc  M\u00e0u s\u1eafc: Xanh, tr\u1eafng, \u0111\u1ecf, h\u1ed3ng...\" \/>\n<meta property=\"og:url\" content=\"https:\/\/imrovietnam.com\/en\/product\/english-mu-luoi-chai-chong-tinh-dien-han-quoc\/\" \/>\n<meta property=\"og:site_name\" content=\"IMRO Vietnam\" \/>\n<meta property=\"article:modified_time\" content=\"2021-09-05T08:51:26+00:00\" \/>\n<meta property=\"og:image\" content=\"https:\/\/imrovietnam.com\/wp-content\/uploads\/2021\/08\/MU-CHONG-TINH-DIEN.jpg\" \/>\n\t<meta property=\"og:image:width\" content=\"571\" \/>\n\t<meta property=\"og:image:height\" content=\"486\" \/>\n\t<meta property=\"og:image:type\" content=\"image\/jpeg\" \/>\n<meta name=\"twitter:card\" content=\"summary_large_image\" \/>\n<meta name=\"twitter:label1\" content=\"Est. reading time\" \/>\n\t<meta name=\"twitter:data1\" content=\"7 minutes\" \/>\n<script type=\"application\/ld+json\" class=\"yoast-schema-graph\">{\"@context\":\"https:\/\/schema.org\",\"@graph\":[{\"@type\":\"WebPage\",\"@id\":\"https:\/\/imrovietnam.com\/en\/product\/english-mu-luoi-chai-chong-tinh-dien-han-quoc\/\",\"url\":\"https:\/\/imrovietnam.com\/en\/product\/english-mu-luoi-chai-chong-tinh-dien-han-quoc\/\",\"name\":\"M\u0169 l\u01b0\u1ee1i chai ch\u1ed1ng t\u0129nh \u0111i\u1ec7n H\u00e0n Qu\u1ed1c - IMRO Vietnam\",\"isPartOf\":{\"@id\":\"https:\/\/imrovietnam.com\/#website\"},\"primaryImageOfPage\":{\"@id\":\"https:\/\/imrovietnam.com\/en\/product\/english-mu-luoi-chai-chong-tinh-dien-han-quoc\/#primaryimage\"},\"image\":{\"@id\":\"https:\/\/imrovietnam.com\/en\/product\/english-mu-luoi-chai-chong-tinh-dien-han-quoc\/#primaryimage\"},\"thumbnailUrl\":\"https:\/\/imrovietnam.com\/wp-content\/uploads\/2021\/08\/MU-CHONG-TINH-DIEN.jpg\",\"datePublished\":\"2021-08-08T08:55:12+00:00\",\"dateModified\":\"2021-09-05T08:51:26+00:00\",\"breadcrumb\":{\"@id\":\"https:\/\/imrovietnam.com\/en\/product\/english-mu-luoi-chai-chong-tinh-dien-han-quoc\/#breadcrumb\"},\"inLanguage\":\"en-US\",\"potentialAction\":[{\"@type\":\"ReadAction\",\"target\":[\"https:\/\/imrovietnam.com\/en\/product\/english-mu-luoi-chai-chong-tinh-dien-han-quoc\/\"]}]},{\"@type\":\"ImageObject\",\"inLanguage\":\"en-US\",\"@id\":\"https:\/\/imrovietnam.com\/en\/product\/english-mu-luoi-chai-chong-tinh-dien-han-quoc\/#primaryimage\",\"url\":\"https:\/\/imrovietnam.com\/wp-content\/uploads\/2021\/08\/MU-CHONG-TINH-DIEN.jpg\",\"contentUrl\":\"https:\/\/imrovietnam.com\/wp-content\/uploads\/2021\/08\/MU-CHONG-TINH-DIEN.jpg\",\"width\":571,\"height\":486},{\"@type\":\"BreadcrumbList\",\"@id\":\"https:\/\/imrovietnam.com\/en\/product\/english-mu-luoi-chai-chong-tinh-dien-han-quoc\/#breadcrumb\",\"itemListElement\":[{\"@type\":\"ListItem\",\"position\":1,\"name\":\"Home\",\"item\":\"https:\/\/imrovietnam.com\/\"},{\"@type\":\"ListItem\",\"position\":2,\"name\":\"S\u1ea3n ph\u1ea9m\",\"item\":\"https:\/\/imrovietnam.com\/shop\/\"},{\"@type\":\"ListItem\",\"position\":3,\"name\":\"M\u0169 l\u01b0\u1ee1i chai ch\u1ed1ng t\u0129nh \u0111i\u1ec7n H\u00e0n Qu\u1ed1c\"}]},{\"@type\":\"WebSite\",\"@id\":\"https:\/\/imrovietnam.com\/#website\",\"url\":\"https:\/\/imrovietnam.com\/\",\"name\":\"IMRO Vietnam\",\"description\":\"Your consumables and spare parts store\",\"potentialAction\":[{\"@type\":\"SearchAction\",\"target\":{\"@type\":\"EntryPoint\",\"urlTemplate\":\"https:\/\/imrovietnam.com\/?s={search_term_string}\"},\"query-input\":{\"@type\":\"PropertyValueSpecification\",\"valueRequired\":true,\"valueName\":\"search_term_string\"}}],\"inLanguage\":\"en-US\"}]}<\/script>\n<!-- \/ Yoast SEO Premium plugin. -->","yoast_head_json":{"title":"M\u0169 l\u01b0\u1ee1i chai ch\u1ed1ng t\u0129nh \u0111i\u1ec7n H\u00e0n Qu\u1ed1c - IMRO Vietnam","robots":{"index":"index","follow":"follow","max-snippet":"max-snippet:-1","max-image-preview":"max-image-preview:large","max-video-preview":"max-video-preview:-1"},"canonical":"https:\/\/imrovietnam.com\/en\/product\/english-mu-luoi-chai-chong-tinh-dien-han-quoc\/","og_locale":"en_US","og_type":"article","og_title":"M\u0169 l\u01b0\u1ee1i chai ch\u1ed1ng t\u0129nh \u0111i\u1ec7n H\u00e0n Qu\u1ed1c","og_description":"Ch\u1ea5t li\u1ec7u: V\u1ea3i polyeste  T\u00ednh n\u0103ng: Ch\u1ed1ng t\u0129nh \u0111i\u1ec7n ph\u00f2ng s\u1ea1ch  Lo\u1ea1i : K\u1ebb s\u1ecdc  M\u00e0u s\u1eafc: Xanh, tr\u1eafng, \u0111\u1ecf, h\u1ed3ng...","og_url":"https:\/\/imrovietnam.com\/en\/product\/english-mu-luoi-chai-chong-tinh-dien-han-quoc\/","og_site_name":"IMRO Vietnam","article_modified_time":"2021-09-05T08:51:26+00:00","og_image":[{"width":571,"height":486,"url":"https:\/\/imrovietnam.com\/wp-content\/uploads\/2021\/08\/MU-CHONG-TINH-DIEN.jpg","type":"image\/jpeg"}],"twitter_card":"summary_large_image","twitter_misc":{"Est. reading time":"7 minutes"},"schema":{"@context":"https:\/\/schema.org","@graph":[{"@type":"WebPage","@id":"https:\/\/imrovietnam.com\/en\/product\/english-mu-luoi-chai-chong-tinh-dien-han-quoc\/","url":"https:\/\/imrovietnam.com\/en\/product\/english-mu-luoi-chai-chong-tinh-dien-han-quoc\/","name":"M\u0169 l\u01b0\u1ee1i chai ch\u1ed1ng t\u0129nh \u0111i\u1ec7n H\u00e0n Qu\u1ed1c - IMRO Vietnam","isPartOf":{"@id":"https:\/\/imrovietnam.com\/#website"},"primaryImageOfPage":{"@id":"https:\/\/imrovietnam.com\/en\/product\/english-mu-luoi-chai-chong-tinh-dien-han-quoc\/#primaryimage"},"image":{"@id":"https:\/\/imrovietnam.com\/en\/product\/english-mu-luoi-chai-chong-tinh-dien-han-quoc\/#primaryimage"},"thumbnailUrl":"https:\/\/imrovietnam.com\/wp-content\/uploads\/2021\/08\/MU-CHONG-TINH-DIEN.jpg","datePublished":"2021-08-08T08:55:12+00:00","dateModified":"2021-09-05T08:51:26+00:00","breadcrumb":{"@id":"https:\/\/imrovietnam.com\/en\/product\/english-mu-luoi-chai-chong-tinh-dien-han-quoc\/#breadcrumb"},"inLanguage":"en-US","potentialAction":[{"@type":"ReadAction","target":["https:\/\/imrovietnam.com\/en\/product\/english-mu-luoi-chai-chong-tinh-dien-han-quoc\/"]}]},{"@type":"ImageObject","inLanguage":"en-US","@id":"https:\/\/imrovietnam.com\/en\/product\/english-mu-luoi-chai-chong-tinh-dien-han-quoc\/#primaryimage","url":"https:\/\/imrovietnam.com\/wp-content\/uploads\/2021\/08\/MU-CHONG-TINH-DIEN.jpg","contentUrl":"https:\/\/imrovietnam.com\/wp-content\/uploads\/2021\/08\/MU-CHONG-TINH-DIEN.jpg","width":571,"height":486},{"@type":"BreadcrumbList","@id":"https:\/\/imrovietnam.com\/en\/product\/english-mu-luoi-chai-chong-tinh-dien-han-quoc\/#breadcrumb","itemListElement":[{"@type":"ListItem","position":1,"name":"Home","item":"https:\/\/imrovietnam.com\/"},{"@type":"ListItem","position":2,"name":"S\u1ea3n ph\u1ea9m","item":"https:\/\/imrovietnam.com\/shop\/"},{"@type":"ListItem","position":3,"name":"M\u0169 l\u01b0\u1ee1i chai ch\u1ed1ng t\u0129nh \u0111i\u1ec7n H\u00e0n Qu\u1ed1c"}]},{"@type":"WebSite","@id":"https:\/\/imrovietnam.com\/#website","url":"https:\/\/imrovietnam.com\/","name":"IMRO Vietnam","description":"Your consumables and spare parts store","potentialAction":[{"@type":"SearchAction","target":{"@type":"EntryPoint","urlTemplate":"https:\/\/imrovietnam.com\/?s={search_term_string}"},"query-input":{"@type":"PropertyValueSpecification","valueRequired":true,"valueName":"search_term_string"}}],"inLanguage":"en-US"}]}},"_links":{"self":[{"href":"https:\/\/imrovietnam.com\/en\/wp-json\/wp\/v2\/product\/1832","targetHints":{"allow":["GET"]}}],"collection":[{"href":"https:\/\/imrovietnam.com\/en\/wp-json\/wp\/v2\/product"}],"about":[{"href":"https:\/\/imrovietnam.com\/en\/wp-json\/wp\/v2\/types\/product"}],"replies":[{"embeddable":true,"href":"https:\/\/imrovietnam.com\/en\/wp-json\/wp\/v2\/comments?post=1832"}],"wp:featuredmedia":[{"embeddable":true,"href":"https:\/\/imrovietnam.com\/en\/wp-json\/wp\/v2\/media\/1833"}],"wp:attachment":[{"href":"https:\/\/imrovietnam.com\/en\/wp-json\/wp\/v2\/media?parent=1832"}],"wp:term":[{"taxonomy":"product_brand","embeddable":true,"href":"https:\/\/imrovietnam.com\/en\/wp-json\/wp\/v2\/product_brand?post=1832"},{"taxonomy":"product_cat","embeddable":true,"href":"https:\/\/imrovietnam.com\/en\/wp-json\/wp\/v2\/product_cat?post=1832"},{"taxonomy":"product_tag","embeddable":true,"href":"https:\/\/imrovietnam.com\/en\/wp-json\/wp\/v2\/product_tag?post=1832"}],"curies":[{"name":"wp","href":"https:\/\/api.w.org\/{rel}","templated":true}]}}