{"id":1825,"date":"2021-08-08T15:44:06","date_gmt":"2021-08-08T08:44:06","guid":{"rendered":"https:\/\/imrovietnam.com\/?post_type=product&#038;p=1825"},"modified":"2021-09-07T15:14:41","modified_gmt":"2021-09-07T08:14:41","slug":"ao-roi-quan-roi-phong-sach-chong-tinh-dien","status":"publish","type":"product","link":"https:\/\/imrovietnam.com\/en\/product\/ao-roi-quan-roi-phong-sach-chong-tinh-dien\/","title":{"rendered":"\u00c1o r\u1eddi qu\u1ea7n r\u1eddi ph\u00f2ng s\u1ea1ch ch\u1ed1ng t\u0129nh \u0111i\u1ec7n"},"content":{"rendered":"<p><strong>B\u1ed9 qu\u1ea7n \u00e1o ph\u00f2ng s\u1ea1ch ch\u1ed1ng t\u0129nh \u0111i\u1ec7n qu\u1ea7n r\u1eddi \u00e1o r\u1eddi.<\/strong><\/p>\n<p>Qu\u1ea7n \u00e1o ch\u1ed1ng t\u0129nh \u0111i\u1ec7n \u0111\u01b0\u1ee3c thi\u1ebft k\u1ebf r\u1ea5t nhi\u1ec1u ki\u1ec3u \u0111\u1ec3 ph\u00f9 h\u1ee3p v\u1edbi nhi\u1ec1u lo\u1ea1i c\u00f4ng vi\u1ec7c kh\u00e1c nhau. B\u1ed9 qu\u00e0n \u00e1o ch\u1ed1ng t\u0129nh \u0111i\u1ec7n qu\u1ea7n r\u1eddi \u00e1o r\u1eddi hi\u1ec7n nay c\u0169ng \u0111\u01b0\u1ee3c s\u1eed d\u1ee5ng r\u1ea5t ph\u1ed5 bi\u1ebfn.<\/p>\n<p>B\u1ed9\u00a0qu\u1ea7n \u00e1o r\u1eddi ph\u00f2ng s\u1ea1ch\u00a0n\u00e0y \u0111\u01b0\u1ee3c may b\u1eb1ng v\u1ea3i ch\u1ed1ng t\u0129nh \u0111i\u1ec7n, \u0111\u01b0\u1ee3c thi\u1ebft k\u1ebf may \u0111o r\u1ed9ng r\u00e3i gi\u00fap cho ng\u01b0\u1eddi m\u1eb7c tho\u1ea3i m\u00e1i h\u01a1n.<\/p>\n<p><em>\u00c1o r\u1eddi qu\u1ea7n r\u1eddi ch\u1ed1ng t\u0129nh \u0111i\u1ec7n<\/em><\/p>\n<p><strong>V\u1ec1 \u00e1o ph\u00f2ng s\u1ea1ch ch\u1ed1ng t\u0129nh \u0111i\u1ec7n<\/strong><\/p>\n<p>Ph\u1ea7n c\u1ed5 \u00e1o th\u00ec c\u00f3 lo\u1ea1i c\u1ed5 b\u1ebb, c\u1ed5 tr\u00f2n c\u00f3 mi\u1ebfng d\u00e1n, t\u00f9y theo nhu c\u1ea7u c\u1ee7a m\u1ed7i \u0111\u01a1n v\u1ecb l\u1ef1a ch\u1ecdn. Tay \u00e1o c\u0169ng c\u00f3 ki\u1ec3u bo chun \u1edf c\u1ed5 tay ho\u1eb7c l\u00e0 may \u0111ai c\u00f3 mi\u1ebfng d\u00e1n. Ph\u1ea7n d\u01b0\u1edbi c\u00f3 th\u1ec3 may su\u00f4ng ho\u1eb7c may \u0111ai. T\u00f9y theo y\u00eau c\u1ea7u c\u00f3 th\u1ec3 may t\u00fai \u00e1o hay kh\u00f4ng may.<\/p>\n<p><strong>V\u1ec1 qu\u1ea7n ph\u00f2ng s\u1ea1ch ch\u1ed1ng t\u0129nh \u0111i\u1ec7n<\/strong><\/p>\n<p>Qu\u1ea7n \u0111\u01b0\u1ee3c thi\u1ebft k\u1ebf ch\u1ee7 y\u1ebfu l\u00e0 d\u1ea1ng qu\u1ea7n chun, c\u00f3 t\u00fai. \u1ed0ng qu\u1ea7n may bo chun \u1edf g\u1ea5u qu\u1ea7n \u0111\u1ec3 khi l\u00e0m vi\u1ec7c \u0111\u01b0\u1ee3c g\u1ecdn g\u00e0ng h\u01a1n.<\/p>\n<p>B\u1ed9 qu\u1ea7n \u00e1o n\u00e0y c\u0169ng c\u00f3 \u0111\u1ed9 ch\u1ed1ng t\u0129nh \u0111i\u1ec7n trong kho\u1ea3ng: 10^6- 10^9\u2126.<\/p>\n<p>C\u00f3 c\u00e1c size ph\u1ed5 bi\u1ebfn nh\u01b0:\u00a0 S, M, L, XL, XXL\u2026<\/p>\n<p><img loading=\"lazy\" decoding=\"async\" class=\"aligncenter wp-image-2268 size-full\" src=\"https:\/\/imrovietnam.com\/wp-content\/uploads\/2021\/08\/ao-roi-quan-phong-sach.jpg\" alt=\"B\u1ed9 qu\u1ea7n \u00e1o ph\u00f2ng s\u1ea1ch ch\u1ed1ng t\u0129nh \u0111i\u1ec7n qu\u1ea7n r\u1eddi \u00e1o r\u1eddi.\" width=\"355\" height=\"484\" srcset=\"https:\/\/imrovietnam.com\/wp-content\/uploads\/2021\/08\/ao-roi-quan-phong-sach.jpg 355w, https:\/\/imrovietnam.com\/wp-content\/uploads\/2021\/08\/ao-roi-quan-phong-sach-293x400.jpg 293w\" sizes=\"auto, (max-width: 355px) 100vw, 355px\" \/><\/p>\n<p>C\u00f3 nhi\u1ec1u m\u00e0u s\u1eafc \u0111\u1ec3 b\u1ea1n l\u1ef1a ch\u1ecdn: tr\u1eafng, xanh, h\u1ed3ng, v\u00e0ng,\u2026<\/p>\n<p>Qu\u1ea7n \u00e1o ph\u00f2ng s\u1ea1ch\u00a0ch\u1ed1ng t\u0129nh \u0111i\u1ec7n r\u1ea5t quan tr\u1ecdng, n\u00f3 gi\u00fap b\u1ea3o v\u1ec7 an to\u00e0n cho ng\u01b0\u1eddi lao \u0111\u1ed9ng v\u1eeba gi\u00fap cho c\u00f4ng vi\u1ec7c c\u1ee7a b\u1ea1n ho\u00e0n th\u00e0nh t\u1ed1t h\u01a1n.<\/p>\n<p>Hi\u1ec7n nay tr\u00ean th\u1ecb tr\u01b0\u1eddng c\u00f3 r\u1ea5t nhi\u1ec1u lo\u1ea1i qu\u1ea7n \u00e1o ch\u1ed1ng t\u0129nh \u0111i\u1ec7n k\u00e9m ch\u1ea5t l\u01b0\u1ee3ng, kh\u00f4ng \u0111\u1ea3m b\u1ea3o \u0111\u1ee7 \u0111\u1ed9 ch\u1ed1ng t\u0129nh \u0111i\u1ec7n an to\u00e0n. H\u00e3y \u0111\u1ebfn v\u1edbi ch\u00fang t\u00f4i \u0111\u1ec3 c\u00f3 \u0111\u01b0\u1ee3c nh\u1eefng s\u1ea3n ph\u1ea9m c\u00f3 ch\u1ea5t l\u01b0\u1ee3ng t\u1ed1t nh\u1ea5t.<\/p>\n<p>Ch\u00fang t\u00f4i lu\u00f4n \u0111\u00e1p \u1ee9ng \u0111\u01b0\u1ee3c t\u1ea5t c\u1ea3 c\u00e1c nhu c\u1ea7u c\u1ee7a c\u00e1c b\u1ea1n v\u1ec1 c\u00e1c m\u1eabu qu\u1ea7n \u00e1o ch\u1ed1ng t\u0129nh \u0111i\u1ec7n. H\u00e3y h\u1ee3p t\u00e1c v\u1edbi c\u00f4ng ty c\u1ee7a ch\u00fang t\u00f4i \u0111\u1ec3 c\u00f3 \u0111\u01b0\u1ee3c s\u1ef1 h\u00e0i l\u00f2ng t\u1ed1t nh\u1ea5t trong c\u00f4ng vi\u1ec7c.<\/p>\n","protected":false},"excerpt":{"rendered":"<p>Ch\u1ea5t li\u1ec7u: Polyester pha n\u1ee3i carbon<br \/>\nM\u00e0u s\u1eafc: Tr\u1eafng, xanh, h\u1ed3ng, ..<br \/>\nT\u00ednh n\u0103ng: Ph\u00f2ng s\u1ea1ch ch\u1ed1ng t\u0129nh \u0111i\u1ec7n<br \/>\nSize: S, M, L, XL, XXL<br \/>\nCh\u1ed1ng t\u0129nh \u0111i\u1ec7n: 10^6 &#8211; 10^9<br \/>\nLo\u1ea1i kh\u00f3a: K\u00e9o kh\u00f3a, \u0110\u00f3ng c\u00fac<br \/>\nTh\u1eddi gian : T\u00f9y theo \u0111\u01a1n h\u00e0ng<\/p>\n","protected":false},"featured_media":2268,"comment_status":"open","ping_status":"closed","template":"","meta":[],"product_brand":[],"product_cat":[104],"product_tag":[197,334,335,307,305,325,306,137],"class_list":{"0":"post-1825","1":"product","2":"type-product","3":"status-publish","4":"has-post-thumbnail","6":"product_cat-thiet-bi-phong-sach","7":"product_tag-ao-roi-quan-roi-phong-sach-chong-tinh-dien","8":"product_tag-bui","9":"product_tag-clean-room","10":"product_tag-dien-tu","11":"product_tag-esd","12":"product_tag-nha-may","13":"product_tag-phong-sach","14":"product_tag-quan-ao-esd","16":"first","17":"instock","18":"featured","19":"shipping-taxable","20":"product-type-simple"},"yoast_head":"<!-- This site is optimized with the Yoast SEO Premium plugin v25.0 (Yoast SEO v25.2) - https:\/\/yoast.com\/wordpress\/plugins\/seo\/ -->\n<title>\u00c1o r\u1eddi qu\u1ea7n r\u1eddi ph\u00f2ng s\u1ea1ch ch\u1ed1ng t\u0129nh \u0111i\u1ec7n - IMRO Vietnam<\/title>\n<meta name=\"robots\" content=\"index, follow, max-snippet:-1, max-image-preview:large, max-video-preview:-1\" \/>\n<link rel=\"canonical\" href=\"https:\/\/imrovietnam.com\/en\/product\/ao-roi-quan-roi-phong-sach-chong-tinh-dien\/\" \/>\n<meta property=\"og:locale\" content=\"en_US\" \/>\n<meta property=\"og:type\" content=\"article\" \/>\n<meta property=\"og:title\" content=\"\u00c1o r\u1eddi qu\u1ea7n r\u1eddi ph\u00f2ng s\u1ea1ch ch\u1ed1ng t\u0129nh \u0111i\u1ec7n\" \/>\n<meta property=\"og:description\" content=\"Ch\u1ea5t li\u1ec7u: Polyester pha n\u1ee3i carbon M\u00e0u s\u1eafc: Tr\u1eafng, xanh, h\u1ed3ng, .. T\u00ednh n\u0103ng: Ph\u00f2ng s\u1ea1ch ch\u1ed1ng t\u0129nh \u0111i\u1ec7n Size: S, M, L, XL, XXL Ch\u1ed1ng t\u0129nh \u0111i\u1ec7n: 10^6 - 10^9 Lo\u1ea1i kh\u00f3a: K\u00e9o kh\u00f3a, \u0110\u00f3ng c\u00fac Th\u1eddi gian : T\u00f9y theo \u0111\u01a1n h\u00e0ng\" \/>\n<meta property=\"og:url\" content=\"https:\/\/imrovietnam.com\/en\/product\/ao-roi-quan-roi-phong-sach-chong-tinh-dien\/\" \/>\n<meta property=\"og:site_name\" content=\"IMRO Vietnam\" \/>\n<meta property=\"article:modified_time\" content=\"2021-09-07T08:14:41+00:00\" \/>\n<meta property=\"og:image\" content=\"https:\/\/imrovietnam.com\/wp-content\/uploads\/2021\/08\/ao-roi-quan-phong-sach.jpg\" \/>\n\t<meta property=\"og:image:width\" content=\"355\" \/>\n\t<meta property=\"og:image:height\" content=\"484\" \/>\n\t<meta property=\"og:image:type\" content=\"image\/jpeg\" \/>\n<meta name=\"twitter:card\" content=\"summary_large_image\" \/>\n<meta name=\"twitter:label1\" content=\"Est. reading time\" \/>\n\t<meta name=\"twitter:data1\" content=\"3 minutes\" \/>\n<script type=\"application\/ld+json\" class=\"yoast-schema-graph\">{\"@context\":\"https:\/\/schema.org\",\"@graph\":[{\"@type\":\"WebPage\",\"@id\":\"https:\/\/imrovietnam.com\/en\/product\/ao-roi-quan-roi-phong-sach-chong-tinh-dien\/\",\"url\":\"https:\/\/imrovietnam.com\/en\/product\/ao-roi-quan-roi-phong-sach-chong-tinh-dien\/\",\"name\":\"\u00c1o r\u1eddi qu\u1ea7n r\u1eddi ph\u00f2ng s\u1ea1ch ch\u1ed1ng t\u0129nh \u0111i\u1ec7n - IMRO Vietnam\",\"isPartOf\":{\"@id\":\"https:\/\/imrovietnam.com\/#website\"},\"primaryImageOfPage\":{\"@id\":\"https:\/\/imrovietnam.com\/en\/product\/ao-roi-quan-roi-phong-sach-chong-tinh-dien\/#primaryimage\"},\"image\":{\"@id\":\"https:\/\/imrovietnam.com\/en\/product\/ao-roi-quan-roi-phong-sach-chong-tinh-dien\/#primaryimage\"},\"thumbnailUrl\":\"https:\/\/imrovietnam.com\/wp-content\/uploads\/2021\/08\/ao-roi-quan-phong-sach.jpg\",\"datePublished\":\"2021-08-08T08:44:06+00:00\",\"dateModified\":\"2021-09-07T08:14:41+00:00\",\"breadcrumb\":{\"@id\":\"https:\/\/imrovietnam.com\/en\/product\/ao-roi-quan-roi-phong-sach-chong-tinh-dien\/#breadcrumb\"},\"inLanguage\":\"en-US\",\"potentialAction\":[{\"@type\":\"ReadAction\",\"target\":[\"https:\/\/imrovietnam.com\/en\/product\/ao-roi-quan-roi-phong-sach-chong-tinh-dien\/\"]}]},{\"@type\":\"ImageObject\",\"inLanguage\":\"en-US\",\"@id\":\"https:\/\/imrovietnam.com\/en\/product\/ao-roi-quan-roi-phong-sach-chong-tinh-dien\/#primaryimage\",\"url\":\"https:\/\/imrovietnam.com\/wp-content\/uploads\/2021\/08\/ao-roi-quan-phong-sach.jpg\",\"contentUrl\":\"https:\/\/imrovietnam.com\/wp-content\/uploads\/2021\/08\/ao-roi-quan-phong-sach.jpg\",\"width\":355,\"height\":484},{\"@type\":\"BreadcrumbList\",\"@id\":\"https:\/\/imrovietnam.com\/en\/product\/ao-roi-quan-roi-phong-sach-chong-tinh-dien\/#breadcrumb\",\"itemListElement\":[{\"@type\":\"ListItem\",\"position\":1,\"name\":\"Home\",\"item\":\"https:\/\/imrovietnam.com\/\"},{\"@type\":\"ListItem\",\"position\":2,\"name\":\"S\u1ea3n ph\u1ea9m\",\"item\":\"https:\/\/imrovietnam.com\/shop\/\"},{\"@type\":\"ListItem\",\"position\":3,\"name\":\"\u00c1o r\u1eddi qu\u1ea7n r\u1eddi ph\u00f2ng s\u1ea1ch ch\u1ed1ng t\u0129nh \u0111i\u1ec7n\"}]},{\"@type\":\"WebSite\",\"@id\":\"https:\/\/imrovietnam.com\/#website\",\"url\":\"https:\/\/imrovietnam.com\/\",\"name\":\"IMRO Vietnam\",\"description\":\"Your consumables and spare parts store\",\"potentialAction\":[{\"@type\":\"SearchAction\",\"target\":{\"@type\":\"EntryPoint\",\"urlTemplate\":\"https:\/\/imrovietnam.com\/?s={search_term_string}\"},\"query-input\":{\"@type\":\"PropertyValueSpecification\",\"valueRequired\":true,\"valueName\":\"search_term_string\"}}],\"inLanguage\":\"en-US\"}]}<\/script>\n<!-- \/ Yoast SEO Premium plugin. -->","yoast_head_json":{"title":"\u00c1o r\u1eddi qu\u1ea7n r\u1eddi ph\u00f2ng s\u1ea1ch ch\u1ed1ng t\u0129nh \u0111i\u1ec7n - IMRO Vietnam","robots":{"index":"index","follow":"follow","max-snippet":"max-snippet:-1","max-image-preview":"max-image-preview:large","max-video-preview":"max-video-preview:-1"},"canonical":"https:\/\/imrovietnam.com\/en\/product\/ao-roi-quan-roi-phong-sach-chong-tinh-dien\/","og_locale":"en_US","og_type":"article","og_title":"\u00c1o r\u1eddi qu\u1ea7n r\u1eddi ph\u00f2ng s\u1ea1ch ch\u1ed1ng t\u0129nh \u0111i\u1ec7n","og_description":"Ch\u1ea5t li\u1ec7u: Polyester pha n\u1ee3i carbon M\u00e0u s\u1eafc: Tr\u1eafng, xanh, h\u1ed3ng, .. T\u00ednh n\u0103ng: Ph\u00f2ng s\u1ea1ch ch\u1ed1ng t\u0129nh \u0111i\u1ec7n Size: S, M, L, XL, XXL Ch\u1ed1ng t\u0129nh \u0111i\u1ec7n: 10^6 - 10^9 Lo\u1ea1i kh\u00f3a: K\u00e9o kh\u00f3a, \u0110\u00f3ng c\u00fac Th\u1eddi gian : T\u00f9y theo \u0111\u01a1n h\u00e0ng","og_url":"https:\/\/imrovietnam.com\/en\/product\/ao-roi-quan-roi-phong-sach-chong-tinh-dien\/","og_site_name":"IMRO Vietnam","article_modified_time":"2021-09-07T08:14:41+00:00","og_image":[{"width":355,"height":484,"url":"https:\/\/imrovietnam.com\/wp-content\/uploads\/2021\/08\/ao-roi-quan-phong-sach.jpg","type":"image\/jpeg"}],"twitter_card":"summary_large_image","twitter_misc":{"Est. reading time":"3 minutes"},"schema":{"@context":"https:\/\/schema.org","@graph":[{"@type":"WebPage","@id":"https:\/\/imrovietnam.com\/en\/product\/ao-roi-quan-roi-phong-sach-chong-tinh-dien\/","url":"https:\/\/imrovietnam.com\/en\/product\/ao-roi-quan-roi-phong-sach-chong-tinh-dien\/","name":"\u00c1o r\u1eddi qu\u1ea7n r\u1eddi ph\u00f2ng s\u1ea1ch ch\u1ed1ng t\u0129nh \u0111i\u1ec7n - IMRO Vietnam","isPartOf":{"@id":"https:\/\/imrovietnam.com\/#website"},"primaryImageOfPage":{"@id":"https:\/\/imrovietnam.com\/en\/product\/ao-roi-quan-roi-phong-sach-chong-tinh-dien\/#primaryimage"},"image":{"@id":"https:\/\/imrovietnam.com\/en\/product\/ao-roi-quan-roi-phong-sach-chong-tinh-dien\/#primaryimage"},"thumbnailUrl":"https:\/\/imrovietnam.com\/wp-content\/uploads\/2021\/08\/ao-roi-quan-phong-sach.jpg","datePublished":"2021-08-08T08:44:06+00:00","dateModified":"2021-09-07T08:14:41+00:00","breadcrumb":{"@id":"https:\/\/imrovietnam.com\/en\/product\/ao-roi-quan-roi-phong-sach-chong-tinh-dien\/#breadcrumb"},"inLanguage":"en-US","potentialAction":[{"@type":"ReadAction","target":["https:\/\/imrovietnam.com\/en\/product\/ao-roi-quan-roi-phong-sach-chong-tinh-dien\/"]}]},{"@type":"ImageObject","inLanguage":"en-US","@id":"https:\/\/imrovietnam.com\/en\/product\/ao-roi-quan-roi-phong-sach-chong-tinh-dien\/#primaryimage","url":"https:\/\/imrovietnam.com\/wp-content\/uploads\/2021\/08\/ao-roi-quan-phong-sach.jpg","contentUrl":"https:\/\/imrovietnam.com\/wp-content\/uploads\/2021\/08\/ao-roi-quan-phong-sach.jpg","width":355,"height":484},{"@type":"BreadcrumbList","@id":"https:\/\/imrovietnam.com\/en\/product\/ao-roi-quan-roi-phong-sach-chong-tinh-dien\/#breadcrumb","itemListElement":[{"@type":"ListItem","position":1,"name":"Home","item":"https:\/\/imrovietnam.com\/"},{"@type":"ListItem","position":2,"name":"S\u1ea3n ph\u1ea9m","item":"https:\/\/imrovietnam.com\/shop\/"},{"@type":"ListItem","position":3,"name":"\u00c1o r\u1eddi qu\u1ea7n r\u1eddi ph\u00f2ng s\u1ea1ch ch\u1ed1ng t\u0129nh \u0111i\u1ec7n"}]},{"@type":"WebSite","@id":"https:\/\/imrovietnam.com\/#website","url":"https:\/\/imrovietnam.com\/","name":"IMRO Vietnam","description":"Your consumables and spare parts store","potentialAction":[{"@type":"SearchAction","target":{"@type":"EntryPoint","urlTemplate":"https:\/\/imrovietnam.com\/?s={search_term_string}"},"query-input":{"@type":"PropertyValueSpecification","valueRequired":true,"valueName":"search_term_string"}}],"inLanguage":"en-US"}]}},"_links":{"self":[{"href":"https:\/\/imrovietnam.com\/en\/wp-json\/wp\/v2\/product\/1825","targetHints":{"allow":["GET"]}}],"collection":[{"href":"https:\/\/imrovietnam.com\/en\/wp-json\/wp\/v2\/product"}],"about":[{"href":"https:\/\/imrovietnam.com\/en\/wp-json\/wp\/v2\/types\/product"}],"replies":[{"embeddable":true,"href":"https:\/\/imrovietnam.com\/en\/wp-json\/wp\/v2\/comments?post=1825"}],"wp:featuredmedia":[{"embeddable":true,"href":"https:\/\/imrovietnam.com\/en\/wp-json\/wp\/v2\/media\/2268"}],"wp:attachment":[{"href":"https:\/\/imrovietnam.com\/en\/wp-json\/wp\/v2\/media?parent=1825"}],"wp:term":[{"taxonomy":"product_brand","embeddable":true,"href":"https:\/\/imrovietnam.com\/en\/wp-json\/wp\/v2\/product_brand?post=1825"},{"taxonomy":"product_cat","embeddable":true,"href":"https:\/\/imrovietnam.com\/en\/wp-json\/wp\/v2\/product_cat?post=1825"},{"taxonomy":"product_tag","embeddable":true,"href":"https:\/\/imrovietnam.com\/en\/wp-json\/wp\/v2\/product_tag?post=1825"}],"curies":[{"name":"wp","href":"https:\/\/api.w.org\/{rel}","templated":true}]}}