{"id":1824,"date":"2021-08-08T15:07:52","date_gmt":"2021-08-08T08:07:52","guid":{"rendered":"https:\/\/imrovietnam.com\/product\/ao-choang-phong-sach-chong-tinh-dien\/"},"modified":"2021-09-07T14:55:00","modified_gmt":"2021-09-07T07:55:00","slug":"ao-choang-phong-sach-chong-tinh-dien","status":"publish","type":"product","link":"https:\/\/imrovietnam.com\/en\/product\/ao-choang-phong-sach-chong-tinh-dien\/","title":{"rendered":"\u00c1o cho\u00e0ng ph\u00f2ng s\u1ea1ch ch\u1ed1ng t\u0129nh \u0111i\u1ec7n"},"content":{"rendered":"<strong>\u00c1o cho\u00e0ng ph\u00f2ng s\u1ea1ch ch\u1ed1ng t\u0129nh \u0111i\u1ec7n<\/strong>Trong m\u00f4i tr\u01b0\u1eddng l\u00e0m vi\u1ec7c y\u00eau c\u1ea7u \u0111\u1ed9 ch\u1ed1ng t\u0129nh \u0111i\u1ec7n cao v\u00e0 y\u00eau c\u1ea7u \u0111\u1ed9 s\u1ea1ch th\u00ec\u00a0<strong>\u00e1o b\u1ea3o h\u1ed9 ph\u00f2ng s\u1ea1ch<\/strong>\u00a0ch\u1ed1ng t\u0129nh \u0111i\u1ec7n \u0111\u00f3ng vai tr\u00f2 v\u00f4 c\u00f9ng quan tr\u1ecdng. Trong nhi\u1ec1u ki\u1ec3u qu\u1ea7n \u00e1o ch\u1ed1ng t\u0129nh \u0111i\u1ec7n th\u00ec \u00e1o cho\u00e0ng ch\u1ed1ng t\u0129nh \u0111i\u1ec7n c\u0169ng \u0111\u01b0\u1ee3c s\u1eed d\u1ee5ng kh\u00e1 ph\u1ed5 bi\u1ebfn.\u00c1o cho\u00e0ng ph\u00f2ng s\u1ea1ch ch\u1ed1ng t\u0129nh \u0111i\u1ec7n c\u00f3 thi\u1ebft k\u1ebf may \u0111o d\u00e0i t\u1eddi t\u1eadn \u0111\u1ea7u g\u1ed1i n\u00ean \u0111\u1ed9 an to\u00e0n cho ng\u01b0\u1eddi m\u1eb7c c\u0169ng tho\u1ea3i m\u00e1i h\u01a1n. \u00c1o c\u00f3 \u0111\u1ed9 r\u1ed9ng r\u00e3i gi\u00fap cho ng\u01b0\u1eddi m\u1eb7c d\u1ec5 d\u00e0ng l\u00e0m vi\u1ec7c, kh\u00f4ng b\u1ecb \u1ea3nh h\u01b0\u1edfng trong c\u00f4ng vi\u1ec7c t\u1eeb \u0111\u00f3 n\u0103ng su\u1ea5t lao \u0111\u1ed9ng \u0111\u01b0\u1ee3c n\u00e2ng cao h\u01a1n, t\u1eeb \u0111\u00f3 l\u1ee3i nhu\u1eadn c\u1ee7a c\u00f4ng ty c\u0169ng t\u0103ng l\u00ean theo.C\u1ed5 \u00e1o l\u00e0 lo\u1ea1i c\u1ed5 b\u1ebb, c\u1ed5 may \u0111ai d\u00e1n\u2026 r\u1ea5t nhi\u1ec1u m\u1eabu m\u00e3 cho b\u1ea1n s\u1eed d\u1ee5ng sao cho thu\u1eadn ti\u1ec7n v\u1edbi c\u00f4ng vi\u1ec7c trong ng\u00e0nh ngh\u1ec1.\u00c1o cho\u00e0ng ch\u1ed1ng t\u0129nh \u0111i\u1ec7n c\u00f3 2 ki\u1ec3u: th\u1ee9 nh\u1ea5t l\u00e0 lo\u1ea1i c\u00f3 c\u00fac to, lo\u1ea1i th\u1ee9 2 l\u00e0 lo\u1ea1i may kh\u00f3a k\u00e9o ho\u1ea1c c\u00fac .<\/p>\n<p><img loading=\"lazy\" decoding=\"async\" class=\"aligncenter wp-image-2266 size-full\" src=\"https:\/\/imrovietnam.com\/wp-content\/uploads\/2021\/08\/ao-choang-phong-sach.jpg\" alt=\"\u00c1o cho\u00e0ng ph\u00f2ng s\u1ea1ch ch\u1ed1ng t\u0129nh \u0111i\u1ec7n\" width=\"379\" height=\"474\" srcset=\"https:\/\/imrovietnam.com\/wp-content\/uploads\/2021\/08\/ao-choang-phong-sach.jpg 379w, https:\/\/imrovietnam.com\/wp-content\/uploads\/2021\/08\/ao-choang-phong-sach-320x400.jpg 320w\" sizes=\"auto, (max-width: 379px) 100vw, 379px\" \/><\/p>\n<ul>\n<li><em>\u00c1o cho\u00e0ng ch\u1ed1ng t\u0129nh \u0111i\u1ec7n ph\u00f2ng s\u1ea1ch c\u00f3 c\u00fac<\/em>Hai b\u00ean c\u00f3 t\u00fai h\u00ecnh ch\u1eef nh\u1eadt may n\u1ed5i b\u00ean ngo\u00e0i. Gi\u00fap b\u1ea1n gi\u1eef c\u00e1c \u0111\u1ed3 d\u00f9ng nh\u1ecf nh\u1eafn ph\u1ee5c v\u1ee5 trong qu\u00e1 tr\u00ecnh l\u00e0m vi\u1ec7c. \u00c1o c\u00f3 \u0111\u1ed9 d\u00e0i t\u1edbi \u0111\u1ea7u g\u1ed1i, r\u1ed9ng r\u00e3i tho\u1ea3i m\u00e1i cho b\u1ea1n l\u00e0m vi\u1ec7c.<em>\u00c1o cho\u00e0ng ch\u1ed1ng t\u0129nh \u0111i\u1ec7n ph\u00f2ng s\u1ea1ch k\u00e9o kh\u00f3a \u0111\u00f3ng c\u00fac&#8230;. <\/em><strong>\u00c1o cho\u00e0ng ch\u1ed1ng t\u0129nh<\/strong> c\u00f3 \u0111\u1ed9 ch\u00f3ng t\u0129nh \u0111i\u1ec7n \u0111\u1ea3m b\u1ea3o trong kho\u1ea3ng : 10^6-10^9\u2126. Lo\u1ea1i \u00e1o cho\u00e0ng n\u00e0y c\u0169ng c\u00f3 \u0111\u1ee7 c\u00e1c lo\u1ea1i size th\u00f4ng th\u01b0\u1eddng: S, M, L,XL, XXL,\u2026Ch\u00fang t\u00f4i c\u0169ng s\u1eed d\u1ee5ng lo\u1ea1i v\u1ea3i ph\u00f2ng s\u1ea1ch ch\u1ed1ng t\u0129nh \u0111i\u1ec7n \u0111\u1ec3 may. T\u00f9y v\u00e0o y\u00eau c\u1ea7u c\u1ee7a kh\u00e1ch hang ch\u00fang t\u00f4i s\u1ebd c\u00f3 nh\u1eefng m\u1eabu qu\u1ea7n \u00e1o ph\u00f2ng s\u1ea1ch th\u1ecfa m\u00e3n cho kh\u00e1ch hang.C\u00f4ng ty imro vietnam ch\u00fang t\u00f4i ph\u00e2n ph\u1ed1i t\u1ea5t c\u1ea3 c\u00e1c s\u1ea3n ph\u1ea9m ph\u00f2ng s\u1ea1ch ch\u1ed1ng t\u0129nh \u0111i\u1ec7n. Khi n\u00e0o c\u00e1c b\u1ea1n c\u1ea7n h\u00e3y li\u00ean h\u1ec7 v\u1edbi ch\u00fang t\u00f4i \u0111\u1ec3 c\u00f3 \u0111\u01b0\u1ee3c nh\u1eefng s\u1ea3n ph\u1ea9m \u0111\u1ea1t y\u00eau c\u1ea7u v\u00e0 ph\u1ee5c v\u1ee5 cho c\u00f4ng vi\u1ec7c c\u1ee7a b\u1ea1n t\u1ed1t nh\u1ea5t.<\/li>\n<\/ul>","protected":false},"excerpt":{"rendered":"<p><span style=\"font-size: 100%;\">Ch\u1ea5t li\u1ec7u : polyester pha s\u1ee3i carbon<\/span><\/p>\n<p><span style=\"font-size: 100%;\"><a rel=\"nofollow href=\">M\u00e0u s\u1eafc: Tr\u1eafng, xanh, h\u1ed3ng<\/a><\/span><\/p>\n<p><span style=\"font-size: 100%;\"><a rel=\"nofollow href=\">T\u00ednh n\u0103ng: Ch\u1ed1ng t\u0129nh \u0111i\u1ec7n ph\u00f2ng s\u1ea1ch<\/a><\/span><\/p>\n<p><span style=\"font-size: 100%;\"><a rel=\"nofollow href=\">Size: S, L, M, XL, XXL<\/a><\/span><\/p>\n<p><span style=\"font-size: 100%;\"><a rel=\"nofollow href=\">Ch\u1ed1ng t\u0129nh \u0111i\u1ec7n : 10^6 &#8211; 10^9<\/a><\/span><\/p>\n<p><span style=\"font-size: 100%;\"><a rel=\"nofollow href=\">Lo\u1ea1i kh\u00f3a : 1. C\u00fac \u0111\u00f3ng | 2. K\u00e9o Kh\u00f3a<\/a><\/span><\/p>\n<p><span style=\"font-size: 100%;\">Th\u1eddi gian: T\u00f9y theo \u0111\u01a1n \u0111\u1eb7t h\u00e0ng<\/span><\/p>\n","protected":false},"featured_media":2266,"comment_status":"open","ping_status":"closed","template":"","meta":[],"product_brand":[],"product_cat":[104],"product_tag":[332,138,198,307,325,306,331,303],"class_list":{"0":"post-1824","1":"product","2":"type-product","3":"status-publish","4":"has-post-thumbnail","6":"product_cat-thiet-bi-phong-sach","7":"product_tag-332","8":"product_tag-ao-choang-esd","9":"product_tag-ao-choang-phong-sach-chong-tinh-dien","10":"product_tag-dien-tu","11":"product_tag-nha-may","12":"product_tag-phong-sach","13":"product_tag-s-m-l","14":"product_tag-tinh-dien","16":"first","17":"instock","18":"shipping-taxable","19":"product-type-simple"},"yoast_head":"<!-- This site is optimized with the Yoast SEO Premium plugin v25.0 (Yoast SEO v25.2) - https:\/\/yoast.com\/wordpress\/plugins\/seo\/ -->\n<title>\u00c1o cho\u00e0ng ph\u00f2ng s\u1ea1ch ch\u1ed1ng t\u0129nh \u0111i\u1ec7n - IMRO Vietnam<\/title>\n<meta name=\"robots\" content=\"index, follow, max-snippet:-1, max-image-preview:large, max-video-preview:-1\" \/>\n<link rel=\"canonical\" href=\"https:\/\/imrovietnam.com\/en\/product\/ao-choang-phong-sach-chong-tinh-dien\/\" \/>\n<meta property=\"og:locale\" content=\"en_US\" \/>\n<meta property=\"og:type\" content=\"article\" \/>\n<meta property=\"og:title\" content=\"\u00c1o cho\u00e0ng ph\u00f2ng s\u1ea1ch ch\u1ed1ng t\u0129nh \u0111i\u1ec7n\" \/>\n<meta property=\"og:description\" content=\"Ch\u1ea5t li\u1ec7u : polyester pha s\u1ee3i carbon  M\u00e0u s\u1eafc: Tr\u1eafng, xanh, h\u1ed3ng  T\u00ednh n\u0103ng: Ch\u1ed1ng t\u0129nh \u0111i\u1ec7n ph\u00f2ng s\u1ea1ch  Size: S, L, M, XL, XXL  Ch\u1ed1ng t\u0129nh \u0111i\u1ec7n : 10^6 - 10^9  Lo\u1ea1i kh\u00f3a : 1. C\u00fac \u0111\u00f3ng | 2. K\u00e9o Kh\u00f3a  Th\u1eddi gian: T\u00f9y theo \u0111\u01a1n \u0111\u1eb7t h\u00e0ng\" \/>\n<meta property=\"og:url\" content=\"https:\/\/imrovietnam.com\/en\/product\/ao-choang-phong-sach-chong-tinh-dien\/\" \/>\n<meta property=\"og:site_name\" content=\"IMRO Vietnam\" \/>\n<meta property=\"article:modified_time\" content=\"2021-09-07T07:55:00+00:00\" \/>\n<meta property=\"og:image\" content=\"https:\/\/imrovietnam.com\/wp-content\/uploads\/2021\/08\/ao-choang-phong-sach.jpg\" \/>\n\t<meta property=\"og:image:width\" content=\"379\" \/>\n\t<meta property=\"og:image:height\" content=\"474\" \/>\n\t<meta property=\"og:image:type\" content=\"image\/jpeg\" \/>\n<meta name=\"twitter:card\" content=\"summary_large_image\" \/>\n<meta name=\"twitter:label1\" content=\"Est. reading time\" \/>\n\t<meta name=\"twitter:data1\" content=\"6 minutes\" \/>\n<script type=\"application\/ld+json\" class=\"yoast-schema-graph\">{\"@context\":\"https:\/\/schema.org\",\"@graph\":[{\"@type\":\"WebPage\",\"@id\":\"https:\/\/imrovietnam.com\/en\/product\/ao-choang-phong-sach-chong-tinh-dien\/\",\"url\":\"https:\/\/imrovietnam.com\/en\/product\/ao-choang-phong-sach-chong-tinh-dien\/\",\"name\":\"\u00c1o cho\u00e0ng ph\u00f2ng s\u1ea1ch ch\u1ed1ng t\u0129nh \u0111i\u1ec7n - IMRO Vietnam\",\"isPartOf\":{\"@id\":\"https:\/\/imrovietnam.com\/#website\"},\"primaryImageOfPage\":{\"@id\":\"https:\/\/imrovietnam.com\/en\/product\/ao-choang-phong-sach-chong-tinh-dien\/#primaryimage\"},\"image\":{\"@id\":\"https:\/\/imrovietnam.com\/en\/product\/ao-choang-phong-sach-chong-tinh-dien\/#primaryimage\"},\"thumbnailUrl\":\"https:\/\/imrovietnam.com\/wp-content\/uploads\/2021\/08\/ao-choang-phong-sach.jpg\",\"datePublished\":\"2021-08-08T08:07:52+00:00\",\"dateModified\":\"2021-09-07T07:55:00+00:00\",\"breadcrumb\":{\"@id\":\"https:\/\/imrovietnam.com\/en\/product\/ao-choang-phong-sach-chong-tinh-dien\/#breadcrumb\"},\"inLanguage\":\"en-US\",\"potentialAction\":[{\"@type\":\"ReadAction\",\"target\":[\"https:\/\/imrovietnam.com\/en\/product\/ao-choang-phong-sach-chong-tinh-dien\/\"]}]},{\"@type\":\"ImageObject\",\"inLanguage\":\"en-US\",\"@id\":\"https:\/\/imrovietnam.com\/en\/product\/ao-choang-phong-sach-chong-tinh-dien\/#primaryimage\",\"url\":\"https:\/\/imrovietnam.com\/wp-content\/uploads\/2021\/08\/ao-choang-phong-sach.jpg\",\"contentUrl\":\"https:\/\/imrovietnam.com\/wp-content\/uploads\/2021\/08\/ao-choang-phong-sach.jpg\",\"width\":379,\"height\":474},{\"@type\":\"BreadcrumbList\",\"@id\":\"https:\/\/imrovietnam.com\/en\/product\/ao-choang-phong-sach-chong-tinh-dien\/#breadcrumb\",\"itemListElement\":[{\"@type\":\"ListItem\",\"position\":1,\"name\":\"Home\",\"item\":\"https:\/\/imrovietnam.com\/\"},{\"@type\":\"ListItem\",\"position\":2,\"name\":\"S\u1ea3n ph\u1ea9m\",\"item\":\"https:\/\/imrovietnam.com\/shop\/\"},{\"@type\":\"ListItem\",\"position\":3,\"name\":\"\u00c1o cho\u00e0ng ph\u00f2ng s\u1ea1ch ch\u1ed1ng t\u0129nh \u0111i\u1ec7n\"}]},{\"@type\":\"WebSite\",\"@id\":\"https:\/\/imrovietnam.com\/#website\",\"url\":\"https:\/\/imrovietnam.com\/\",\"name\":\"IMRO Vietnam\",\"description\":\"Your consumables and spare parts store\",\"potentialAction\":[{\"@type\":\"SearchAction\",\"target\":{\"@type\":\"EntryPoint\",\"urlTemplate\":\"https:\/\/imrovietnam.com\/?s={search_term_string}\"},\"query-input\":{\"@type\":\"PropertyValueSpecification\",\"valueRequired\":true,\"valueName\":\"search_term_string\"}}],\"inLanguage\":\"en-US\"}]}<\/script>\n<!-- \/ Yoast SEO Premium plugin. -->","yoast_head_json":{"title":"\u00c1o cho\u00e0ng ph\u00f2ng s\u1ea1ch ch\u1ed1ng t\u0129nh \u0111i\u1ec7n - IMRO Vietnam","robots":{"index":"index","follow":"follow","max-snippet":"max-snippet:-1","max-image-preview":"max-image-preview:large","max-video-preview":"max-video-preview:-1"},"canonical":"https:\/\/imrovietnam.com\/en\/product\/ao-choang-phong-sach-chong-tinh-dien\/","og_locale":"en_US","og_type":"article","og_title":"\u00c1o cho\u00e0ng ph\u00f2ng s\u1ea1ch ch\u1ed1ng t\u0129nh \u0111i\u1ec7n","og_description":"Ch\u1ea5t li\u1ec7u : polyester pha s\u1ee3i carbon  M\u00e0u s\u1eafc: Tr\u1eafng, xanh, h\u1ed3ng  T\u00ednh n\u0103ng: Ch\u1ed1ng t\u0129nh \u0111i\u1ec7n ph\u00f2ng s\u1ea1ch  Size: S, L, M, XL, XXL  Ch\u1ed1ng t\u0129nh \u0111i\u1ec7n : 10^6 - 10^9  Lo\u1ea1i kh\u00f3a : 1. C\u00fac \u0111\u00f3ng | 2. K\u00e9o Kh\u00f3a  Th\u1eddi gian: T\u00f9y theo \u0111\u01a1n \u0111\u1eb7t h\u00e0ng","og_url":"https:\/\/imrovietnam.com\/en\/product\/ao-choang-phong-sach-chong-tinh-dien\/","og_site_name":"IMRO Vietnam","article_modified_time":"2021-09-07T07:55:00+00:00","og_image":[{"width":379,"height":474,"url":"https:\/\/imrovietnam.com\/wp-content\/uploads\/2021\/08\/ao-choang-phong-sach.jpg","type":"image\/jpeg"}],"twitter_card":"summary_large_image","twitter_misc":{"Est. reading time":"6 minutes"},"schema":{"@context":"https:\/\/schema.org","@graph":[{"@type":"WebPage","@id":"https:\/\/imrovietnam.com\/en\/product\/ao-choang-phong-sach-chong-tinh-dien\/","url":"https:\/\/imrovietnam.com\/en\/product\/ao-choang-phong-sach-chong-tinh-dien\/","name":"\u00c1o cho\u00e0ng ph\u00f2ng s\u1ea1ch ch\u1ed1ng t\u0129nh \u0111i\u1ec7n - IMRO Vietnam","isPartOf":{"@id":"https:\/\/imrovietnam.com\/#website"},"primaryImageOfPage":{"@id":"https:\/\/imrovietnam.com\/en\/product\/ao-choang-phong-sach-chong-tinh-dien\/#primaryimage"},"image":{"@id":"https:\/\/imrovietnam.com\/en\/product\/ao-choang-phong-sach-chong-tinh-dien\/#primaryimage"},"thumbnailUrl":"https:\/\/imrovietnam.com\/wp-content\/uploads\/2021\/08\/ao-choang-phong-sach.jpg","datePublished":"2021-08-08T08:07:52+00:00","dateModified":"2021-09-07T07:55:00+00:00","breadcrumb":{"@id":"https:\/\/imrovietnam.com\/en\/product\/ao-choang-phong-sach-chong-tinh-dien\/#breadcrumb"},"inLanguage":"en-US","potentialAction":[{"@type":"ReadAction","target":["https:\/\/imrovietnam.com\/en\/product\/ao-choang-phong-sach-chong-tinh-dien\/"]}]},{"@type":"ImageObject","inLanguage":"en-US","@id":"https:\/\/imrovietnam.com\/en\/product\/ao-choang-phong-sach-chong-tinh-dien\/#primaryimage","url":"https:\/\/imrovietnam.com\/wp-content\/uploads\/2021\/08\/ao-choang-phong-sach.jpg","contentUrl":"https:\/\/imrovietnam.com\/wp-content\/uploads\/2021\/08\/ao-choang-phong-sach.jpg","width":379,"height":474},{"@type":"BreadcrumbList","@id":"https:\/\/imrovietnam.com\/en\/product\/ao-choang-phong-sach-chong-tinh-dien\/#breadcrumb","itemListElement":[{"@type":"ListItem","position":1,"name":"Home","item":"https:\/\/imrovietnam.com\/"},{"@type":"ListItem","position":2,"name":"S\u1ea3n ph\u1ea9m","item":"https:\/\/imrovietnam.com\/shop\/"},{"@type":"ListItem","position":3,"name":"\u00c1o cho\u00e0ng ph\u00f2ng s\u1ea1ch ch\u1ed1ng t\u0129nh \u0111i\u1ec7n"}]},{"@type":"WebSite","@id":"https:\/\/imrovietnam.com\/#website","url":"https:\/\/imrovietnam.com\/","name":"IMRO Vietnam","description":"Your consumables and spare parts store","potentialAction":[{"@type":"SearchAction","target":{"@type":"EntryPoint","urlTemplate":"https:\/\/imrovietnam.com\/?s={search_term_string}"},"query-input":{"@type":"PropertyValueSpecification","valueRequired":true,"valueName":"search_term_string"}}],"inLanguage":"en-US"}]}},"_links":{"self":[{"href":"https:\/\/imrovietnam.com\/en\/wp-json\/wp\/v2\/product\/1824","targetHints":{"allow":["GET"]}}],"collection":[{"href":"https:\/\/imrovietnam.com\/en\/wp-json\/wp\/v2\/product"}],"about":[{"href":"https:\/\/imrovietnam.com\/en\/wp-json\/wp\/v2\/types\/product"}],"replies":[{"embeddable":true,"href":"https:\/\/imrovietnam.com\/en\/wp-json\/wp\/v2\/comments?post=1824"}],"wp:featuredmedia":[{"embeddable":true,"href":"https:\/\/imrovietnam.com\/en\/wp-json\/wp\/v2\/media\/2266"}],"wp:attachment":[{"href":"https:\/\/imrovietnam.com\/en\/wp-json\/wp\/v2\/media?parent=1824"}],"wp:term":[{"taxonomy":"product_brand","embeddable":true,"href":"https:\/\/imrovietnam.com\/en\/wp-json\/wp\/v2\/product_brand?post=1824"},{"taxonomy":"product_cat","embeddable":true,"href":"https:\/\/imrovietnam.com\/en\/wp-json\/wp\/v2\/product_cat?post=1824"},{"taxonomy":"product_tag","embeddable":true,"href":"https:\/\/imrovietnam.com\/en\/wp-json\/wp\/v2\/product_tag?post=1824"}],"curies":[{"name":"wp","href":"https:\/\/api.w.org\/{rel}","templated":true}]}}