{"id":733,"date":"2018-01-11T18:45:55","date_gmt":"2018-01-11T11:45:55","guid":{"rendered":"http:\/\/imrovietnam.com\/?page_id=733"},"modified":"2021-07-04T17:56:38","modified_gmt":"2021-07-04T10:56:38","slug":"maintenance-service","status":"publish","type":"page","link":"https:\/\/imrovietnam.com\/en\/maintenance-service\/","title":{"rendered":"D\u1ecbch V\u1ee5 B\u1ea3o Tr\u00ec"},"content":{"rendered":"<p><img loading=\"lazy\" decoding=\"async\" src=\"http:\/\/imrovietnam.com\/wp-content\/uploads\/2018\/02\/factory.png\" alt=\"factory\" itemprop=\"image\" height=\"486\" width=\"1293\"  \/><\/p>\n<p>B\u1ea3o d\u01b0\u1ee1ng c\u00f4ng\u00a0 nghi\u1ec7p \u0111\u00f3ng vai tr\u00f2 quan tr\u1ecdng v\u1edbi c\u00e1c nh\u00e0 m\u00e1y . B\u1ea3o d\u01b0\u1ee1ng l\u00e0 th\u1ef1c hi\u1ec7n c\u00e1c t\u00e1c v\u1ee5 gi\u00fap duy tr\u00ec n\u0103ng l\u1ef1c c\u1ee7a thi\u1ebft b\u1ecb, qua \u0111\u00f3 \u0111\u1ea3m b\u1ea3o t\u00ednh li\u00ean t\u1ee5c trong s\u1ea3n xu\u1ea5t gi\u00fap n\u00e2ng cao n\u0103ng su\u1ea5t v\u00e0 t\u00ednh c\u1ea1nh tranh c\u1ee7a s\u1ea3n ph\u1ea9m.<\/p>\n<p style=\"text-align: center;\"><strong>QUY TR\u00ccNH B\u1ea2O D\u01af\u1ee0NG<\/strong><\/p>\n<p><a href=\"http:\/\/imrovietnam.com\/wp-content\/uploads\/2018\/02\/luu-do-main-1.jpg\"><img loading=\"lazy\" decoding=\"async\" src=\"http:\/\/imrovietnam.com\/wp-content\/uploads\/2018\/02\/luu-do-main-1-300x29.jpg\" alt=\"\" width=\"669\" height=\"64\" \/><\/a><\/p>\n<h3><\/h3>\n<h3 style=\"text-align: left;\">Ch\u00fang t\u00f4i cung c\u1ea5p \u0111a d\u1ea1ng c\u00e1c g\u00f3i d\u1ecbch v\u1ee5 b\u1ea3o d\u01b0\u1ee1ng<\/h3>\n<p><strong>B\u1ea3o d\u01b0\u1ee1ng tr\u1ecdn g\u00f3i nh\u00e0 m\u00e1y:<\/strong><\/p>\n<p>&#8211; H\u1ea1ng m\u1ee5c b\u1ea3o d\u01b0\u1ee1ng: D\u00e2y truy\u1ec1n s\u1ea3n xu\u1ea5t, H\u1ec7 th\u1ed1ng c\u01a1 \u0111i\u1ec7n, H\u1ec7 th\u1ed1ng c\u01a1 s\u1edf h\u1ea1 t\u1ea7ng nh\u00e0 m\u00e1y, thi\u1ebft b\u1ecb v\u0103n ph\u00f2ng.<\/p>\n<p>&#8211; N\u1ed9i dung g\u00f3i d\u1ecbch v\u1ee5:<\/p>\n<ul>\n<li>B\u1ea3o d\u01b0\u1ee1ng ng\u00e0y: ki\u1ec3m tra h\u00e0ng ng\u00e0y ph\u00e1t hi\u1ec7n nguy c\u01a1 \u0111\u1ec3 ch\u1ee7 \u0111\u1ed9ng trong k\u1ebf ho\u1ea1ch s\u1eeda ch\u1eefa, thay th\u1ebf ph\u00f9 h\u1ee3p, kh\u00f4ng g\u00e2y \u1ea3nh h\u01b0\u1edfng \u0111\u1ebfn s\u1ea3n xu\u1ea5t. Ghi ch\u00e9p, t\u1ed5ng h\u1ee3p d\u1eef li\u1ec7u l\u00e0m c\u01a1 s\u1edf \u0111\u1ec3 ph\u00e2n t\u00edch gi\u00fap n\u00e2ng cao kh\u1ea3 n\u0103ng d\u1ef1 \u0111o\u00e1n v\u00e0 c\u1ea3i ti\u1ebfn.<\/li>\n<li>B\u1ea3o d\u01b0\u1ee1ng tu\u1ea7n, th\u00e1ng, n\u0103m: T\u00f9y v\u00e0o \u0111i\u1ec1u ki\u1ec7n th\u1ef1c t\u1ebf ch\u00fang ta s\u1ebd c\u00f3 nh\u1eefng quy tr\u00ecnh ph\u00f9 h\u1ee3p.<\/li>\n<\/ul>\n<p><strong>B\u1ea3o d\u01b0\u1ee1ng \u0111\u1ecbnh k\u1ef3 nh\u00e0 m\u00e1y<\/strong><\/p>\n<p>&#8211;\u00a0\u00a0H\u1ea1ng m\u1ee5c b\u1ea3o d\u01b0\u1ee1ng: D\u00e2y truy\u1ec1n s\u1ea3n xu\u1ea5t, h\u1ec7 th\u1ed1ng c\u01a1 \u0111i\u1ec7n, h\u1ec7 th\u1ed1ng h\u1ea1 t\u1ea7ng nh\u00e0 m\u00e1y, thi\u1ebft b\u1ecb v\u0103n ph\u00f2ng.<\/p>\n<p>&#8211; N\u1ed9i dung g\u00f3i d\u1ecbch v\u1ee5: Cung c\u1ea5p cho c\u00e1c b\u1ea1n gi\u1ea3i ph\u00e1p nh\u00e2n l\u1ef1c v\u00e0 k\u0129 thu\u1eadt to\u00e0n di\u1ec7n trong b\u1ea3o d\u01b0\u1ee1ng \u0111\u1ecbnh k\u1ef3 nh\u00e0 m\u00e1y &#8211; M\u1ed9t c\u00f4ng vi\u1ec7c \u0111\u00f2i h\u1ecfi ho\u00e0n th\u00e0nh nhi\u1ec1u h\u1ea1ng m\u1ee5c trong kho\u1ea3ng th\u1eddi gian ng\u1eafn v\u1edbi ch\u1ea5t l\u01b0\u1ee3ng cao.<\/p>\n<p><strong>B\u1ea3o d\u01b0\u1ee1ng \u0111\u1ed9t xu\u1ea5t<\/strong><\/p>\n<p>B\u1ea5t k\u1ec3 khi n\u00e0o, b\u1ea1n c\u1ea7n ch\u00fang t\u00f4i s\u1eb5ng s\u00e0ng ph\u1ee5c v\u1ee5.<\/p>\n<p style=\"text-align: center;\">\n","protected":false},"excerpt":{"rendered":"<p>B\u1ea3o d\u01b0\u1ee1ng c\u00f4ng\u00a0 nghi\u1ec7p \u0111\u00f3ng vai tr\u00f2 quan tr\u1ecdng v\u1edbi c\u00e1c nh\u00e0 m\u00e1y . B\u1ea3o d\u01b0\u1ee1ng l\u00e0 th\u1ef1c hi\u1ec7n c\u00e1c t\u00e1c v\u1ee5 gi\u00fap duy tr\u00ec n\u0103ng l\u1ef1c c\u1ee7a thi\u1ebft b\u1ecb, qua \u0111\u00f3 \u0111\u1ea3m b\u1ea3o t\u00ednh li\u00ean t\u1ee5c trong s\u1ea3n xu\u1ea5t gi\u00fap n\u00e2ng cao n\u0103ng su\u1ea5t v\u00e0 t\u00ednh c\u1ea1nh tranh c\u1ee7a s\u1ea3n ph\u1ea9m. QUY TR\u00ccNH B\u1ea2O [&#8230;]\n","protected":false},"author":1,"featured_media":0,"parent":0,"menu_order":0,"comment_status":"closed","ping_status":"closed","template":"","meta":{"footnotes":""},"class_list":["post-733","page","type-page","status-publish","hentry"],"yoast_head":"<!-- This site is optimized with the Yoast SEO Premium plugin v25.0 (Yoast SEO v25.2) - https:\/\/yoast.com\/wordpress\/plugins\/seo\/ -->\n<title>D\u1ecbch V\u1ee5 B\u1ea3o Tr\u00ec - IMRO Vietnam<\/title>\n<meta name=\"robots\" content=\"index, follow, max-snippet:-1, max-image-preview:large, max-video-preview:-1\" \/>\n<link rel=\"canonical\" href=\"https:\/\/imrovietnam.com\/en\/maintenance-service\/\" \/>\n<meta property=\"og:locale\" content=\"en_US\" \/>\n<meta property=\"og:type\" content=\"article\" \/>\n<meta property=\"og:title\" content=\"D\u1ecbch V\u1ee5 B\u1ea3o Tr\u00ec\" \/>\n<meta property=\"og:description\" content=\"B\u1ea3o d\u01b0\u1ee1ng c\u00f4ng\u00a0 nghi\u1ec7p \u0111\u00f3ng vai tr\u00f2 quan tr\u1ecdng v\u1edbi c\u00e1c nh\u00e0 m\u00e1y . B\u1ea3o d\u01b0\u1ee1ng l\u00e0 th\u1ef1c hi\u1ec7n c\u00e1c t\u00e1c v\u1ee5 gi\u00fap duy tr\u00ec n\u0103ng l\u1ef1c c\u1ee7a thi\u1ebft b\u1ecb, qua \u0111\u00f3 \u0111\u1ea3m b\u1ea3o t\u00ednh li\u00ean t\u1ee5c trong s\u1ea3n xu\u1ea5t gi\u00fap n\u00e2ng cao n\u0103ng su\u1ea5t v\u00e0 t\u00ednh c\u1ea1nh tranh c\u1ee7a s\u1ea3n ph\u1ea9m. QUY TR\u00ccNH B\u1ea2O [...]\" \/>\n<meta property=\"og:url\" content=\"https:\/\/imrovietnam.com\/en\/maintenance-service\/\" \/>\n<meta property=\"og:site_name\" content=\"IMRO Vietnam\" \/>\n<meta property=\"article:modified_time\" content=\"2021-07-04T10:56:38+00:00\" \/>\n<meta property=\"og:image\" content=\"http:\/\/imrovietnam.com\/wp-content\/uploads\/2018\/02\/factory.png\" \/>\n<meta name=\"twitter:card\" content=\"summary_large_image\" \/>\n<meta name=\"twitter:label1\" content=\"Est. reading time\" \/>\n\t<meta name=\"twitter:data1\" content=\"2 minutes\" \/>\n<script type=\"application\/ld+json\" class=\"yoast-schema-graph\">{\"@context\":\"https:\/\/schema.org\",\"@graph\":[{\"@type\":\"WebPage\",\"@id\":\"https:\/\/imrovietnam.com\/en\/maintenance-service\/\",\"url\":\"https:\/\/imrovietnam.com\/en\/maintenance-service\/\",\"name\":\"D\u1ecbch V\u1ee5 B\u1ea3o Tr\u00ec - IMRO Vietnam\",\"isPartOf\":{\"@id\":\"https:\/\/imrovietnam.com\/en\/#website\"},\"primaryImageOfPage\":{\"@id\":\"https:\/\/imrovietnam.com\/en\/maintenance-service\/#primaryimage\"},\"image\":{\"@id\":\"https:\/\/imrovietnam.com\/en\/maintenance-service\/#primaryimage\"},\"thumbnailUrl\":\"http:\/\/imrovietnam.com\/wp-content\/uploads\/2018\/02\/factory.png\",\"datePublished\":\"2018-01-11T11:45:55+00:00\",\"dateModified\":\"2021-07-04T10:56:38+00:00\",\"breadcrumb\":{\"@id\":\"https:\/\/imrovietnam.com\/en\/maintenance-service\/#breadcrumb\"},\"inLanguage\":\"en-US\",\"potentialAction\":[{\"@type\":\"ReadAction\",\"target\":[\"https:\/\/imrovietnam.com\/en\/maintenance-service\/\"]}]},{\"@type\":\"ImageObject\",\"inLanguage\":\"en-US\",\"@id\":\"https:\/\/imrovietnam.com\/en\/maintenance-service\/#primaryimage\",\"url\":\"http:\/\/imrovietnam.com\/wp-content\/uploads\/2018\/02\/factory.png\",\"contentUrl\":\"http:\/\/imrovietnam.com\/wp-content\/uploads\/2018\/02\/factory.png\"},{\"@type\":\"BreadcrumbList\",\"@id\":\"https:\/\/imrovietnam.com\/en\/maintenance-service\/#breadcrumb\",\"itemListElement\":[{\"@type\":\"ListItem\",\"position\":1,\"name\":\"Home\",\"item\":\"https:\/\/imrovietnam.com\/en\/\"},{\"@type\":\"ListItem\",\"position\":2,\"name\":\"D\u1ecbch V\u1ee5 B\u1ea3o Tr\u00ec\"}]},{\"@type\":\"WebSite\",\"@id\":\"https:\/\/imrovietnam.com\/en\/#website\",\"url\":\"https:\/\/imrovietnam.com\/en\/\",\"name\":\"IMRO Vietnam\",\"description\":\"Your consumables and spare parts store\",\"potentialAction\":[{\"@type\":\"SearchAction\",\"target\":{\"@type\":\"EntryPoint\",\"urlTemplate\":\"https:\/\/imrovietnam.com\/en\/?s={search_term_string}\"},\"query-input\":{\"@type\":\"PropertyValueSpecification\",\"valueRequired\":true,\"valueName\":\"search_term_string\"}}],\"inLanguage\":\"en-US\"}]}<\/script>\n<!-- \/ Yoast SEO Premium plugin. -->","yoast_head_json":{"title":"D\u1ecbch V\u1ee5 B\u1ea3o Tr\u00ec - IMRO Vietnam","robots":{"index":"index","follow":"follow","max-snippet":"max-snippet:-1","max-image-preview":"max-image-preview:large","max-video-preview":"max-video-preview:-1"},"canonical":"https:\/\/imrovietnam.com\/en\/maintenance-service\/","og_locale":"en_US","og_type":"article","og_title":"D\u1ecbch V\u1ee5 B\u1ea3o Tr\u00ec","og_description":"B\u1ea3o d\u01b0\u1ee1ng c\u00f4ng\u00a0 nghi\u1ec7p \u0111\u00f3ng vai tr\u00f2 quan tr\u1ecdng v\u1edbi c\u00e1c nh\u00e0 m\u00e1y . B\u1ea3o d\u01b0\u1ee1ng l\u00e0 th\u1ef1c hi\u1ec7n c\u00e1c t\u00e1c v\u1ee5 gi\u00fap duy tr\u00ec n\u0103ng l\u1ef1c c\u1ee7a thi\u1ebft b\u1ecb, qua \u0111\u00f3 \u0111\u1ea3m b\u1ea3o t\u00ednh li\u00ean t\u1ee5c trong s\u1ea3n xu\u1ea5t gi\u00fap n\u00e2ng cao n\u0103ng su\u1ea5t v\u00e0 t\u00ednh c\u1ea1nh tranh c\u1ee7a s\u1ea3n ph\u1ea9m. QUY TR\u00ccNH B\u1ea2O [...]","og_url":"https:\/\/imrovietnam.com\/en\/maintenance-service\/","og_site_name":"IMRO Vietnam","article_modified_time":"2021-07-04T10:56:38+00:00","og_image":[{"url":"http:\/\/imrovietnam.com\/wp-content\/uploads\/2018\/02\/factory.png","type":"","width":"","height":""}],"twitter_card":"summary_large_image","twitter_misc":{"Est. reading time":"2 minutes"},"schema":{"@context":"https:\/\/schema.org","@graph":[{"@type":"WebPage","@id":"https:\/\/imrovietnam.com\/en\/maintenance-service\/","url":"https:\/\/imrovietnam.com\/en\/maintenance-service\/","name":"D\u1ecbch V\u1ee5 B\u1ea3o Tr\u00ec - IMRO Vietnam","isPartOf":{"@id":"https:\/\/imrovietnam.com\/en\/#website"},"primaryImageOfPage":{"@id":"https:\/\/imrovietnam.com\/en\/maintenance-service\/#primaryimage"},"image":{"@id":"https:\/\/imrovietnam.com\/en\/maintenance-service\/#primaryimage"},"thumbnailUrl":"http:\/\/imrovietnam.com\/wp-content\/uploads\/2018\/02\/factory.png","datePublished":"2018-01-11T11:45:55+00:00","dateModified":"2021-07-04T10:56:38+00:00","breadcrumb":{"@id":"https:\/\/imrovietnam.com\/en\/maintenance-service\/#breadcrumb"},"inLanguage":"en-US","potentialAction":[{"@type":"ReadAction","target":["https:\/\/imrovietnam.com\/en\/maintenance-service\/"]}]},{"@type":"ImageObject","inLanguage":"en-US","@id":"https:\/\/imrovietnam.com\/en\/maintenance-service\/#primaryimage","url":"http:\/\/imrovietnam.com\/wp-content\/uploads\/2018\/02\/factory.png","contentUrl":"http:\/\/imrovietnam.com\/wp-content\/uploads\/2018\/02\/factory.png"},{"@type":"BreadcrumbList","@id":"https:\/\/imrovietnam.com\/en\/maintenance-service\/#breadcrumb","itemListElement":[{"@type":"ListItem","position":1,"name":"Home","item":"https:\/\/imrovietnam.com\/en\/"},{"@type":"ListItem","position":2,"name":"D\u1ecbch V\u1ee5 B\u1ea3o Tr\u00ec"}]},{"@type":"WebSite","@id":"https:\/\/imrovietnam.com\/en\/#website","url":"https:\/\/imrovietnam.com\/en\/","name":"IMRO Vietnam","description":"Your consumables and spare parts store","potentialAction":[{"@type":"SearchAction","target":{"@type":"EntryPoint","urlTemplate":"https:\/\/imrovietnam.com\/en\/?s={search_term_string}"},"query-input":{"@type":"PropertyValueSpecification","valueRequired":true,"valueName":"search_term_string"}}],"inLanguage":"en-US"}]}},"_links":{"self":[{"href":"https:\/\/imrovietnam.com\/en\/wp-json\/wp\/v2\/pages\/733","targetHints":{"allow":["GET"]}}],"collection":[{"href":"https:\/\/imrovietnam.com\/en\/wp-json\/wp\/v2\/pages"}],"about":[{"href":"https:\/\/imrovietnam.com\/en\/wp-json\/wp\/v2\/types\/page"}],"author":[{"embeddable":true,"href":"https:\/\/imrovietnam.com\/en\/wp-json\/wp\/v2\/users\/1"}],"replies":[{"embeddable":true,"href":"https:\/\/imrovietnam.com\/en\/wp-json\/wp\/v2\/comments?post=733"}],"version-history":[{"count":11,"href":"https:\/\/imrovietnam.com\/en\/wp-json\/wp\/v2\/pages\/733\/revisions"}],"predecessor-version":[{"id":1671,"href":"https:\/\/imrovietnam.com\/en\/wp-json\/wp\/v2\/pages\/733\/revisions\/1671"}],"wp:attachment":[{"href":"https:\/\/imrovietnam.com\/en\/wp-json\/wp\/v2\/media?parent=733"}],"curies":[{"name":"wp","href":"https:\/\/api.w.org\/{rel}","templated":true}]}}