{"id":1187,"date":"2021-07-03T23:43:29","date_gmt":"2021-07-03T16:43:29","guid":{"rendered":"https:\/\/imrovietnam.com\/?page_id=1187"},"modified":"2021-08-17T15:30:48","modified_gmt":"2021-08-17T08:30:48","slug":"san-pham","status":"publish","type":"page","link":"https:\/\/imrovietnam.com\/en\/san-pham\/","title":{"rendered":"S\u1ea2N PH\u1ea8M"},"content":{"rendered":"\t<div class=\"ux-menu stack stack-col justify-start ux-menu--divider-solid\">\n\t\t\n\t<div class=\"ux-menu-link flex menu-item label-popular\">\n\t\t<a class=\"ux-menu-link__link flex\" href=\"https:\/\/imrovietnam.com\/en\/product-category\/thiet-bi-phong-sach\/\"  >\n\t\t\t<i class=\"ux-menu-link__icon text-center icon-angle-down\" ><\/i>\t\t\t<span class=\"ux-menu-link__text\">\n\t\t\t\tTHI\u1ebeT B\u1eca PH\u00d2NG S\u1ea0CH\t\t\t<\/span>\n\t\t<\/a>\n\t<\/div>\n\t\n\t<div class=\"ux-menu-link flex menu-item label-hot\">\n\t\t<a class=\"ux-menu-link__link flex\" href=\"https:\/\/imrovietnam.com\/en\/product-category\/screwdrive-bits-2\/\"  >\n\t\t\t<i class=\"ux-menu-link__icon text-center icon-angle-down\" ><\/i>\t\t\t<span class=\"ux-menu-link__text\">\n\t\t\t\t\u0110\u1ea6U B\u1eaeT V\u00cdT\t\t\t<\/span>\n\t\t<\/a>\n\t<\/div>\n\t\n\t<div class=\"ux-menu-link flex menu-item label-sale\">\n\t\t<a class=\"ux-menu-link__link flex\" href=\"https:\/\/imrovietnam.com\/en\/product-category\/smt-spare-parts\/\"  >\n\t\t\t<i class=\"ux-menu-link__icon text-center icon-angle-down\" ><\/i>\t\t\t<span class=\"ux-menu-link__text\">\n\t\t\t\tPH\u1ee4 T\u00d9NG M\u00c1Y SMT\t\t\t<\/span>\n\t\t<\/a>\n\t<\/div>\n\t\n\t<div class=\"ux-menu-link flex menu-item label-sale\">\n\t\t<a class=\"ux-menu-link__link flex\" href=\"https:\/\/imrovietnam.com\/en\/product-category\/smt-consumable\/\"  >\n\t\t\t<i class=\"ux-menu-link__icon text-center icon-angle-down\" ><\/i>\t\t\t<span class=\"ux-menu-link__text\">\n\t\t\t\tV\u1eacT T\u01af TI\u00caU HAO SMT\t\t\t<\/span>\n\t\t<\/a>\n\t<\/div>\n\t\n\t<div class=\"ux-menu-link flex menu-item label-sale\">\n\t\t<a class=\"ux-menu-link__link flex\" href=\"https:\/\/imrovietnam.com\/en\/product-category\/smt-feeder-placing-head\/\"  >\n\t\t\t<i class=\"ux-menu-link__icon text-center icon-angle-down\" ><\/i>\t\t\t<span class=\"ux-menu-link__text\">\n\t\t\t\tSMT FEEDER\/PLACING HEAD\t\t\t<\/span>\n\t\t<\/a>\n\t<\/div>\n\t\n\t<div class=\"ux-menu-link flex menu-item label-popular\">\n\t\t<a class=\"ux-menu-link__link flex\" href=\"https:\/\/imrovietnam.com\/en\/product-category\/tools-dung-cu-may-moc-cam-tay\/\"  >\n\t\t\t<i class=\"ux-menu-link__icon text-center icon-angle-down\" ><\/i>\t\t\t<span class=\"ux-menu-link__text\">\n\t\t\t\tTOOLS\/ D\u1ee4NG C\u1ee4 M\u00c1Y M\u00d3C C\u1ea6M TAY\t\t\t<\/span>\n\t\t<\/a>\n\t<\/div>\n\t\n\t<div class=\"ux-menu-link flex menu-item label-hot\">\n\t\t<a class=\"ux-menu-link__link flex\" href=\"https:\/\/imrovietnam.com\/en\/product-category\/vat-tu-co-khi-gia-cong-co-khi-chinh-xac\/\"  >\n\t\t\t<i class=\"ux-menu-link__icon text-center icon-angle-down\" ><\/i>\t\t\t<span class=\"ux-menu-link__text\">\n\t\t\t\tV\u1eacT T\u01af C\u01a0 KH\u00cd\/ GIA C\u00d4NG C\u01a0 KH\u00cd CH\u00cdNH X\u00c1C\t\t\t<\/span>\n\t\t<\/a>\n\t<\/div>\n\t\n\t<div class=\"ux-menu-link flex menu-item label-hot\">\n\t\t<a class=\"ux-menu-link__link flex\" href=\"https:\/\/imrovietnam.com\/en\/product-category\/thiet-bi-dien-tu-dong-hoa\/\"  >\n\t\t\t<i class=\"ux-menu-link__icon text-center icon-angle-down\" ><\/i>\t\t\t<span class=\"ux-menu-link__text\">\n\t\t\t\tTHI\u1ebeT B\u1eca \u0110I\u1ec6N\/ T\u1ef0 \u0110\u1ed8NG H\u00d3A\t\t\t<\/span>\n\t\t<\/a>\n\t<\/div>\n\t\n\t<div class=\"ux-menu-link flex menu-item label-sale\">\n\t\t<a class=\"ux-menu-link__link flex\" href=\"https:\/\/imrovietnam.com\/en\/product-category\/thiet-bi-thuy-luc-khi-nen\/\"  >\n\t\t\t<i class=\"ux-menu-link__icon text-center icon-angle-down\" ><\/i>\t\t\t<span class=\"ux-menu-link__text\">\n\t\t\t\tTHI\u1ebeT B\u1eca TH\u1ee6Y L\u1ef0C\/ KH\u00cd N\u00c9N\t\t\t<\/span>\n\t\t<\/a>\n\t<\/div>\n\t\n\t<div class=\"ux-menu-link flex menu-item label-new\">\n\t\t<a class=\"ux-menu-link__link flex\" href=\"https:\/\/imrovietnam.com\/en\/product-category\/uncategorized\/\"  >\n\t\t\t<i class=\"ux-menu-link__icon text-center icon-angle-down\" ><\/i>\t\t\t<span class=\"ux-menu-link__text\">\n\t\t\t\tS\u1ea2N PH\u1ea8M KH\u00c1C\t\t\t<\/span>\n\t\t<\/a>\n\t<\/div>\n\t\n\t<\/div>\n\t\n","protected":false},"excerpt":{"rendered":"","protected":false},"author":1,"featured_media":0,"parent":0,"menu_order":0,"comment_status":"closed","ping_status":"closed","template":"","meta":{"footnotes":""},"class_list":["post-1187","page","type-page","status-publish","hentry"],"yoast_head":"<!-- This site is optimized with the Yoast SEO Premium plugin v25.0 (Yoast SEO v25.2) - https:\/\/yoast.com\/wordpress\/plugins\/seo\/ -->\n<title>S\u1ea2N PH\u1ea8M - IMRO Vietnam<\/title>\n<meta name=\"robots\" content=\"index, follow, max-snippet:-1, max-image-preview:large, max-video-preview:-1\" \/>\n<link rel=\"canonical\" href=\"https:\/\/imrovietnam.com\/en\/san-pham\/\" \/>\n<meta property=\"og:locale\" content=\"en_US\" \/>\n<meta property=\"og:type\" content=\"article\" \/>\n<meta property=\"og:title\" content=\"S\u1ea2N PH\u1ea8M\" \/>\n<meta property=\"og:url\" content=\"https:\/\/imrovietnam.com\/en\/san-pham\/\" \/>\n<meta property=\"og:site_name\" content=\"IMRO Vietnam\" \/>\n<meta property=\"article:modified_time\" content=\"2021-08-17T08:30:48+00:00\" \/>\n<meta name=\"twitter:card\" content=\"summary_large_image\" \/>\n<meta name=\"twitter:label1\" content=\"Est. reading time\" \/>\n\t<meta name=\"twitter:data1\" content=\"1 minute\" \/>\n<script type=\"application\/ld+json\" class=\"yoast-schema-graph\">{\"@context\":\"https:\/\/schema.org\",\"@graph\":[{\"@type\":\"WebPage\",\"@id\":\"https:\/\/imrovietnam.com\/en\/san-pham\/\",\"url\":\"https:\/\/imrovietnam.com\/en\/san-pham\/\",\"name\":\"S\u1ea2N PH\u1ea8M - IMRO Vietnam\",\"isPartOf\":{\"@id\":\"https:\/\/imrovietnam.com\/en\/#website\"},\"datePublished\":\"2021-07-03T16:43:29+00:00\",\"dateModified\":\"2021-08-17T08:30:48+00:00\",\"breadcrumb\":{\"@id\":\"https:\/\/imrovietnam.com\/en\/san-pham\/#breadcrumb\"},\"inLanguage\":\"en-US\",\"potentialAction\":[{\"@type\":\"ReadAction\",\"target\":[\"https:\/\/imrovietnam.com\/en\/san-pham\/\"]}]},{\"@type\":\"BreadcrumbList\",\"@id\":\"https:\/\/imrovietnam.com\/en\/san-pham\/#breadcrumb\",\"itemListElement\":[{\"@type\":\"ListItem\",\"position\":1,\"name\":\"Home\",\"item\":\"https:\/\/imrovietnam.com\/en\/\"},{\"@type\":\"ListItem\",\"position\":2,\"name\":\"S\u1ea2N PH\u1ea8M\"}]},{\"@type\":\"WebSite\",\"@id\":\"https:\/\/imrovietnam.com\/en\/#website\",\"url\":\"https:\/\/imrovietnam.com\/en\/\",\"name\":\"IMRO Vietnam\",\"description\":\"Your consumables and spare parts store\",\"potentialAction\":[{\"@type\":\"SearchAction\",\"target\":{\"@type\":\"EntryPoint\",\"urlTemplate\":\"https:\/\/imrovietnam.com\/en\/?s={search_term_string}\"},\"query-input\":{\"@type\":\"PropertyValueSpecification\",\"valueRequired\":true,\"valueName\":\"search_term_string\"}}],\"inLanguage\":\"en-US\"}]}<\/script>\n<!-- \/ Yoast SEO Premium plugin. -->","yoast_head_json":{"title":"S\u1ea2N PH\u1ea8M - IMRO Vietnam","robots":{"index":"index","follow":"follow","max-snippet":"max-snippet:-1","max-image-preview":"max-image-preview:large","max-video-preview":"max-video-preview:-1"},"canonical":"https:\/\/imrovietnam.com\/en\/san-pham\/","og_locale":"en_US","og_type":"article","og_title":"S\u1ea2N PH\u1ea8M","og_url":"https:\/\/imrovietnam.com\/en\/san-pham\/","og_site_name":"IMRO Vietnam","article_modified_time":"2021-08-17T08:30:48+00:00","twitter_card":"summary_large_image","twitter_misc":{"Est. reading time":"1 minute"},"schema":{"@context":"https:\/\/schema.org","@graph":[{"@type":"WebPage","@id":"https:\/\/imrovietnam.com\/en\/san-pham\/","url":"https:\/\/imrovietnam.com\/en\/san-pham\/","name":"S\u1ea2N PH\u1ea8M - IMRO Vietnam","isPartOf":{"@id":"https:\/\/imrovietnam.com\/en\/#website"},"datePublished":"2021-07-03T16:43:29+00:00","dateModified":"2021-08-17T08:30:48+00:00","breadcrumb":{"@id":"https:\/\/imrovietnam.com\/en\/san-pham\/#breadcrumb"},"inLanguage":"en-US","potentialAction":[{"@type":"ReadAction","target":["https:\/\/imrovietnam.com\/en\/san-pham\/"]}]},{"@type":"BreadcrumbList","@id":"https:\/\/imrovietnam.com\/en\/san-pham\/#breadcrumb","itemListElement":[{"@type":"ListItem","position":1,"name":"Home","item":"https:\/\/imrovietnam.com\/en\/"},{"@type":"ListItem","position":2,"name":"S\u1ea2N PH\u1ea8M"}]},{"@type":"WebSite","@id":"https:\/\/imrovietnam.com\/en\/#website","url":"https:\/\/imrovietnam.com\/en\/","name":"IMRO Vietnam","description":"Your consumables and spare parts store","potentialAction":[{"@type":"SearchAction","target":{"@type":"EntryPoint","urlTemplate":"https:\/\/imrovietnam.com\/en\/?s={search_term_string}"},"query-input":{"@type":"PropertyValueSpecification","valueRequired":true,"valueName":"search_term_string"}}],"inLanguage":"en-US"}]}},"_links":{"self":[{"href":"https:\/\/imrovietnam.com\/en\/wp-json\/wp\/v2\/pages\/1187","targetHints":{"allow":["GET"]}}],"collection":[{"href":"https:\/\/imrovietnam.com\/en\/wp-json\/wp\/v2\/pages"}],"about":[{"href":"https:\/\/imrovietnam.com\/en\/wp-json\/wp\/v2\/types\/page"}],"author":[{"embeddable":true,"href":"https:\/\/imrovietnam.com\/en\/wp-json\/wp\/v2\/users\/1"}],"replies":[{"embeddable":true,"href":"https:\/\/imrovietnam.com\/en\/wp-json\/wp\/v2\/comments?post=1187"}],"version-history":[{"count":13,"href":"https:\/\/imrovietnam.com\/en\/wp-json\/wp\/v2\/pages\/1187\/revisions"}],"predecessor-version":[{"id":2096,"href":"https:\/\/imrovietnam.com\/en\/wp-json\/wp\/v2\/pages\/1187\/revisions\/2096"}],"wp:attachment":[{"href":"https:\/\/imrovietnam.com\/en\/wp-json\/wp\/v2\/media?parent=1187"}],"curies":[{"name":"wp","href":"https:\/\/api.w.org\/{rel}","templated":true}]}}