{"id":1035,"date":"2020-12-23T16:33:25","date_gmt":"2020-12-23T09:33:25","guid":{"rendered":"https:\/\/imrovietnam.com\/?page_id=1035"},"modified":"2021-07-03T23:43:03","modified_gmt":"2021-07-03T16:43:03","slug":"products","status":"publish","type":"page","link":"https:\/\/imrovietnam.com\/en\/products\/","title":{"rendered":"PRODUCTS"},"content":{"rendered":"<h3>1.Trading production consumable and machine spare parts, tools for production industry companies ( electronic, mechanic,SMT\u2026.). <i>(<\/i> <i>Cung<\/i> <i>c\u1ea5p<\/i> <i>v\u1eadt<\/i><i> t<\/i><i>\u01b0<\/i><i> \/ <\/i><i>nguy\u00ean<\/i> <i>ph\u1ee5<\/i> <i>li\u1ec7u<\/i><i>, <\/i><i>d\u1ee5ng<\/i> <i>c\u1ee5<\/i> <i>thi\u1ebft<\/i> <i>b\u1ecb<\/i> <i>ph\u1ee5<\/i> <i>tr\u1ee3<\/i> <i>cho<\/i> <i>c\u00e1c<\/i> <i>ng\u00e0nh<\/i> <i>c\u00f4ng<\/i> <i>nghi\u1ec7p<\/i> <i>s\u1ea3n<\/i> <i>xu\u1ea5t<\/i><i> ( <\/i><i>\u0110i\u1ec7n<\/i> <i>t\u1eed<\/i><i>, <\/i><i>c\u01a1<\/i> <i>kh\u00ed<\/i><i>, SMT\u2026.))<\/i><\/h3>\n<h3><i>&nbsp; &nbsp; &nbsp; &nbsp; &nbsp; &nbsp; &nbsp; &nbsp; &nbsp; &nbsp; &nbsp; &nbsp; &nbsp; &nbsp; &nbsp; &nbsp; &nbsp; &nbsp; &nbsp; &nbsp; &nbsp; &nbsp; &nbsp; &nbsp; &nbsp; &nbsp; &nbsp; &nbsp; <a href=\"https:\/\/imrovietnam.com\/wp-content\/uploads\/2020\/12\/Screw-bits.png\"><img loading=\"lazy\" decoding=\"async\" class=\"alignnone  wp-image-860\" src=\"https:\/\/imrovietnam.com\/wp-content\/uploads\/2020\/12\/Screw-bits-300x276.png\" alt=\"\" width=\"166\" height=\"153\" srcset=\"https:\/\/imrovietnam.com\/wp-content\/uploads\/2020\/12\/Screw-bits-300x276.png 300w, https:\/\/imrovietnam.com\/wp-content\/uploads\/2020\/12\/Screw-bits-510x469.png 510w, https:\/\/imrovietnam.com\/wp-content\/uploads\/2020\/12\/Screw-bits.png 517w\" sizes=\"auto, (max-width: 166px) 100vw, 166px\" \/><\/a><a href=\"https:\/\/imrovietnam.com\/wp-content\/uploads\/2020\/12\/Panasonic-Nozzle-e1608613607393.png\"><img loading=\"lazy\" decoding=\"async\" class=\"alignnone  wp-image-921\" src=\"https:\/\/imrovietnam.com\/wp-content\/uploads\/2020\/12\/Panasonic-Nozzle-e1608613607393.png\" alt=\"\" width=\"187\" height=\"150\"><\/a><\/i><\/h3>\n<h3>2.Distribution of automation parts, pneumatic component and liner motions<\/h3>\n<h3><i>(<\/i><i>Kinh<\/i> <i>doanh<\/i><i>, <\/i><i>ph\u00e2n<\/i> <i>ph\u1ed1i<\/i> <i>s\u1ea3n<\/i> <i>ph\u1ea9m<\/i> <i>t\u1ef1<\/i> <i>\u0111\u1ed9ng<\/i> <i>h\u00f3a<\/i><i>, <\/i><i>thi\u1ebft<\/i> <i>b\u1ecb<\/i> <i>kh\u00ed<\/i> <i>n\u00e9n<\/i> <i>th\u1ee7y<\/i> <i>l\u1ef1c<\/i><i>, <\/i><i>v\u00f2ng<\/i><i> bi ray <\/i><i>tr<\/i><i>\u01b0<\/i><i>\u1ee3t<\/i><i>).&nbsp; &nbsp; &nbsp; &nbsp; &nbsp; &nbsp; &nbsp; &nbsp; &nbsp; &nbsp; &nbsp; &nbsp; &nbsp; &nbsp; &nbsp; &nbsp; &nbsp; &nbsp; &nbsp; &nbsp; &nbsp; &nbsp; &nbsp; &nbsp; &nbsp; &nbsp; &nbsp; &nbsp; &nbsp; &nbsp; <\/i><i><a href=\"https:\/\/imrovietnam.com\/wp-content\/uploads\/2020\/12\/Brand.png\"><img loading=\"lazy\" decoding=\"async\" class=\"alignnone size-medium wp-image-1036\" src=\"https:\/\/imrovietnam.com\/wp-content\/uploads\/2020\/12\/Brand-300x81.png\" alt=\"\" width=\"300\" height=\"81\" srcset=\"https:\/\/imrovietnam.com\/wp-content\/uploads\/2020\/12\/Brand-300x81.png 300w, https:\/\/imrovietnam.com\/wp-content\/uploads\/2020\/12\/Brand-510x137.png 510w, https:\/\/imrovietnam.com\/wp-content\/uploads\/2020\/12\/Brand-768x206.png 768w, https:\/\/imrovietnam.com\/wp-content\/uploads\/2020\/12\/Brand.png 919w\" sizes=\"auto, (max-width: 300px) 100vw, 300px\" \/><\/a><a href=\"https:\/\/imrovietnam.com\/wp-content\/uploads\/2017\/12\/Types-of-Bearings.jpg\"><img loading=\"lazy\" decoding=\"async\" class=\"alignnone  wp-image-514\" src=\"https:\/\/imrovietnam.com\/wp-content\/uploads\/2017\/12\/Types-of-Bearings-300x279.jpg\" alt=\"\" width=\"78\" height=\"72\" srcset=\"https:\/\/imrovietnam.com\/wp-content\/uploads\/2017\/12\/Types-of-Bearings-300x279.jpg 300w, https:\/\/imrovietnam.com\/wp-content\/uploads\/2017\/12\/Types-of-Bearings-510x474.jpg 510w, https:\/\/imrovietnam.com\/wp-content\/uploads\/2017\/12\/Types-of-Bearings.jpg 550w\" sizes=\"auto, (max-width: 78px) 100vw, 78px\" \/><\/a><\/i><\/h3>\n<h3>3.Machinery as customer requirements: spindle, clamper or trolley (T\u01b0 v\u1ea5n thi\u1ebft k\u1ebf ch\u1ebf t\u1ea1o \u0111\u1ed3 g\u00e1, b\u0103ng t\u1ea3i, xe \u0111\u1ea9y v\u00e0 gia c\u00f4ng c\u01a1 kh\u00ed ch\u00ednh x\u00e1c)&nbsp; &nbsp; &nbsp;<\/h3>\n<h3>&nbsp; &nbsp; &nbsp; &nbsp; &nbsp; &nbsp; &nbsp; &nbsp; &nbsp; &nbsp; &nbsp; &nbsp; &nbsp; &nbsp; &nbsp; &nbsp; &nbsp; &nbsp; &nbsp; &nbsp; <a href=\"https:\/\/imrovietnam.com\/wp-content\/uploads\/2020\/12\/san-pham-co-khi.png\"><img loading=\"lazy\" decoding=\"async\" class=\"alignnone  wp-image-875\" src=\"https:\/\/imrovietnam.com\/wp-content\/uploads\/2020\/12\/san-pham-co-khi-300x189.png\" alt=\"\" width=\"206\" height=\"130\" srcset=\"https:\/\/imrovietnam.com\/wp-content\/uploads\/2020\/12\/san-pham-co-khi-300x189.png 300w, https:\/\/imrovietnam.com\/wp-content\/uploads\/2020\/12\/san-pham-co-khi-510x321.png 510w, https:\/\/imrovietnam.com\/wp-content\/uploads\/2020\/12\/san-pham-co-khi-768x483.png 768w, https:\/\/imrovietnam.com\/wp-content\/uploads\/2020\/12\/san-pham-co-khi.png 779w\" sizes=\"auto, (max-width: 206px) 100vw, 206px\" \/><\/a><a href=\"https:\/\/imrovietnam.com\/wp-content\/uploads\/2020\/12\/Gia-cong.png\"><img loading=\"lazy\" decoding=\"async\" class=\"alignnone  wp-image-1047\" src=\"https:\/\/imrovietnam.com\/wp-content\/uploads\/2020\/12\/Gia-cong-300x145.png\" alt=\"\" width=\"267\" height=\"129\" srcset=\"https:\/\/imrovietnam.com\/wp-content\/uploads\/2020\/12\/Gia-cong-300x145.png 300w, https:\/\/imrovietnam.com\/wp-content\/uploads\/2020\/12\/Gia-cong.png 503w\" sizes=\"auto, (max-width: 267px) 100vw, 267px\" \/><\/a><\/h3><p><\/p>","protected":false},"excerpt":{"rendered":"<p>1.Trading production consumable and machine spare parts, tools for production industry companies ( electronic, mechanic,SMT\u2026.). ( Cung c\u1ea5p v\u1eadt t\u01b0 \/ nguy\u00ean ph\u1ee5 li\u1ec7u, d\u1ee5ng c\u1ee5 thi\u1ebft b\u1ecb ph\u1ee5 tr\u1ee3 cho c\u00e1c ng\u00e0nh c\u00f4ng nghi\u1ec7p s\u1ea3n xu\u1ea5t ( \u0110i\u1ec7n t\u1eed, c\u01a1 kh\u00ed, SMT\u2026.)) &nbsp; &nbsp; &nbsp; &nbsp; &nbsp; &nbsp; &nbsp; &nbsp; &nbsp; &nbsp; &nbsp; &nbsp; [&#8230;]\n","protected":false},"author":1,"featured_media":0,"parent":0,"menu_order":0,"comment_status":"closed","ping_status":"closed","template":"","meta":{"footnotes":""},"class_list":["post-1035","page","type-page","status-publish","hentry"],"yoast_head":"<!-- This site is optimized with the Yoast SEO Premium plugin v25.0 (Yoast SEO v25.2) - https:\/\/yoast.com\/wordpress\/plugins\/seo\/ -->\n<title>PRODUCTS - IMRO Vietnam<\/title>\n<meta name=\"robots\" content=\"index, follow, max-snippet:-1, max-image-preview:large, max-video-preview:-1\" \/>\n<link rel=\"canonical\" href=\"https:\/\/imrovietnam.com\/products\/\" \/>\n<meta property=\"og:locale\" content=\"en_US\" \/>\n<meta property=\"og:type\" content=\"article\" \/>\n<meta property=\"og:title\" content=\"PRODUCTS\" \/>\n<meta property=\"og:description\" content=\"1.Trading production consumable and machine spare parts, tools for production industry companies ( electronic, mechanic,SMT\u2026.). ( Cung c\u1ea5p v\u1eadt t\u01b0 \/ nguy\u00ean ph\u1ee5 li\u1ec7u, d\u1ee5ng c\u1ee5 thi\u1ebft b\u1ecb ph\u1ee5 tr\u1ee3 cho c\u00e1c ng\u00e0nh c\u00f4ng nghi\u1ec7p s\u1ea3n xu\u1ea5t ( \u0110i\u1ec7n t\u1eed, c\u01a1 kh\u00ed, SMT\u2026.)) &nbsp; &nbsp; &nbsp; &nbsp; &nbsp; &nbsp; &nbsp; &nbsp; &nbsp; &nbsp; &nbsp; &nbsp; [...]\" \/>\n<meta property=\"og:url\" content=\"https:\/\/imrovietnam.com\/products\/\" \/>\n<meta property=\"og:site_name\" content=\"IMRO Vietnam\" \/>\n<meta property=\"article:modified_time\" content=\"2021-07-03T16:43:03+00:00\" \/>\n<meta property=\"og:image\" content=\"https:\/\/imrovietnam.com\/wp-content\/uploads\/2020\/12\/Screw-bits-300x276.png\" \/>\n<meta name=\"twitter:card\" content=\"summary_large_image\" \/>\n<meta name=\"twitter:label1\" content=\"Est. reading time\" \/>\n\t<meta name=\"twitter:data1\" content=\"1 minute\" \/>\n<script type=\"application\/ld+json\" class=\"yoast-schema-graph\">{\"@context\":\"https:\/\/schema.org\",\"@graph\":[{\"@type\":\"WebPage\",\"@id\":\"https:\/\/imrovietnam.com\/products\/\",\"url\":\"https:\/\/imrovietnam.com\/products\/\",\"name\":\"PRODUCTS - IMRO Vietnam\",\"isPartOf\":{\"@id\":\"https:\/\/imrovietnam.com\/en\/#website\"},\"primaryImageOfPage\":{\"@id\":\"https:\/\/imrovietnam.com\/products\/#primaryimage\"},\"image\":{\"@id\":\"https:\/\/imrovietnam.com\/products\/#primaryimage\"},\"thumbnailUrl\":\"https:\/\/imrovietnam.com\/wp-content\/uploads\/2020\/12\/Screw-bits-300x276.png\",\"datePublished\":\"2020-12-23T09:33:25+00:00\",\"dateModified\":\"2021-07-03T16:43:03+00:00\",\"breadcrumb\":{\"@id\":\"https:\/\/imrovietnam.com\/products\/#breadcrumb\"},\"inLanguage\":\"en-US\",\"potentialAction\":[{\"@type\":\"ReadAction\",\"target\":[\"https:\/\/imrovietnam.com\/products\/\"]}]},{\"@type\":\"ImageObject\",\"inLanguage\":\"en-US\",\"@id\":\"https:\/\/imrovietnam.com\/products\/#primaryimage\",\"url\":\"https:\/\/imrovietnam.com\/wp-content\/uploads\/2020\/12\/Screw-bits-300x276.png\",\"contentUrl\":\"https:\/\/imrovietnam.com\/wp-content\/uploads\/2020\/12\/Screw-bits-300x276.png\"},{\"@type\":\"BreadcrumbList\",\"@id\":\"https:\/\/imrovietnam.com\/products\/#breadcrumb\",\"itemListElement\":[{\"@type\":\"ListItem\",\"position\":1,\"name\":\"Home\",\"item\":\"https:\/\/imrovietnam.com\/en\/\"},{\"@type\":\"ListItem\",\"position\":2,\"name\":\"PRODUCTS\"}]},{\"@type\":\"WebSite\",\"@id\":\"https:\/\/imrovietnam.com\/en\/#website\",\"url\":\"https:\/\/imrovietnam.com\/en\/\",\"name\":\"IMRO Vietnam\",\"description\":\"Your consumables and spare parts store\",\"potentialAction\":[{\"@type\":\"SearchAction\",\"target\":{\"@type\":\"EntryPoint\",\"urlTemplate\":\"https:\/\/imrovietnam.com\/en\/?s={search_term_string}\"},\"query-input\":{\"@type\":\"PropertyValueSpecification\",\"valueRequired\":true,\"valueName\":\"search_term_string\"}}],\"inLanguage\":\"en-US\"}]}<\/script>\n<!-- \/ Yoast SEO Premium plugin. -->","yoast_head_json":{"title":"PRODUCTS - IMRO Vietnam","robots":{"index":"index","follow":"follow","max-snippet":"max-snippet:-1","max-image-preview":"max-image-preview:large","max-video-preview":"max-video-preview:-1"},"canonical":"https:\/\/imrovietnam.com\/products\/","og_locale":"en_US","og_type":"article","og_title":"PRODUCTS","og_description":"1.Trading production consumable and machine spare parts, tools for production industry companies ( electronic, mechanic,SMT\u2026.). ( Cung c\u1ea5p v\u1eadt t\u01b0 \/ nguy\u00ean ph\u1ee5 li\u1ec7u, d\u1ee5ng c\u1ee5 thi\u1ebft b\u1ecb ph\u1ee5 tr\u1ee3 cho c\u00e1c ng\u00e0nh c\u00f4ng nghi\u1ec7p s\u1ea3n xu\u1ea5t ( \u0110i\u1ec7n t\u1eed, c\u01a1 kh\u00ed, SMT\u2026.)) &nbsp; &nbsp; &nbsp; &nbsp; &nbsp; &nbsp; &nbsp; &nbsp; &nbsp; &nbsp; &nbsp; &nbsp; [...]","og_url":"https:\/\/imrovietnam.com\/products\/","og_site_name":"IMRO Vietnam","article_modified_time":"2021-07-03T16:43:03+00:00","og_image":[{"url":"https:\/\/imrovietnam.com\/wp-content\/uploads\/2020\/12\/Screw-bits-300x276.png","type":"","width":"","height":""}],"twitter_card":"summary_large_image","twitter_misc":{"Est. reading time":"1 minute"},"schema":{"@context":"https:\/\/schema.org","@graph":[{"@type":"WebPage","@id":"https:\/\/imrovietnam.com\/products\/","url":"https:\/\/imrovietnam.com\/products\/","name":"PRODUCTS - IMRO Vietnam","isPartOf":{"@id":"https:\/\/imrovietnam.com\/en\/#website"},"primaryImageOfPage":{"@id":"https:\/\/imrovietnam.com\/products\/#primaryimage"},"image":{"@id":"https:\/\/imrovietnam.com\/products\/#primaryimage"},"thumbnailUrl":"https:\/\/imrovietnam.com\/wp-content\/uploads\/2020\/12\/Screw-bits-300x276.png","datePublished":"2020-12-23T09:33:25+00:00","dateModified":"2021-07-03T16:43:03+00:00","breadcrumb":{"@id":"https:\/\/imrovietnam.com\/products\/#breadcrumb"},"inLanguage":"en-US","potentialAction":[{"@type":"ReadAction","target":["https:\/\/imrovietnam.com\/products\/"]}]},{"@type":"ImageObject","inLanguage":"en-US","@id":"https:\/\/imrovietnam.com\/products\/#primaryimage","url":"https:\/\/imrovietnam.com\/wp-content\/uploads\/2020\/12\/Screw-bits-300x276.png","contentUrl":"https:\/\/imrovietnam.com\/wp-content\/uploads\/2020\/12\/Screw-bits-300x276.png"},{"@type":"BreadcrumbList","@id":"https:\/\/imrovietnam.com\/products\/#breadcrumb","itemListElement":[{"@type":"ListItem","position":1,"name":"Home","item":"https:\/\/imrovietnam.com\/en\/"},{"@type":"ListItem","position":2,"name":"PRODUCTS"}]},{"@type":"WebSite","@id":"https:\/\/imrovietnam.com\/en\/#website","url":"https:\/\/imrovietnam.com\/en\/","name":"IMRO Vietnam","description":"Your consumables and spare parts store","potentialAction":[{"@type":"SearchAction","target":{"@type":"EntryPoint","urlTemplate":"https:\/\/imrovietnam.com\/en\/?s={search_term_string}"},"query-input":{"@type":"PropertyValueSpecification","valueRequired":true,"valueName":"search_term_string"}}],"inLanguage":"en-US"}]}},"_links":{"self":[{"href":"https:\/\/imrovietnam.com\/en\/wp-json\/wp\/v2\/pages\/1035","targetHints":{"allow":["GET"]}}],"collection":[{"href":"https:\/\/imrovietnam.com\/en\/wp-json\/wp\/v2\/pages"}],"about":[{"href":"https:\/\/imrovietnam.com\/en\/wp-json\/wp\/v2\/types\/page"}],"author":[{"embeddable":true,"href":"https:\/\/imrovietnam.com\/en\/wp-json\/wp\/v2\/users\/1"}],"replies":[{"embeddable":true,"href":"https:\/\/imrovietnam.com\/en\/wp-json\/wp\/v2\/comments?post=1035"}],"version-history":[{"count":26,"href":"https:\/\/imrovietnam.com\/en\/wp-json\/wp\/v2\/pages\/1035\/revisions"}],"predecessor-version":[{"id":1186,"href":"https:\/\/imrovietnam.com\/en\/wp-json\/wp\/v2\/pages\/1035\/revisions\/1186"}],"wp:attachment":[{"href":"https:\/\/imrovietnam.com\/en\/wp-json\/wp\/v2\/media?parent=1035"}],"curies":[{"name":"wp","href":"https:\/\/api.w.org\/{rel}","templated":true}]}}