{"id":996,"date":"2020-12-23T13:34:47","date_gmt":"2020-12-23T06:34:47","guid":{"rendered":"https:\/\/imrovietnam.com\/?page_id=996"},"modified":"2021-07-04T17:54:44","modified_gmt":"2021-07-04T10:54:44","slug":"about-us","status":"publish","type":"page","link":"https:\/\/imrovietnam.com\/en\/about-us\/","title":{"rendered":"V\u1ec1 Ch\u00fang T\u00f4i"},"content":{"rendered":"<p>IMRO built on a team of managers with many years of experience, deeply trained from domestic and international organizations will be the premise for iMRO&#8217;s strength. In its development strategy, iMRO company always listens to understand and pays special attention to the issue of building, creating and strengthening the staff of staff, engineers operating the business. Besides, with a network linked with OEMs from Japan, China and Europe, the US, our products are always guaranteed of quality as well as origin.<\/p>\n<p>Our MISSION is to always deliver more, whether it&#8217;s spare parts, service or speed.<\/p>\n<p>OUR MISSION IS TO ALWAYS DELIVER MORE, WHETHER IT\u2019S PARTS, SERVICE OR SPEED.<\/p>\n<p><a href=\"https:\/\/imrovietnam.com\/wp-content\/uploads\/2020\/12\/Thay-lop-xe-1.jpg\"><img loading=\"lazy\" decoding=\"async\" class=\"alignnone  wp-image-999\" src=\"https:\/\/imrovietnam.com\/wp-content\/uploads\/2020\/12\/Thay-lop-xe-1-300x181.jpg\" alt=\"\" width=\"330\" height=\"199\" srcset=\"https:\/\/imrovietnam.com\/wp-content\/uploads\/2020\/12\/Thay-lop-xe-1-300x181.jpg 300w, https:\/\/imrovietnam.com\/wp-content\/uploads\/2020\/12\/Thay-lop-xe-1-510x308.jpg 510w, https:\/\/imrovietnam.com\/wp-content\/uploads\/2020\/12\/Thay-lop-xe-1-768x464.jpg 768w, https:\/\/imrovietnam.com\/wp-content\/uploads\/2020\/12\/Thay-lop-xe-1.jpg 960w\" sizes=\"auto, (max-width: 330px) 100vw, 330px\" \/><\/a><\/p>\n<p><i>(<\/i><i>iMRO<\/i> <i>\u0111\u01b0\u01a1c<\/i> <i>x\u00e2y<\/i> <i>d\u1ef1ng<\/i> <i>t\u1eeb<\/i> <i>\u0111\u1ed9i<\/i> <i>ng\u0169<\/i> <i>c\u00e1n<\/i> <i>b\u1ed9<\/i> <i>qu\u1ea3n<\/i> <i>l\u00fd<\/i> <i>nhi\u1ec1u<\/i> <i>n\u0103m<\/i> <i>kinh<\/i> <i>nghi\u1ec7m<\/i><i> \u0111<\/i><i>\u01b0<\/i><i>\u1ee3c<\/i> <i>\u0111\u00e0o<\/i> <i>t\u1ea1o<\/i> <i>chuy\u00ean<\/i> <i>s\u00e2u<\/i> <i>t\u1eeb<\/i> <i>c\u00e1c<\/i> <i>t\u1ed5<\/i> <i>ch\u1ee9c<\/i> <i>trong<\/i> <i>n\u01b0\u1edbc<\/i> <i>v\u00e0<\/i> <i>qu\u1ed1c<\/i> <i>t\u1ebf<\/i> <i>s\u1ebd<\/i> <i>l\u00e0<\/i> <i>ti\u1ec1n<\/i> <i>\u0111\u1ec1<\/i> <i>t\u1ea1o<\/i> <i>s\u1ee9c<\/i> <i>m\u1ea1nh<\/i> <i>c\u1ee7a<\/i> <i>iMRO<\/i><i>. <\/i><i>Trong<\/i> <i>chi\u1ebfn<\/i><i> l<\/i><i>\u01b0<\/i><i>\u1ee3c<\/i> <i>ph\u00e1t<\/i> <i>tri\u1ec3n<\/i> <i>c\u1ee7a<\/i> <i>m\u00ecnh<\/i><i>, <\/i><i>c\u00f4ng<\/i><i> ty <\/i><i>iMRO<\/i> <i>lu\u00f4n<\/i> <i>l\u1eafng<\/i> <i>nghe<\/i> <i>\u0111\u1ec3<\/i> <i>th\u1ea5u<\/i> <i>hi\u1ec3u<\/i> <i>v\u00e0<\/i><i> \u0111<\/i><i>\u01b0<\/i><i>\u1ee3c<\/i> <i>bi\u1ec7t<\/i> <i>ch\u00fa<\/i> <i>tr\u1ecdng<\/i> <i>\u0111\u1ebfn<\/i> <i>v\u1ea5n<\/i> <i>\u0111\u1ec1<\/i> <i>x\u00e2y<\/i> <i>d\u1ef1ng<\/i><i>, <\/i><i>ki\u1ebfn<\/i> <i>t\u1ea1o<\/i> <i>v\u00e0<\/i> <i>c\u1ee7ng<\/i> <i>c\u1ed1<\/i> <i>\u0111\u1ed9i<\/i> <i>ng\u0169<\/i> <i>c\u00e1n<\/i> <i>b\u1ed9<\/i><i>, <\/i><i>k\u1ef9<\/i> <i>s\u01b0<\/i> <i>\u0111i\u1ec1u<\/i> <i>h\u00e0nh<\/i> <i>doanh<\/i> <i>nghi\u1ec7p<\/i><i>.<\/i><\/p>\n<p><i>B\u00ean<\/i> <i>c\u1ea1nh<\/i> <i>\u0111\u00f3<\/i><i>, <\/i><i>v\u1edbi<\/i> <i>m\u1ea1ng<\/i><i> l<\/i><i>\u01b0<\/i><i>\u1edbi<\/i> <i>li\u00ean<\/i> <i>k\u1ebft<\/i> <i>v\u1edbi<\/i> <i>c\u00e1c<\/i><i> OEM <\/i><i>\u0111\u1ebfn<\/i> <i>t\u1eeb<\/i> <i>Nh\u1eadt<\/i> <i>B\u1ea3n<\/i><i>, <\/i><i>Trung<\/i> <i>Qu\u1ed1c<\/i> <i>v\u00e0<\/i> <i>Ch\u00e2u<\/i> <i>\u00c2u<\/i><i>, <\/i><i>M\u1ef9<\/i> <i>c\u00e1c<\/i> <i>s\u1ea3n<\/i> <i>ph\u1ea9m<\/i> <i>c\u1ee7a<\/i> <i>ch\u00fang<\/i> <i>t\u00f4i<\/i> <i>lu\u00f4n<\/i><i> \u0111<\/i><i>\u01b0<\/i><i>\u1ee3c<\/i> <i>\u0111\u1ea3m<\/i> <i>b\u1ea3o<\/i> <i>v\u1ec1<\/i> <i>ch\u1ea5t<\/i><i> l<\/i><i>\u01b0<\/i><i>\u1ee3ng<\/i> <i>c\u0169ng<\/i> <i>nh<\/i><i>\u01b0<\/i> <i>ngu\u1ed3n<\/i> <i>g\u1ed1c<\/i> <i>xu\u1ea5t<\/i> <i>x\u1ee9<\/i><i>.<\/i><\/p>\n<p><i>S\u1ee8 M\u1ec6NH c\u1ee7a ch\u00fang t\u00f4i l\u00e0 lu\u00f4n mang l\u1ea1i nhi\u1ec1u h\u01a1n n\u1eefa, cho d\u00f9 \u0111\u00f3 l\u00e0 ph\u1ee5 t\u00f9ng, d\u1ecbch v\u1ee5 hay t\u1ed1c \u0111\u1ed9. <\/i><i>)<\/i><\/p>\n","protected":false},"excerpt":{"rendered":"<p>IMRO built on a team of managers with many years of experience, deeply trained from domestic and international organizations will be the premise for iMRO&#8217;s strength. In its development strategy, iMRO company always listens to understand and pays special attention to the issue of building, creating and strengthening the staff of staff, engineers operating the [&#8230;]\n","protected":false},"author":1,"featured_media":0,"parent":0,"menu_order":0,"comment_status":"closed","ping_status":"closed","template":"","meta":{"footnotes":""},"class_list":["post-996","page","type-page","status-publish","hentry"],"yoast_head":"<!-- This site is optimized with the Yoast SEO Premium plugin v25.0 (Yoast SEO v25.2) - https:\/\/yoast.com\/wordpress\/plugins\/seo\/ -->\n<title>V\u1ec1 Ch\u00fang T\u00f4i - IMRO Vietnam<\/title>\n<meta name=\"robots\" content=\"index, follow, max-snippet:-1, max-image-preview:large, max-video-preview:-1\" \/>\n<link rel=\"canonical\" href=\"https:\/\/imrovietnam.com\/about-us\/\" \/>\n<meta property=\"og:locale\" content=\"en_US\" \/>\n<meta property=\"og:type\" content=\"article\" \/>\n<meta property=\"og:title\" content=\"V\u1ec1 Ch\u00fang T\u00f4i\" \/>\n<meta property=\"og:description\" content=\"IMRO built on a team of managers with many years of experience, deeply trained from domestic and international organizations will be the premise for iMRO&#8217;s strength. In its development strategy, iMRO company always listens to understand and pays special attention to the issue of building, creating and strengthening the staff of staff, engineers operating the [...]\" \/>\n<meta property=\"og:url\" content=\"https:\/\/imrovietnam.com\/about-us\/\" \/>\n<meta property=\"og:site_name\" content=\"IMRO Vietnam\" \/>\n<meta property=\"article:modified_time\" content=\"2021-07-04T10:54:44+00:00\" \/>\n<meta property=\"og:image\" content=\"https:\/\/imrovietnam.com\/wp-content\/uploads\/2020\/12\/Thay-lop-xe-1-300x181.jpg\" \/>\n<meta name=\"twitter:card\" content=\"summary_large_image\" \/>\n<meta name=\"twitter:label1\" content=\"Est. reading time\" \/>\n\t<meta name=\"twitter:data1\" content=\"2 minutes\" \/>\n<script type=\"application\/ld+json\" class=\"yoast-schema-graph\">{\"@context\":\"https:\/\/schema.org\",\"@graph\":[{\"@type\":\"WebPage\",\"@id\":\"https:\/\/imrovietnam.com\/about-us\/\",\"url\":\"https:\/\/imrovietnam.com\/about-us\/\",\"name\":\"V\u1ec1 Ch\u00fang T\u00f4i - IMRO Vietnam\",\"isPartOf\":{\"@id\":\"https:\/\/imrovietnam.com\/#website\"},\"primaryImageOfPage\":{\"@id\":\"https:\/\/imrovietnam.com\/about-us\/#primaryimage\"},\"image\":{\"@id\":\"https:\/\/imrovietnam.com\/about-us\/#primaryimage\"},\"thumbnailUrl\":\"https:\/\/imrovietnam.com\/wp-content\/uploads\/2020\/12\/Thay-lop-xe-1-300x181.jpg\",\"datePublished\":\"2020-12-23T06:34:47+00:00\",\"dateModified\":\"2021-07-04T10:54:44+00:00\",\"breadcrumb\":{\"@id\":\"https:\/\/imrovietnam.com\/about-us\/#breadcrumb\"},\"inLanguage\":\"en-US\",\"potentialAction\":[{\"@type\":\"ReadAction\",\"target\":[\"https:\/\/imrovietnam.com\/about-us\/\"]}]},{\"@type\":\"ImageObject\",\"inLanguage\":\"en-US\",\"@id\":\"https:\/\/imrovietnam.com\/about-us\/#primaryimage\",\"url\":\"https:\/\/imrovietnam.com\/wp-content\/uploads\/2020\/12\/Thay-lop-xe-1-300x181.jpg\",\"contentUrl\":\"https:\/\/imrovietnam.com\/wp-content\/uploads\/2020\/12\/Thay-lop-xe-1-300x181.jpg\"},{\"@type\":\"BreadcrumbList\",\"@id\":\"https:\/\/imrovietnam.com\/about-us\/#breadcrumb\",\"itemListElement\":[{\"@type\":\"ListItem\",\"position\":1,\"name\":\"Home\",\"item\":\"https:\/\/imrovietnam.com\/\"},{\"@type\":\"ListItem\",\"position\":2,\"name\":\"V\u1ec1 Ch\u00fang T\u00f4i\"}]},{\"@type\":\"WebSite\",\"@id\":\"https:\/\/imrovietnam.com\/#website\",\"url\":\"https:\/\/imrovietnam.com\/\",\"name\":\"IMRO Vietnam\",\"description\":\"Your consumables and spare parts store\",\"potentialAction\":[{\"@type\":\"SearchAction\",\"target\":{\"@type\":\"EntryPoint\",\"urlTemplate\":\"https:\/\/imrovietnam.com\/?s={search_term_string}\"},\"query-input\":{\"@type\":\"PropertyValueSpecification\",\"valueRequired\":true,\"valueName\":\"search_term_string\"}}],\"inLanguage\":\"en-US\"}]}<\/script>\n<!-- \/ Yoast SEO Premium plugin. -->","yoast_head_json":{"title":"V\u1ec1 Ch\u00fang T\u00f4i - IMRO Vietnam","robots":{"index":"index","follow":"follow","max-snippet":"max-snippet:-1","max-image-preview":"max-image-preview:large","max-video-preview":"max-video-preview:-1"},"canonical":"https:\/\/imrovietnam.com\/about-us\/","og_locale":"en_US","og_type":"article","og_title":"V\u1ec1 Ch\u00fang T\u00f4i","og_description":"IMRO built on a team of managers with many years of experience, deeply trained from domestic and international organizations will be the premise for iMRO&#8217;s strength. In its development strategy, iMRO company always listens to understand and pays special attention to the issue of building, creating and strengthening the staff of staff, engineers operating the [...]","og_url":"https:\/\/imrovietnam.com\/about-us\/","og_site_name":"IMRO Vietnam","article_modified_time":"2021-07-04T10:54:44+00:00","og_image":[{"url":"https:\/\/imrovietnam.com\/wp-content\/uploads\/2020\/12\/Thay-lop-xe-1-300x181.jpg","type":"","width":"","height":""}],"twitter_card":"summary_large_image","twitter_misc":{"Est. reading time":"2 minutes"},"schema":{"@context":"https:\/\/schema.org","@graph":[{"@type":"WebPage","@id":"https:\/\/imrovietnam.com\/about-us\/","url":"https:\/\/imrovietnam.com\/about-us\/","name":"V\u1ec1 Ch\u00fang T\u00f4i - IMRO Vietnam","isPartOf":{"@id":"https:\/\/imrovietnam.com\/#website"},"primaryImageOfPage":{"@id":"https:\/\/imrovietnam.com\/about-us\/#primaryimage"},"image":{"@id":"https:\/\/imrovietnam.com\/about-us\/#primaryimage"},"thumbnailUrl":"https:\/\/imrovietnam.com\/wp-content\/uploads\/2020\/12\/Thay-lop-xe-1-300x181.jpg","datePublished":"2020-12-23T06:34:47+00:00","dateModified":"2021-07-04T10:54:44+00:00","breadcrumb":{"@id":"https:\/\/imrovietnam.com\/about-us\/#breadcrumb"},"inLanguage":"en-US","potentialAction":[{"@type":"ReadAction","target":["https:\/\/imrovietnam.com\/about-us\/"]}]},{"@type":"ImageObject","inLanguage":"en-US","@id":"https:\/\/imrovietnam.com\/about-us\/#primaryimage","url":"https:\/\/imrovietnam.com\/wp-content\/uploads\/2020\/12\/Thay-lop-xe-1-300x181.jpg","contentUrl":"https:\/\/imrovietnam.com\/wp-content\/uploads\/2020\/12\/Thay-lop-xe-1-300x181.jpg"},{"@type":"BreadcrumbList","@id":"https:\/\/imrovietnam.com\/about-us\/#breadcrumb","itemListElement":[{"@type":"ListItem","position":1,"name":"Home","item":"https:\/\/imrovietnam.com\/"},{"@type":"ListItem","position":2,"name":"V\u1ec1 Ch\u00fang T\u00f4i"}]},{"@type":"WebSite","@id":"https:\/\/imrovietnam.com\/#website","url":"https:\/\/imrovietnam.com\/","name":"IMRO Vietnam","description":"Your consumables and spare parts store","potentialAction":[{"@type":"SearchAction","target":{"@type":"EntryPoint","urlTemplate":"https:\/\/imrovietnam.com\/?s={search_term_string}"},"query-input":{"@type":"PropertyValueSpecification","valueRequired":true,"valueName":"search_term_string"}}],"inLanguage":"en-US"}]}},"_links":{"self":[{"href":"https:\/\/imrovietnam.com\/en\/wp-json\/wp\/v2\/pages\/996","targetHints":{"allow":["GET"]}}],"collection":[{"href":"https:\/\/imrovietnam.com\/en\/wp-json\/wp\/v2\/pages"}],"about":[{"href":"https:\/\/imrovietnam.com\/en\/wp-json\/wp\/v2\/types\/page"}],"author":[{"embeddable":true,"href":"https:\/\/imrovietnam.com\/en\/wp-json\/wp\/v2\/users\/1"}],"replies":[{"embeddable":true,"href":"https:\/\/imrovietnam.com\/en\/wp-json\/wp\/v2\/comments?post=996"}],"version-history":[{"count":4,"href":"https:\/\/imrovietnam.com\/en\/wp-json\/wp\/v2\/pages\/996\/revisions"}],"predecessor-version":[{"id":1665,"href":"https:\/\/imrovietnam.com\/en\/wp-json\/wp\/v2\/pages\/996\/revisions\/1665"}],"wp:attachment":[{"href":"https:\/\/imrovietnam.com\/en\/wp-json\/wp\/v2\/media?parent=996"}],"curies":[{"name":"wp","href":"https:\/\/api.w.org\/{rel}","templated":true}]}}